{"id":18806,"date":"2025-12-02T12:26:40","date_gmt":"2025-12-02T10:26:40","guid":{"rendered":"https:\/\/www.jct-huolto.fi\/kauppa\/?post_type=product&#038;p=18806"},"modified":"2026-04-01T13:50:19","modified_gmt":"2026-04-01T10:50:19","slug":"lenovo-thinkpad-p15-gen1-156-i7","status":"publish","type":"product","link":"https:\/\/www.jct-huolto.fi\/kauppa\/tuote\/lenovo-thinkpad-p15-gen1-156-i7\/","title":{"rendered":"Lenovo ThinkPad P15 Gen1 15,6&#8243; i7\/32Gb\/512Gb Hyv\u00e4kuntoinen"},"content":{"rendered":"<p>Hyv\u00e4kuntoinen ja t\u00e4ydellisesti toimiva tehokas sek\u00e4 kest\u00e4v\u00e4 yritystason kannettava kovaan ajoon. N\u00e4yt\u00f6ss\u00e4 kosmeettinen naarmu, katso kuva<br \/>\n<a href=\"https:\/\/www.jct-huolto.fi\/kauppa\/kuntoluokitukset\/\" target=\"_blank\" rel=\"noopener noreferrer\"><em>Katso kuntoluokitukset<\/em><\/a><\/p>\n<p>&#8211; Intel Core i7-10875H 8-ydin prosessori.<br \/>\n&#8211; 32Gb DDR4 muisti<br \/>\n&#8211; 512Gb M.2 NVMe SSD<br \/>\n&#8211; Nvidia Quadro T2000-n\u00e4yt\u00f6nohjain.<br \/>\n&#8211; N\u00e4ytt\u00f6 15,6&#8243; FHD 1920&#215;1080 IPS (k\u00e4\u00e4ntyy 180 astetta).<br \/>\n&#8211; Liit\u00e4nn\u00e4t: HDMI, 2x USB,\u00a0 2x USB C 3.2 gen 2 (TH3), 1x USB C 3.2 Gen 1 , RJ45-ethernet, kuulokeliitin, muistikortinlukija<br \/>\n&#8211; Taustavalaistu n\u00e4pp\u00e4imist\u00f6 (Nordic)<br \/>\n&#8211; Sormenj\u00e4ljentunnistin<br \/>\n&#8211; Windows 11 pro FI k\u00e4ytt\u00f6j\u00e4rjestelm\u00e4.<br \/>\n&#8211; Mukana laturi.<br \/>\n&#8211; My\u00f6nn\u00e4mme laitteelle 12kk takuun.<br \/>\n&#8211; Sis. alv<\/p>\n","protected":false},"excerpt":{"rendered":"<p>Hyv\u00e4kuntoinen ja t\u00e4ydellisesti toimiva tehokas sek\u00e4 kest\u00e4v\u00e4 yritystason kannettava kovaan ajoon. N\u00e4yt\u00f6ss\u00e4 kosmeettinen naarmu, katso kuva Katso kuntoluokitukset &#8211; Intel Core i7-10875H 8-ydin prosessori. &#8211; 32Gb DDR4 muisti &#8211; 512Gb M.2 NVMe SSD &#8211; Nvidia Quadro T2000-n\u00e4yt\u00f6nohjain. &#8211; N\u00e4ytt\u00f6 15,6&#8243; FHD 1920&#215;1080 IPS (k\u00e4\u00e4ntyy 180 astetta). &#8211; Liit\u00e4nn\u00e4t: HDMI, 2x USB,\u00a0 2x USB C 3.2 [&hellip;]<\/p>\n","protected":false},"featured_media":16474,"template":"","meta":[],"product_cat":[20,52],"product_tag":[],"yoast_head":"<!-- This site is optimized with the Yoast SEO plugin v21.9.1 - https:\/\/yoast.com\/wordpress\/plugins\/seo\/ -->\n<title>Lenovo ThinkPad P15 Gen1 15,6&quot; i7\/32Gb\/512Gb Hyv\u00e4kuntoinen - JCT-Huolto Kauppa<\/title>\n<meta name=\"robots\" content=\"index, follow, max-snippet:-1, max-image-preview:large, max-video-preview:-1\" \/>\n<link rel=\"canonical\" href=\"https:\/\/www.jct-huolto.fi\/kauppa\/tuote\/lenovo-thinkpad-p15-gen1-156-i7\/\" \/>\n<meta property=\"og:locale\" content=\"fi_FI\" \/>\n<meta property=\"og:type\" content=\"article\" \/>\n<meta property=\"og:title\" content=\"Lenovo ThinkPad P15 Gen1 15,6&quot; i7\/32Gb\/512Gb Hyv\u00e4kuntoinen - JCT-Huolto Kauppa\" \/>\n<meta property=\"og:description\" content=\"Hyv\u00e4kuntoinen ja t\u00e4ydellisesti toimiva tehokas sek\u00e4 kest\u00e4v\u00e4 yritystason kannettava kovaan ajoon. N\u00e4yt\u00f6ss\u00e4 kosmeettinen naarmu, katso kuva Katso kuntoluokitukset &#8211; Intel Core i7-10875H 8-ydin prosessori. &#8211; 32Gb DDR4 muisti &#8211; 512Gb M.2 NVMe SSD &#8211; Nvidia Quadro T2000-n\u00e4yt\u00f6nohjain. &#8211; N\u00e4ytt\u00f6 15,6&#8243; FHD 1920&#215;1080 IPS (k\u00e4\u00e4ntyy 180 astetta). &#8211; Liit\u00e4nn\u00e4t: HDMI, 2x USB,\u00a0 2x USB C 3.2 [&hellip;]\" \/>\n<meta property=\"og:url\" content=\"https:\/\/www.jct-huolto.fi\/kauppa\/tuote\/lenovo-thinkpad-p15-gen1-156-i7\/\" \/>\n<meta property=\"og:site_name\" content=\"JCT-Huolto Kauppa\" \/>\n<meta property=\"article:modified_time\" content=\"2026-04-01T10:50:19+00:00\" \/>\n<meta property=\"og:image\" content=\"https:\/\/www.jct-huolto.fi\/kauppa\/wp-content\/uploads\/2022\/09\/Thinkpad_p15gen1_1-1.jpg\" \/>\n\t<meta property=\"og:image:width\" content=\"500\" \/>\n\t<meta property=\"og:image:height\" content=\"667\" \/>\n\t<meta property=\"og:image:type\" content=\"image\/jpeg\" \/>\n<meta name=\"twitter:card\" content=\"summary_large_image\" \/>\n<meta name=\"twitter:label1\" content=\"Arvioitu lukuaika\" \/>\n\t<meta name=\"twitter:data1\" content=\"1 minuutti\" \/>\n<script type=\"application\/ld+json\" class=\"yoast-schema-graph\">{\"@context\":\"https:\/\/schema.org\",\"@graph\":[{\"@type\":\"WebPage\",\"@id\":\"https:\/\/www.jct-huolto.fi\/kauppa\/tuote\/lenovo-thinkpad-p15-gen1-156-i7\/\",\"url\":\"https:\/\/www.jct-huolto.fi\/kauppa\/tuote\/lenovo-thinkpad-p15-gen1-156-i7\/\",\"name\":\"Lenovo ThinkPad P15 Gen1 15,6\\\" i7\/32Gb\/512Gb Hyv\u00e4kuntoinen - JCT-Huolto Kauppa\",\"isPartOf\":{\"@id\":\"https:\/\/www.jct-huolto.fi\/kauppa\/#website\"},\"datePublished\":\"2025-12-02T10:26:40+00:00\",\"dateModified\":\"2026-04-01T10:50:19+00:00\",\"breadcrumb\":{\"@id\":\"https:\/\/www.jct-huolto.fi\/kauppa\/tuote\/lenovo-thinkpad-p15-gen1-156-i7\/#breadcrumb\"},\"inLanguage\":\"fi\",\"potentialAction\":[{\"@type\":\"ReadAction\",\"target\":[\"https:\/\/www.jct-huolto.fi\/kauppa\/tuote\/lenovo-thinkpad-p15-gen1-156-i7\/\"]}]},{\"@type\":\"BreadcrumbList\",\"@id\":\"https:\/\/www.jct-huolto.fi\/kauppa\/tuote\/lenovo-thinkpad-p15-gen1-156-i7\/#breadcrumb\",\"itemListElement\":[{\"@type\":\"ListItem\",\"position\":1,\"name\":\"Etusivu\",\"item\":\"https:\/\/www.jct-huolto.fi\/kauppa\/\"},{\"@type\":\"ListItem\",\"position\":2,\"name\":\"Kauppa\",\"item\":\"https:\/\/www.jct-huolto.fi\/kauppa\/kauppa\/\"},{\"@type\":\"ListItem\",\"position\":3,\"name\":\"Lenovo ThinkPad P15 Gen1 15,6&#8243; i7\/32Gb\/512Gb Hyv\u00e4kuntoinen\"}]},{\"@type\":\"WebSite\",\"@id\":\"https:\/\/www.jct-huolto.fi\/kauppa\/#website\",\"url\":\"https:\/\/www.jct-huolto.fi\/kauppa\/\",\"name\":\"JCT-Huolto Kauppa\",\"description\":\"K&auml;ytetyt puhelimet ja tietokoneet\",\"publisher\":{\"@id\":\"https:\/\/www.jct-huolto.fi\/kauppa\/#organization\"},\"potentialAction\":[{\"@type\":\"SearchAction\",\"target\":{\"@type\":\"EntryPoint\",\"urlTemplate\":\"https:\/\/www.jct-huolto.fi\/kauppa\/?s={search_term_string}\"},\"query-input\":\"required name=search_term_string\"}],\"inLanguage\":\"fi\"},{\"@type\":\"Organization\",\"@id\":\"https:\/\/www.jct-huolto.fi\/kauppa\/#organization\",\"name\":\"JCT-Huolto Oy\",\"url\":\"https:\/\/www.jct-huolto.fi\/kauppa\/\",\"logo\":{\"@type\":\"ImageObject\",\"inLanguage\":\"fi\",\"@id\":\"https:\/\/www.jct-huolto.fi\/kauppa\/#\/schema\/logo\/image\/\",\"url\":\"https:\/\/www.jct-huolto.fi\/kauppa\/wp-content\/uploads\/2019\/07\/cropped-kauppalogo2-1.jpg\",\"contentUrl\":\"https:\/\/www.jct-huolto.fi\/kauppa\/wp-content\/uploads\/2019\/07\/cropped-kauppalogo2-1.jpg\",\"width\":320,\"height\":112,\"caption\":\"JCT-Huolto Oy\"},\"image\":{\"@id\":\"https:\/\/www.jct-huolto.fi\/kauppa\/#\/schema\/logo\/image\/\"}}]}<\/script>\n<!-- \/ Yoast SEO plugin. -->","yoast_head_json":{"title":"Lenovo ThinkPad P15 Gen1 15,6\" i7\/32Gb\/512Gb Hyv\u00e4kuntoinen - JCT-Huolto Kauppa","robots":{"index":"index","follow":"follow","max-snippet":"max-snippet:-1","max-image-preview":"max-image-preview:large","max-video-preview":"max-video-preview:-1"},"canonical":"https:\/\/www.jct-huolto.fi\/kauppa\/tuote\/lenovo-thinkpad-p15-gen1-156-i7\/","og_locale":"fi_FI","og_type":"article","og_title":"Lenovo ThinkPad P15 Gen1 15,6\" i7\/32Gb\/512Gb Hyv\u00e4kuntoinen - JCT-Huolto Kauppa","og_description":"Hyv\u00e4kuntoinen ja t\u00e4ydellisesti toimiva tehokas sek\u00e4 kest\u00e4v\u00e4 yritystason kannettava kovaan ajoon. N\u00e4yt\u00f6ss\u00e4 kosmeettinen naarmu, katso kuva Katso kuntoluokitukset &#8211; Intel Core i7-10875H 8-ydin prosessori. &#8211; 32Gb DDR4 muisti &#8211; 512Gb M.2 NVMe SSD &#8211; Nvidia Quadro T2000-n\u00e4yt\u00f6nohjain. &#8211; N\u00e4ytt\u00f6 15,6&#8243; FHD 1920&#215;1080 IPS (k\u00e4\u00e4ntyy 180 astetta). &#8211; Liit\u00e4nn\u00e4t: HDMI, 2x USB,\u00a0 2x USB C 3.2 [&hellip;]","og_url":"https:\/\/www.jct-huolto.fi\/kauppa\/tuote\/lenovo-thinkpad-p15-gen1-156-i7\/","og_site_name":"JCT-Huolto Kauppa","article_modified_time":"2026-04-01T10:50:19+00:00","og_image":[{"width":500,"height":667,"url":"https:\/\/www.jct-huolto.fi\/kauppa\/wp-content\/uploads\/2022\/09\/Thinkpad_p15gen1_1-1.jpg","type":"image\/jpeg"}],"twitter_card":"summary_large_image","twitter_misc":{"Arvioitu lukuaika":"1 minuutti"},"schema":{"@context":"https:\/\/schema.org","@graph":[{"@type":"WebPage","@id":"https:\/\/www.jct-huolto.fi\/kauppa\/tuote\/lenovo-thinkpad-p15-gen1-156-i7\/","url":"https:\/\/www.jct-huolto.fi\/kauppa\/tuote\/lenovo-thinkpad-p15-gen1-156-i7\/","name":"Lenovo ThinkPad P15 Gen1 15,6\" i7\/32Gb\/512Gb Hyv\u00e4kuntoinen - JCT-Huolto Kauppa","isPartOf":{"@id":"https:\/\/www.jct-huolto.fi\/kauppa\/#website"},"datePublished":"2025-12-02T10:26:40+00:00","dateModified":"2026-04-01T10:50:19+00:00","breadcrumb":{"@id":"https:\/\/www.jct-huolto.fi\/kauppa\/tuote\/lenovo-thinkpad-p15-gen1-156-i7\/#breadcrumb"},"inLanguage":"fi","potentialAction":[{"@type":"ReadAction","target":["https:\/\/www.jct-huolto.fi\/kauppa\/tuote\/lenovo-thinkpad-p15-gen1-156-i7\/"]}]},{"@type":"BreadcrumbList","@id":"https:\/\/www.jct-huolto.fi\/kauppa\/tuote\/lenovo-thinkpad-p15-gen1-156-i7\/#breadcrumb","itemListElement":[{"@type":"ListItem","position":1,"name":"Etusivu","item":"https:\/\/www.jct-huolto.fi\/kauppa\/"},{"@type":"ListItem","position":2,"name":"Kauppa","item":"https:\/\/www.jct-huolto.fi\/kauppa\/kauppa\/"},{"@type":"ListItem","position":3,"name":"Lenovo ThinkPad P15 Gen1 15,6&#8243; i7\/32Gb\/512Gb Hyv\u00e4kuntoinen"}]},{"@type":"WebSite","@id":"https:\/\/www.jct-huolto.fi\/kauppa\/#website","url":"https:\/\/www.jct-huolto.fi\/kauppa\/","name":"JCT-Huolto Kauppa","description":"K&auml;ytetyt puhelimet ja tietokoneet","publisher":{"@id":"https:\/\/www.jct-huolto.fi\/kauppa\/#organization"},"potentialAction":[{"@type":"SearchAction","target":{"@type":"EntryPoint","urlTemplate":"https:\/\/www.jct-huolto.fi\/kauppa\/?s={search_term_string}"},"query-input":"required name=search_term_string"}],"inLanguage":"fi"},{"@type":"Organization","@id":"https:\/\/www.jct-huolto.fi\/kauppa\/#organization","name":"JCT-Huolto Oy","url":"https:\/\/www.jct-huolto.fi\/kauppa\/","logo":{"@type":"ImageObject","inLanguage":"fi","@id":"https:\/\/www.jct-huolto.fi\/kauppa\/#\/schema\/logo\/image\/","url":"https:\/\/www.jct-huolto.fi\/kauppa\/wp-content\/uploads\/2019\/07\/cropped-kauppalogo2-1.jpg","contentUrl":"https:\/\/www.jct-huolto.fi\/kauppa\/wp-content\/uploads\/2019\/07\/cropped-kauppalogo2-1.jpg","width":320,"height":112,"caption":"JCT-Huolto Oy"},"image":{"@id":"https:\/\/www.jct-huolto.fi\/kauppa\/#\/schema\/logo\/image\/"}}]}},"_links":{"self":[{"href":"https:\/\/www.jct-huolto.fi\/kauppa\/wp-json\/wp\/v2\/product\/18806"}],"collection":[{"href":"https:\/\/www.jct-huolto.fi\/kauppa\/wp-json\/wp\/v2\/product"}],"about":[{"href":"https:\/\/www.jct-huolto.fi\/kauppa\/wp-json\/wp\/v2\/types\/product"}],"wp:featuredmedia":[{"embeddable":true,"href":"https:\/\/www.jct-huolto.fi\/kauppa\/wp-json\/wp\/v2\/media\/16474"}],"wp:attachment":[{"href":"https:\/\/www.jct-huolto.fi\/kauppa\/wp-json\/wp\/v2\/media?parent=18806"}],"wp:term":[{"taxonomy":"product_cat","embeddable":true,"href":"https:\/\/www.jct-huolto.fi\/kauppa\/wp-json\/wp\/v2\/product_cat?post=18806"},{"taxonomy":"product_tag","embeddable":true,"href":"https:\/\/www.jct-huolto.fi\/kauppa\/wp-json\/wp\/v2\/product_tag?post=18806"}],"curies":[{"name":"wp","href":"https:\/\/api.w.org\/{rel}","templated":true}]}}