{"id":18750,"date":"2025-10-21T17:34:53","date_gmt":"2025-10-21T14:34:53","guid":{"rendered":"https:\/\/www.jct-huolto.fi\/kauppa\/?post_type=product&#038;p=18750"},"modified":"2026-04-02T15:32:22","modified_gmt":"2026-04-02T12:32:22","slug":"dell-precision-7560-32gb-1tb-156-huippukuntoinen","status":"publish","type":"product","link":"https:\/\/www.jct-huolto.fi\/kauppa\/tuote\/dell-precision-7560-32gb-1tb-156-huippukuntoinen\/","title":{"rendered":"Dell Precision 7560 32Gb\/1Tb\/15,6&#8243; RTX Huippukuntoinen"},"content":{"rendered":"<p>Huippukuntoinen ja t\u00e4ydellisesti toimiva tehokas ty\u00f6kannettava.<br \/>\n<a href=\"https:\/\/www.jct-huolto.fi\/kauppa\/kuntoluokitukset\/\" target=\"_blank\" rel=\"noopener noreferrer\"><em>Katso kuntoluokitukset<\/em><\/a><\/p>\n<p>&#8211; Intel i7-11850H prosessori<br \/>\n&#8211; 32Gb muisti<br \/>\n&#8211; 1Tb M.2 NVMe SSD<br \/>\n&#8211; Full HD 15.6&#8243; n\u00e4ytt\u00f6<br \/>\n&#8211; Nvidia Quadro RTX A3000- n\u00e4yt\u00f6nohjain<br \/>\n&#8211; Liit\u00e4nn\u00e4t: HDMI, Mini Display, 2 x USB A, 2 x USB C, RJ-45, kuuloke-portti, SD-muistikortinlukija<br \/>\n&#8211; Taustavalaistu n\u00e4pp\u00e4imist\u00f6 (Nordic)<br \/>\n&#8211; Windows 11 Pro FI -k\u00e4ytt\u00f6j\u00e4rjestelm\u00e4<br \/>\n&#8211; Laturi mukaan<br \/>\n&#8211; My\u00f6nn\u00e4mme laitteelle 12kk takuun<br \/>\n&#8211; Sis. Alv<\/p>\n","protected":false},"excerpt":{"rendered":"<p>Huippukuntoinen ja t\u00e4ydellisesti toimiva tehokas ty\u00f6kannettava. Katso kuntoluokitukset &#8211; Intel i7-11850H prosessori &#8211; 32Gb muisti &#8211; 1Tb M.2 NVMe SSD &#8211; Full HD 15.6&#8243; n\u00e4ytt\u00f6 &#8211; Nvidia Quadro RTX A3000- n\u00e4yt\u00f6nohjain &#8211; Liit\u00e4nn\u00e4t: HDMI, Mini Display, 2 x USB A, 2 x USB C, RJ-45, kuuloke-portti, SD-muistikortinlukija &#8211; Taustavalaistu n\u00e4pp\u00e4imist\u00f6 (Nordic) &#8211; Windows 11 Pro [&hellip;]<\/p>\n","protected":false},"featured_media":18752,"template":"","meta":[],"product_cat":[20,58],"product_tag":[],"yoast_head":"<!-- This site is optimized with the Yoast SEO plugin v21.9.1 - https:\/\/yoast.com\/wordpress\/plugins\/seo\/ -->\n<title>Dell Precision 7560 32Gb\/1Tb\/15,6&quot; RTX Huippukuntoinen - JCT-Huolto Kauppa<\/title>\n<meta name=\"robots\" content=\"index, follow, max-snippet:-1, max-image-preview:large, max-video-preview:-1\" \/>\n<link rel=\"canonical\" href=\"https:\/\/www.jct-huolto.fi\/kauppa\/tuote\/dell-precision-7560-32gb-1tb-156-huippukuntoinen\/\" \/>\n<meta property=\"og:locale\" content=\"fi_FI\" \/>\n<meta property=\"og:type\" content=\"article\" \/>\n<meta property=\"og:title\" content=\"Dell Precision 7560 32Gb\/1Tb\/15,6&quot; RTX Huippukuntoinen - JCT-Huolto Kauppa\" \/>\n<meta property=\"og:description\" content=\"Huippukuntoinen ja t\u00e4ydellisesti toimiva tehokas ty\u00f6kannettava. Katso kuntoluokitukset &#8211; Intel i7-11850H prosessori &#8211; 32Gb muisti &#8211; 1Tb M.2 NVMe SSD &#8211; Full HD 15.6&#8243; n\u00e4ytt\u00f6 &#8211; Nvidia Quadro RTX A3000- n\u00e4yt\u00f6nohjain &#8211; Liit\u00e4nn\u00e4t: HDMI, Mini Display, 2 x USB A, 2 x USB C, RJ-45, kuuloke-portti, SD-muistikortinlukija &#8211; Taustavalaistu n\u00e4pp\u00e4imist\u00f6 (Nordic) &#8211; Windows 11 Pro [&hellip;]\" \/>\n<meta property=\"og:url\" content=\"https:\/\/www.jct-huolto.fi\/kauppa\/tuote\/dell-precision-7560-32gb-1tb-156-huippukuntoinen\/\" \/>\n<meta property=\"og:site_name\" content=\"JCT-Huolto Kauppa\" \/>\n<meta property=\"article:modified_time\" content=\"2026-04-02T12:32:22+00:00\" \/>\n<meta property=\"og:image\" content=\"https:\/\/www.jct-huolto.fi\/kauppa\/wp-content\/uploads\/2025\/10\/Dell_Precision_7560.jpg\" \/>\n\t<meta property=\"og:image:width\" content=\"686\" \/>\n\t<meta property=\"og:image:height\" content=\"500\" \/>\n\t<meta property=\"og:image:type\" content=\"image\/jpeg\" \/>\n<meta name=\"twitter:card\" content=\"summary_large_image\" \/>\n<meta name=\"twitter:label1\" content=\"Arvioitu lukuaika\" \/>\n\t<meta name=\"twitter:data1\" content=\"1 minuutti\" \/>\n<script type=\"application\/ld+json\" class=\"yoast-schema-graph\">{\"@context\":\"https:\/\/schema.org\",\"@graph\":[{\"@type\":\"WebPage\",\"@id\":\"https:\/\/www.jct-huolto.fi\/kauppa\/tuote\/dell-precision-7560-32gb-1tb-156-huippukuntoinen\/\",\"url\":\"https:\/\/www.jct-huolto.fi\/kauppa\/tuote\/dell-precision-7560-32gb-1tb-156-huippukuntoinen\/\",\"name\":\"Dell Precision 7560 32Gb\/1Tb\/15,6\\\" RTX Huippukuntoinen - JCT-Huolto Kauppa\",\"isPartOf\":{\"@id\":\"https:\/\/www.jct-huolto.fi\/kauppa\/#website\"},\"datePublished\":\"2025-10-21T14:34:53+00:00\",\"dateModified\":\"2026-04-02T12:32:22+00:00\",\"breadcrumb\":{\"@id\":\"https:\/\/www.jct-huolto.fi\/kauppa\/tuote\/dell-precision-7560-32gb-1tb-156-huippukuntoinen\/#breadcrumb\"},\"inLanguage\":\"fi\",\"potentialAction\":[{\"@type\":\"ReadAction\",\"target\":[\"https:\/\/www.jct-huolto.fi\/kauppa\/tuote\/dell-precision-7560-32gb-1tb-156-huippukuntoinen\/\"]}]},{\"@type\":\"BreadcrumbList\",\"@id\":\"https:\/\/www.jct-huolto.fi\/kauppa\/tuote\/dell-precision-7560-32gb-1tb-156-huippukuntoinen\/#breadcrumb\",\"itemListElement\":[{\"@type\":\"ListItem\",\"position\":1,\"name\":\"Etusivu\",\"item\":\"https:\/\/www.jct-huolto.fi\/kauppa\/\"},{\"@type\":\"ListItem\",\"position\":2,\"name\":\"Kauppa\",\"item\":\"https:\/\/www.jct-huolto.fi\/kauppa\/kauppa\/\"},{\"@type\":\"ListItem\",\"position\":3,\"name\":\"Dell Precision 7560 32Gb\/1Tb\/15,6&#8243; RTX Huippukuntoinen\"}]},{\"@type\":\"WebSite\",\"@id\":\"https:\/\/www.jct-huolto.fi\/kauppa\/#website\",\"url\":\"https:\/\/www.jct-huolto.fi\/kauppa\/\",\"name\":\"JCT-Huolto Kauppa\",\"description\":\"K&auml;ytetyt puhelimet ja tietokoneet\",\"publisher\":{\"@id\":\"https:\/\/www.jct-huolto.fi\/kauppa\/#organization\"},\"potentialAction\":[{\"@type\":\"SearchAction\",\"target\":{\"@type\":\"EntryPoint\",\"urlTemplate\":\"https:\/\/www.jct-huolto.fi\/kauppa\/?s={search_term_string}\"},\"query-input\":\"required name=search_term_string\"}],\"inLanguage\":\"fi\"},{\"@type\":\"Organization\",\"@id\":\"https:\/\/www.jct-huolto.fi\/kauppa\/#organization\",\"name\":\"JCT-Huolto Oy\",\"url\":\"https:\/\/www.jct-huolto.fi\/kauppa\/\",\"logo\":{\"@type\":\"ImageObject\",\"inLanguage\":\"fi\",\"@id\":\"https:\/\/www.jct-huolto.fi\/kauppa\/#\/schema\/logo\/image\/\",\"url\":\"https:\/\/www.jct-huolto.fi\/kauppa\/wp-content\/uploads\/2019\/07\/cropped-kauppalogo2-1.jpg\",\"contentUrl\":\"https:\/\/www.jct-huolto.fi\/kauppa\/wp-content\/uploads\/2019\/07\/cropped-kauppalogo2-1.jpg\",\"width\":320,\"height\":112,\"caption\":\"JCT-Huolto Oy\"},\"image\":{\"@id\":\"https:\/\/www.jct-huolto.fi\/kauppa\/#\/schema\/logo\/image\/\"}}]}<\/script>\n<!-- \/ Yoast SEO plugin. -->","yoast_head_json":{"title":"Dell Precision 7560 32Gb\/1Tb\/15,6\" RTX Huippukuntoinen - JCT-Huolto Kauppa","robots":{"index":"index","follow":"follow","max-snippet":"max-snippet:-1","max-image-preview":"max-image-preview:large","max-video-preview":"max-video-preview:-1"},"canonical":"https:\/\/www.jct-huolto.fi\/kauppa\/tuote\/dell-precision-7560-32gb-1tb-156-huippukuntoinen\/","og_locale":"fi_FI","og_type":"article","og_title":"Dell Precision 7560 32Gb\/1Tb\/15,6\" RTX Huippukuntoinen - JCT-Huolto Kauppa","og_description":"Huippukuntoinen ja t\u00e4ydellisesti toimiva tehokas ty\u00f6kannettava. Katso kuntoluokitukset &#8211; Intel i7-11850H prosessori &#8211; 32Gb muisti &#8211; 1Tb M.2 NVMe SSD &#8211; Full HD 15.6&#8243; n\u00e4ytt\u00f6 &#8211; Nvidia Quadro RTX A3000- n\u00e4yt\u00f6nohjain &#8211; Liit\u00e4nn\u00e4t: HDMI, Mini Display, 2 x USB A, 2 x USB C, RJ-45, kuuloke-portti, SD-muistikortinlukija &#8211; Taustavalaistu n\u00e4pp\u00e4imist\u00f6 (Nordic) &#8211; Windows 11 Pro [&hellip;]","og_url":"https:\/\/www.jct-huolto.fi\/kauppa\/tuote\/dell-precision-7560-32gb-1tb-156-huippukuntoinen\/","og_site_name":"JCT-Huolto Kauppa","article_modified_time":"2026-04-02T12:32:22+00:00","og_image":[{"width":686,"height":500,"url":"https:\/\/www.jct-huolto.fi\/kauppa\/wp-content\/uploads\/2025\/10\/Dell_Precision_7560.jpg","type":"image\/jpeg"}],"twitter_card":"summary_large_image","twitter_misc":{"Arvioitu lukuaika":"1 minuutti"},"schema":{"@context":"https:\/\/schema.org","@graph":[{"@type":"WebPage","@id":"https:\/\/www.jct-huolto.fi\/kauppa\/tuote\/dell-precision-7560-32gb-1tb-156-huippukuntoinen\/","url":"https:\/\/www.jct-huolto.fi\/kauppa\/tuote\/dell-precision-7560-32gb-1tb-156-huippukuntoinen\/","name":"Dell Precision 7560 32Gb\/1Tb\/15,6\" RTX Huippukuntoinen - JCT-Huolto Kauppa","isPartOf":{"@id":"https:\/\/www.jct-huolto.fi\/kauppa\/#website"},"datePublished":"2025-10-21T14:34:53+00:00","dateModified":"2026-04-02T12:32:22+00:00","breadcrumb":{"@id":"https:\/\/www.jct-huolto.fi\/kauppa\/tuote\/dell-precision-7560-32gb-1tb-156-huippukuntoinen\/#breadcrumb"},"inLanguage":"fi","potentialAction":[{"@type":"ReadAction","target":["https:\/\/www.jct-huolto.fi\/kauppa\/tuote\/dell-precision-7560-32gb-1tb-156-huippukuntoinen\/"]}]},{"@type":"BreadcrumbList","@id":"https:\/\/www.jct-huolto.fi\/kauppa\/tuote\/dell-precision-7560-32gb-1tb-156-huippukuntoinen\/#breadcrumb","itemListElement":[{"@type":"ListItem","position":1,"name":"Etusivu","item":"https:\/\/www.jct-huolto.fi\/kauppa\/"},{"@type":"ListItem","position":2,"name":"Kauppa","item":"https:\/\/www.jct-huolto.fi\/kauppa\/kauppa\/"},{"@type":"ListItem","position":3,"name":"Dell Precision 7560 32Gb\/1Tb\/15,6&#8243; RTX Huippukuntoinen"}]},{"@type":"WebSite","@id":"https:\/\/www.jct-huolto.fi\/kauppa\/#website","url":"https:\/\/www.jct-huolto.fi\/kauppa\/","name":"JCT-Huolto Kauppa","description":"K&auml;ytetyt puhelimet ja tietokoneet","publisher":{"@id":"https:\/\/www.jct-huolto.fi\/kauppa\/#organization"},"potentialAction":[{"@type":"SearchAction","target":{"@type":"EntryPoint","urlTemplate":"https:\/\/www.jct-huolto.fi\/kauppa\/?s={search_term_string}"},"query-input":"required name=search_term_string"}],"inLanguage":"fi"},{"@type":"Organization","@id":"https:\/\/www.jct-huolto.fi\/kauppa\/#organization","name":"JCT-Huolto Oy","url":"https:\/\/www.jct-huolto.fi\/kauppa\/","logo":{"@type":"ImageObject","inLanguage":"fi","@id":"https:\/\/www.jct-huolto.fi\/kauppa\/#\/schema\/logo\/image\/","url":"https:\/\/www.jct-huolto.fi\/kauppa\/wp-content\/uploads\/2019\/07\/cropped-kauppalogo2-1.jpg","contentUrl":"https:\/\/www.jct-huolto.fi\/kauppa\/wp-content\/uploads\/2019\/07\/cropped-kauppalogo2-1.jpg","width":320,"height":112,"caption":"JCT-Huolto Oy"},"image":{"@id":"https:\/\/www.jct-huolto.fi\/kauppa\/#\/schema\/logo\/image\/"}}]}},"_links":{"self":[{"href":"https:\/\/www.jct-huolto.fi\/kauppa\/wp-json\/wp\/v2\/product\/18750"}],"collection":[{"href":"https:\/\/www.jct-huolto.fi\/kauppa\/wp-json\/wp\/v2\/product"}],"about":[{"href":"https:\/\/www.jct-huolto.fi\/kauppa\/wp-json\/wp\/v2\/types\/product"}],"wp:featuredmedia":[{"embeddable":true,"href":"https:\/\/www.jct-huolto.fi\/kauppa\/wp-json\/wp\/v2\/media\/18752"}],"wp:attachment":[{"href":"https:\/\/www.jct-huolto.fi\/kauppa\/wp-json\/wp\/v2\/media?parent=18750"}],"wp:term":[{"taxonomy":"product_cat","embeddable":true,"href":"https:\/\/www.jct-huolto.fi\/kauppa\/wp-json\/wp\/v2\/product_cat?post=18750"},{"taxonomy":"product_tag","embeddable":true,"href":"https:\/\/www.jct-huolto.fi\/kauppa\/wp-json\/wp\/v2\/product_tag?post=18750"}],"curies":[{"name":"wp","href":"https:\/\/api.w.org\/{rel}","templated":true}]}}