{"id":18592,"date":"2025-07-28T13:30:31","date_gmt":"2025-07-28T10:30:31","guid":{"rendered":"https:\/\/www.jct-huolto.fi\/kauppa\/?post_type=product&#038;p=18592"},"modified":"2026-03-26T17:24:54","modified_gmt":"2026-03-26T15:24:54","slug":"iphone-16-pro-musta","status":"publish","type":"product","link":"https:\/\/www.jct-huolto.fi\/kauppa\/tuote\/iphone-16-pro-musta\/","title":{"rendered":"IPhone 16 Pro 128Gb Musta Hyv\u00e4kuntoinen"},"content":{"rendered":"<p>Hyv\u00e4kuntoinen ja t\u00e4ydellisesti toimiva Phone 16 Pro &#8221;Black Titanium&#8221;.<br \/>\n<a href=\"https:\/\/www.jct-huolto.fi\/kauppa\/kuntoluokitukset\/\" target=\"_blank\" rel=\"noopener noreferrer\"><em>Katso kuntoluokitukset<\/em><\/a><\/p>\n<p>&#8211; Akun kunto 90%<br \/>\n&#8211; Mukaan latausjohto<br \/>\n&#8211; My\u00f6nn\u00e4mme laitteelle 12kk takuun.<br \/>\n&#8211; Marginaaliverotus (ei lis\u00e4t\u00e4 arvonlis\u00e4veroa)<\/p>\n<p>Lis\u00e4tietoja puhelimesta: <a href=\"https:\/\/www.gsmarena.com\/apple_iphone_16_pro-13315.php\" target=\"_blank\" rel=\"noopener\">https:\/\/www.gsmarena.com\/apple_iphone_16_pro-13315.php<\/a><\/p>\n","protected":false},"excerpt":{"rendered":"<p>Hyv\u00e4kuntoinen ja t\u00e4ydellisesti toimiva Phone 16 Pro &#8221;Black Titanium&#8221;. Katso kuntoluokitukset &#8211; Akun kunto 90% &#8211; Mukaan latausjohto &#8211; My\u00f6nn\u00e4mme laitteelle 12kk takuun. &#8211; Marginaaliverotus (ei lis\u00e4t\u00e4 arvonlis\u00e4veroa) Lis\u00e4tietoja puhelimesta: https:\/\/www.gsmarena.com\/apple_iphone_16_pro-13315.php<\/p>\n","protected":false},"featured_media":18593,"template":"","meta":[],"product_cat":[15,21],"product_tag":[],"yoast_head":"<!-- This site is optimized with the Yoast SEO plugin v21.9.1 - https:\/\/yoast.com\/wordpress\/plugins\/seo\/ -->\n<title>IPhone 16 Pro 128Gb Musta Hyv\u00e4kuntoinen - JCT-Huolto Kauppa<\/title>\n<meta name=\"robots\" content=\"index, follow, max-snippet:-1, max-image-preview:large, max-video-preview:-1\" \/>\n<link rel=\"canonical\" href=\"https:\/\/www.jct-huolto.fi\/kauppa\/tuote\/iphone-16-pro-musta\/\" \/>\n<meta property=\"og:locale\" content=\"fi_FI\" \/>\n<meta property=\"og:type\" content=\"article\" \/>\n<meta property=\"og:title\" content=\"IPhone 16 Pro 128Gb Musta Hyv\u00e4kuntoinen - JCT-Huolto Kauppa\" \/>\n<meta property=\"og:description\" content=\"Hyv\u00e4kuntoinen ja t\u00e4ydellisesti toimiva Phone 16 Pro &#8221;Black Titanium&#8221;. Katso kuntoluokitukset &#8211; Akun kunto 90% &#8211; Mukaan latausjohto &#8211; My\u00f6nn\u00e4mme laitteelle 12kk takuun. &#8211; Marginaaliverotus (ei lis\u00e4t\u00e4 arvonlis\u00e4veroa) Lis\u00e4tietoja puhelimesta: https:\/\/www.gsmarena.com\/apple_iphone_16_pro-13315.php\" \/>\n<meta property=\"og:url\" content=\"https:\/\/www.jct-huolto.fi\/kauppa\/tuote\/iphone-16-pro-musta\/\" \/>\n<meta property=\"og:site_name\" content=\"JCT-Huolto Kauppa\" \/>\n<meta property=\"article:modified_time\" content=\"2026-03-26T15:24:54+00:00\" \/>\n<meta property=\"og:image\" content=\"https:\/\/www.jct-huolto.fi\/kauppa\/wp-content\/uploads\/2025\/07\/i16_pro_musta.jpg\" \/>\n\t<meta property=\"og:image:width\" content=\"500\" \/>\n\t<meta property=\"og:image:height\" content=\"620\" \/>\n\t<meta property=\"og:image:type\" content=\"image\/jpeg\" \/>\n<meta name=\"twitter:card\" content=\"summary_large_image\" \/>\n<meta name=\"twitter:label1\" content=\"Arvioitu lukuaika\" \/>\n\t<meta name=\"twitter:data1\" content=\"1 minuutti\" \/>\n<script type=\"application\/ld+json\" class=\"yoast-schema-graph\">{\"@context\":\"https:\/\/schema.org\",\"@graph\":[{\"@type\":\"WebPage\",\"@id\":\"https:\/\/www.jct-huolto.fi\/kauppa\/tuote\/iphone-16-pro-musta\/\",\"url\":\"https:\/\/www.jct-huolto.fi\/kauppa\/tuote\/iphone-16-pro-musta\/\",\"name\":\"IPhone 16 Pro 128Gb Musta Hyv\u00e4kuntoinen - JCT-Huolto Kauppa\",\"isPartOf\":{\"@id\":\"https:\/\/www.jct-huolto.fi\/kauppa\/#website\"},\"datePublished\":\"2025-07-28T10:30:31+00:00\",\"dateModified\":\"2026-03-26T15:24:54+00:00\",\"breadcrumb\":{\"@id\":\"https:\/\/www.jct-huolto.fi\/kauppa\/tuote\/iphone-16-pro-musta\/#breadcrumb\"},\"inLanguage\":\"fi\",\"potentialAction\":[{\"@type\":\"ReadAction\",\"target\":[\"https:\/\/www.jct-huolto.fi\/kauppa\/tuote\/iphone-16-pro-musta\/\"]}]},{\"@type\":\"BreadcrumbList\",\"@id\":\"https:\/\/www.jct-huolto.fi\/kauppa\/tuote\/iphone-16-pro-musta\/#breadcrumb\",\"itemListElement\":[{\"@type\":\"ListItem\",\"position\":1,\"name\":\"Etusivu\",\"item\":\"https:\/\/www.jct-huolto.fi\/kauppa\/\"},{\"@type\":\"ListItem\",\"position\":2,\"name\":\"Kauppa\",\"item\":\"https:\/\/www.jct-huolto.fi\/kauppa\/kauppa\/\"},{\"@type\":\"ListItem\",\"position\":3,\"name\":\"IPhone 16 Pro 128Gb Musta Hyv\u00e4kuntoinen\"}]},{\"@type\":\"WebSite\",\"@id\":\"https:\/\/www.jct-huolto.fi\/kauppa\/#website\",\"url\":\"https:\/\/www.jct-huolto.fi\/kauppa\/\",\"name\":\"JCT-Huolto Kauppa\",\"description\":\"K&auml;ytetyt puhelimet ja tietokoneet\",\"publisher\":{\"@id\":\"https:\/\/www.jct-huolto.fi\/kauppa\/#organization\"},\"potentialAction\":[{\"@type\":\"SearchAction\",\"target\":{\"@type\":\"EntryPoint\",\"urlTemplate\":\"https:\/\/www.jct-huolto.fi\/kauppa\/?s={search_term_string}\"},\"query-input\":\"required name=search_term_string\"}],\"inLanguage\":\"fi\"},{\"@type\":\"Organization\",\"@id\":\"https:\/\/www.jct-huolto.fi\/kauppa\/#organization\",\"name\":\"JCT-Huolto Oy\",\"url\":\"https:\/\/www.jct-huolto.fi\/kauppa\/\",\"logo\":{\"@type\":\"ImageObject\",\"inLanguage\":\"fi\",\"@id\":\"https:\/\/www.jct-huolto.fi\/kauppa\/#\/schema\/logo\/image\/\",\"url\":\"https:\/\/www.jct-huolto.fi\/kauppa\/wp-content\/uploads\/2019\/07\/cropped-kauppalogo2-1.jpg\",\"contentUrl\":\"https:\/\/www.jct-huolto.fi\/kauppa\/wp-content\/uploads\/2019\/07\/cropped-kauppalogo2-1.jpg\",\"width\":320,\"height\":112,\"caption\":\"JCT-Huolto Oy\"},\"image\":{\"@id\":\"https:\/\/www.jct-huolto.fi\/kauppa\/#\/schema\/logo\/image\/\"}}]}<\/script>\n<!-- \/ Yoast SEO plugin. -->","yoast_head_json":{"title":"IPhone 16 Pro 128Gb Musta Hyv\u00e4kuntoinen - JCT-Huolto Kauppa","robots":{"index":"index","follow":"follow","max-snippet":"max-snippet:-1","max-image-preview":"max-image-preview:large","max-video-preview":"max-video-preview:-1"},"canonical":"https:\/\/www.jct-huolto.fi\/kauppa\/tuote\/iphone-16-pro-musta\/","og_locale":"fi_FI","og_type":"article","og_title":"IPhone 16 Pro 128Gb Musta Hyv\u00e4kuntoinen - JCT-Huolto Kauppa","og_description":"Hyv\u00e4kuntoinen ja t\u00e4ydellisesti toimiva Phone 16 Pro &#8221;Black Titanium&#8221;. Katso kuntoluokitukset &#8211; Akun kunto 90% &#8211; Mukaan latausjohto &#8211; My\u00f6nn\u00e4mme laitteelle 12kk takuun. &#8211; Marginaaliverotus (ei lis\u00e4t\u00e4 arvonlis\u00e4veroa) Lis\u00e4tietoja puhelimesta: https:\/\/www.gsmarena.com\/apple_iphone_16_pro-13315.php","og_url":"https:\/\/www.jct-huolto.fi\/kauppa\/tuote\/iphone-16-pro-musta\/","og_site_name":"JCT-Huolto Kauppa","article_modified_time":"2026-03-26T15:24:54+00:00","og_image":[{"width":500,"height":620,"url":"https:\/\/www.jct-huolto.fi\/kauppa\/wp-content\/uploads\/2025\/07\/i16_pro_musta.jpg","type":"image\/jpeg"}],"twitter_card":"summary_large_image","twitter_misc":{"Arvioitu lukuaika":"1 minuutti"},"schema":{"@context":"https:\/\/schema.org","@graph":[{"@type":"WebPage","@id":"https:\/\/www.jct-huolto.fi\/kauppa\/tuote\/iphone-16-pro-musta\/","url":"https:\/\/www.jct-huolto.fi\/kauppa\/tuote\/iphone-16-pro-musta\/","name":"IPhone 16 Pro 128Gb Musta Hyv\u00e4kuntoinen - JCT-Huolto Kauppa","isPartOf":{"@id":"https:\/\/www.jct-huolto.fi\/kauppa\/#website"},"datePublished":"2025-07-28T10:30:31+00:00","dateModified":"2026-03-26T15:24:54+00:00","breadcrumb":{"@id":"https:\/\/www.jct-huolto.fi\/kauppa\/tuote\/iphone-16-pro-musta\/#breadcrumb"},"inLanguage":"fi","potentialAction":[{"@type":"ReadAction","target":["https:\/\/www.jct-huolto.fi\/kauppa\/tuote\/iphone-16-pro-musta\/"]}]},{"@type":"BreadcrumbList","@id":"https:\/\/www.jct-huolto.fi\/kauppa\/tuote\/iphone-16-pro-musta\/#breadcrumb","itemListElement":[{"@type":"ListItem","position":1,"name":"Etusivu","item":"https:\/\/www.jct-huolto.fi\/kauppa\/"},{"@type":"ListItem","position":2,"name":"Kauppa","item":"https:\/\/www.jct-huolto.fi\/kauppa\/kauppa\/"},{"@type":"ListItem","position":3,"name":"IPhone 16 Pro 128Gb Musta Hyv\u00e4kuntoinen"}]},{"@type":"WebSite","@id":"https:\/\/www.jct-huolto.fi\/kauppa\/#website","url":"https:\/\/www.jct-huolto.fi\/kauppa\/","name":"JCT-Huolto Kauppa","description":"K&auml;ytetyt puhelimet ja tietokoneet","publisher":{"@id":"https:\/\/www.jct-huolto.fi\/kauppa\/#organization"},"potentialAction":[{"@type":"SearchAction","target":{"@type":"EntryPoint","urlTemplate":"https:\/\/www.jct-huolto.fi\/kauppa\/?s={search_term_string}"},"query-input":"required name=search_term_string"}],"inLanguage":"fi"},{"@type":"Organization","@id":"https:\/\/www.jct-huolto.fi\/kauppa\/#organization","name":"JCT-Huolto Oy","url":"https:\/\/www.jct-huolto.fi\/kauppa\/","logo":{"@type":"ImageObject","inLanguage":"fi","@id":"https:\/\/www.jct-huolto.fi\/kauppa\/#\/schema\/logo\/image\/","url":"https:\/\/www.jct-huolto.fi\/kauppa\/wp-content\/uploads\/2019\/07\/cropped-kauppalogo2-1.jpg","contentUrl":"https:\/\/www.jct-huolto.fi\/kauppa\/wp-content\/uploads\/2019\/07\/cropped-kauppalogo2-1.jpg","width":320,"height":112,"caption":"JCT-Huolto Oy"},"image":{"@id":"https:\/\/www.jct-huolto.fi\/kauppa\/#\/schema\/logo\/image\/"}}]}},"_links":{"self":[{"href":"https:\/\/www.jct-huolto.fi\/kauppa\/wp-json\/wp\/v2\/product\/18592"}],"collection":[{"href":"https:\/\/www.jct-huolto.fi\/kauppa\/wp-json\/wp\/v2\/product"}],"about":[{"href":"https:\/\/www.jct-huolto.fi\/kauppa\/wp-json\/wp\/v2\/types\/product"}],"wp:featuredmedia":[{"embeddable":true,"href":"https:\/\/www.jct-huolto.fi\/kauppa\/wp-json\/wp\/v2\/media\/18593"}],"wp:attachment":[{"href":"https:\/\/www.jct-huolto.fi\/kauppa\/wp-json\/wp\/v2\/media?parent=18592"}],"wp:term":[{"taxonomy":"product_cat","embeddable":true,"href":"https:\/\/www.jct-huolto.fi\/kauppa\/wp-json\/wp\/v2\/product_cat?post=18592"},{"taxonomy":"product_tag","embeddable":true,"href":"https:\/\/www.jct-huolto.fi\/kauppa\/wp-json\/wp\/v2\/product_tag?post=18592"}],"curies":[{"name":"wp","href":"https:\/\/api.w.org\/{rel}","templated":true}]}}