{"id":18538,"date":"2025-06-25T14:17:40","date_gmt":"2025-06-25T11:17:40","guid":{"rendered":"https:\/\/www.jct-huolto.fi\/kauppa\/?post_type=product&#038;p=18538"},"modified":"2025-12-30T13:55:12","modified_gmt":"2025-12-30T11:55:12","slug":"lenovo-thinkpad-t14-gen2-14","status":"publish","type":"product","link":"https:\/\/www.jct-huolto.fi\/kauppa\/tuote\/lenovo-thinkpad-t14-gen2-14\/","title":{"rendered":"Lenovo ThinkPad T14 Gen2 14&#8243; i5\/8Gb\/256Gb Hyv\u00e4kuntoinen"},"content":{"rendered":"<p>Hyv\u00e4kuntoinen ja t\u00e4ydellisesti toimiva tehokas sek\u00e4 kest\u00e4v\u00e4 yritystason kannettava.<br \/>\n<a href=\"https:\/\/www.jct-huolto.fi\/kauppa\/kuntoluokitukset\/\" target=\"_blank\" rel=\"noopener noreferrer\"><em>Katso kuntoluokitukset<\/em><\/a><\/p>\n<p>&#8211; Intel Core i5-1135G7 prosessori<br \/>\n&#8211; 8Gb muisti<br \/>\n&#8211; 256Gb SSD m.2 -levy<br \/>\n&#8211; N\u00e4ytt\u00f6 14&#8243; FullHD 1920\u00d71080 IPS (k\u00e4\u00e4ntyy 180 astetta)<br \/>\n&#8211; Liit\u00e4nn\u00e4t: HDMI, 2x USB A, 2x USB-C, RJ45 ethernet, kuulokeliitin, muistikortinlukija<br \/>\n&#8211; Sormenj\u00e4lkilukija + Kasvotunnistus<br \/>\n&#8211; Taustavalaistu n\u00e4pp\u00e4imist\u00f6 (Nordic)<br \/>\n&#8211; Windows 11 pro FI k\u00e4ytt\u00f6j\u00e4rjestelm\u00e4<br \/>\n&#8211; Mukana Laturi<br \/>\n&#8211; My\u00f6nn\u00e4mme laitteelle 12kk takuun<br \/>\n&#8211; Sis. alv<\/p>\n","protected":false},"excerpt":{"rendered":"<p>Hyv\u00e4kuntoinen ja t\u00e4ydellisesti toimiva tehokas sek\u00e4 kest\u00e4v\u00e4 yritystason kannettava. Katso kuntoluokitukset &#8211; Intel Core i5-1135G7 prosessori &#8211; 8Gb muisti &#8211; 256Gb SSD m.2 -levy &#8211; N\u00e4ytt\u00f6 14&#8243; FullHD 1920\u00d71080 IPS (k\u00e4\u00e4ntyy 180 astetta) &#8211; Liit\u00e4nn\u00e4t: HDMI, 2x USB A, 2x USB-C, RJ45 ethernet, kuulokeliitin, muistikortinlukija &#8211; Sormenj\u00e4lkilukija + Kasvotunnistus &#8211; Taustavalaistu n\u00e4pp\u00e4imist\u00f6 (Nordic) &#8211; Windows [&hellip;]<\/p>\n","protected":false},"featured_media":18541,"template":"","meta":[],"product_cat":[20,52],"product_tag":[],"yoast_head":"<!-- This site is optimized with the Yoast SEO plugin v21.9.1 - https:\/\/yoast.com\/wordpress\/plugins\/seo\/ -->\n<title>Lenovo ThinkPad T14 Gen2 14&quot; i5\/8Gb\/256Gb Hyv\u00e4kuntoinen - JCT-Huolto Kauppa<\/title>\n<meta name=\"robots\" content=\"index, follow, max-snippet:-1, max-image-preview:large, max-video-preview:-1\" \/>\n<link rel=\"canonical\" href=\"https:\/\/www.jct-huolto.fi\/kauppa\/tuote\/lenovo-thinkpad-t14-gen2-14\/\" \/>\n<meta property=\"og:locale\" content=\"fi_FI\" \/>\n<meta property=\"og:type\" content=\"article\" \/>\n<meta property=\"og:title\" content=\"Lenovo ThinkPad T14 Gen2 14&quot; i5\/8Gb\/256Gb Hyv\u00e4kuntoinen - JCT-Huolto Kauppa\" \/>\n<meta property=\"og:description\" content=\"Hyv\u00e4kuntoinen ja t\u00e4ydellisesti toimiva tehokas sek\u00e4 kest\u00e4v\u00e4 yritystason kannettava. Katso kuntoluokitukset &#8211; Intel Core i5-1135G7 prosessori &#8211; 8Gb muisti &#8211; 256Gb SSD m.2 -levy &#8211; N\u00e4ytt\u00f6 14&#8243; FullHD 1920\u00d71080 IPS (k\u00e4\u00e4ntyy 180 astetta) &#8211; Liit\u00e4nn\u00e4t: HDMI, 2x USB A, 2x USB-C, RJ45 ethernet, kuulokeliitin, muistikortinlukija &#8211; Sormenj\u00e4lkilukija + Kasvotunnistus &#8211; Taustavalaistu n\u00e4pp\u00e4imist\u00f6 (Nordic) &#8211; Windows [&hellip;]\" \/>\n<meta property=\"og:url\" content=\"https:\/\/www.jct-huolto.fi\/kauppa\/tuote\/lenovo-thinkpad-t14-gen2-14\/\" \/>\n<meta property=\"og:site_name\" content=\"JCT-Huolto Kauppa\" \/>\n<meta property=\"article:modified_time\" content=\"2025-12-30T11:55:12+00:00\" \/>\n<meta property=\"og:image\" content=\"https:\/\/www.jct-huolto.fi\/kauppa\/wp-content\/uploads\/2025\/06\/Thinkpad_T14_gen2_3.jpg\" \/>\n\t<meta property=\"og:image:width\" content=\"685\" \/>\n\t<meta property=\"og:image:height\" content=\"500\" \/>\n\t<meta property=\"og:image:type\" content=\"image\/jpeg\" \/>\n<meta name=\"twitter:card\" content=\"summary_large_image\" \/>\n<meta name=\"twitter:label1\" content=\"Arvioitu lukuaika\" \/>\n\t<meta name=\"twitter:data1\" content=\"1 minuutti\" \/>\n<script type=\"application\/ld+json\" class=\"yoast-schema-graph\">{\"@context\":\"https:\/\/schema.org\",\"@graph\":[{\"@type\":\"WebPage\",\"@id\":\"https:\/\/www.jct-huolto.fi\/kauppa\/tuote\/lenovo-thinkpad-t14-gen2-14\/\",\"url\":\"https:\/\/www.jct-huolto.fi\/kauppa\/tuote\/lenovo-thinkpad-t14-gen2-14\/\",\"name\":\"Lenovo ThinkPad T14 Gen2 14\\\" i5\/8Gb\/256Gb Hyv\u00e4kuntoinen - JCT-Huolto Kauppa\",\"isPartOf\":{\"@id\":\"https:\/\/www.jct-huolto.fi\/kauppa\/#website\"},\"datePublished\":\"2025-06-25T11:17:40+00:00\",\"dateModified\":\"2025-12-30T11:55:12+00:00\",\"breadcrumb\":{\"@id\":\"https:\/\/www.jct-huolto.fi\/kauppa\/tuote\/lenovo-thinkpad-t14-gen2-14\/#breadcrumb\"},\"inLanguage\":\"fi\",\"potentialAction\":[{\"@type\":\"ReadAction\",\"target\":[\"https:\/\/www.jct-huolto.fi\/kauppa\/tuote\/lenovo-thinkpad-t14-gen2-14\/\"]}]},{\"@type\":\"BreadcrumbList\",\"@id\":\"https:\/\/www.jct-huolto.fi\/kauppa\/tuote\/lenovo-thinkpad-t14-gen2-14\/#breadcrumb\",\"itemListElement\":[{\"@type\":\"ListItem\",\"position\":1,\"name\":\"Etusivu\",\"item\":\"https:\/\/www.jct-huolto.fi\/kauppa\/\"},{\"@type\":\"ListItem\",\"position\":2,\"name\":\"Kauppa\",\"item\":\"https:\/\/www.jct-huolto.fi\/kauppa\/kauppa\/\"},{\"@type\":\"ListItem\",\"position\":3,\"name\":\"Lenovo ThinkPad T14 Gen2 14&#8243; i5\/8Gb\/256Gb Hyv\u00e4kuntoinen\"}]},{\"@type\":\"WebSite\",\"@id\":\"https:\/\/www.jct-huolto.fi\/kauppa\/#website\",\"url\":\"https:\/\/www.jct-huolto.fi\/kauppa\/\",\"name\":\"JCT-Huolto Kauppa\",\"description\":\"K&auml;ytetyt puhelimet ja tietokoneet\",\"publisher\":{\"@id\":\"https:\/\/www.jct-huolto.fi\/kauppa\/#organization\"},\"potentialAction\":[{\"@type\":\"SearchAction\",\"target\":{\"@type\":\"EntryPoint\",\"urlTemplate\":\"https:\/\/www.jct-huolto.fi\/kauppa\/?s={search_term_string}\"},\"query-input\":\"required name=search_term_string\"}],\"inLanguage\":\"fi\"},{\"@type\":\"Organization\",\"@id\":\"https:\/\/www.jct-huolto.fi\/kauppa\/#organization\",\"name\":\"JCT-Huolto Oy\",\"url\":\"https:\/\/www.jct-huolto.fi\/kauppa\/\",\"logo\":{\"@type\":\"ImageObject\",\"inLanguage\":\"fi\",\"@id\":\"https:\/\/www.jct-huolto.fi\/kauppa\/#\/schema\/logo\/image\/\",\"url\":\"https:\/\/www.jct-huolto.fi\/kauppa\/wp-content\/uploads\/2019\/07\/cropped-kauppalogo2-1.jpg\",\"contentUrl\":\"https:\/\/www.jct-huolto.fi\/kauppa\/wp-content\/uploads\/2019\/07\/cropped-kauppalogo2-1.jpg\",\"width\":320,\"height\":112,\"caption\":\"JCT-Huolto Oy\"},\"image\":{\"@id\":\"https:\/\/www.jct-huolto.fi\/kauppa\/#\/schema\/logo\/image\/\"}}]}<\/script>\n<!-- \/ Yoast SEO plugin. -->","yoast_head_json":{"title":"Lenovo ThinkPad T14 Gen2 14\" i5\/8Gb\/256Gb Hyv\u00e4kuntoinen - JCT-Huolto Kauppa","robots":{"index":"index","follow":"follow","max-snippet":"max-snippet:-1","max-image-preview":"max-image-preview:large","max-video-preview":"max-video-preview:-1"},"canonical":"https:\/\/www.jct-huolto.fi\/kauppa\/tuote\/lenovo-thinkpad-t14-gen2-14\/","og_locale":"fi_FI","og_type":"article","og_title":"Lenovo ThinkPad T14 Gen2 14\" i5\/8Gb\/256Gb Hyv\u00e4kuntoinen - JCT-Huolto Kauppa","og_description":"Hyv\u00e4kuntoinen ja t\u00e4ydellisesti toimiva tehokas sek\u00e4 kest\u00e4v\u00e4 yritystason kannettava. Katso kuntoluokitukset &#8211; Intel Core i5-1135G7 prosessori &#8211; 8Gb muisti &#8211; 256Gb SSD m.2 -levy &#8211; N\u00e4ytt\u00f6 14&#8243; FullHD 1920\u00d71080 IPS (k\u00e4\u00e4ntyy 180 astetta) &#8211; Liit\u00e4nn\u00e4t: HDMI, 2x USB A, 2x USB-C, RJ45 ethernet, kuulokeliitin, muistikortinlukija &#8211; Sormenj\u00e4lkilukija + Kasvotunnistus &#8211; Taustavalaistu n\u00e4pp\u00e4imist\u00f6 (Nordic) &#8211; Windows [&hellip;]","og_url":"https:\/\/www.jct-huolto.fi\/kauppa\/tuote\/lenovo-thinkpad-t14-gen2-14\/","og_site_name":"JCT-Huolto Kauppa","article_modified_time":"2025-12-30T11:55:12+00:00","og_image":[{"width":685,"height":500,"url":"https:\/\/www.jct-huolto.fi\/kauppa\/wp-content\/uploads\/2025\/06\/Thinkpad_T14_gen2_3.jpg","type":"image\/jpeg"}],"twitter_card":"summary_large_image","twitter_misc":{"Arvioitu lukuaika":"1 minuutti"},"schema":{"@context":"https:\/\/schema.org","@graph":[{"@type":"WebPage","@id":"https:\/\/www.jct-huolto.fi\/kauppa\/tuote\/lenovo-thinkpad-t14-gen2-14\/","url":"https:\/\/www.jct-huolto.fi\/kauppa\/tuote\/lenovo-thinkpad-t14-gen2-14\/","name":"Lenovo ThinkPad T14 Gen2 14\" i5\/8Gb\/256Gb Hyv\u00e4kuntoinen - JCT-Huolto Kauppa","isPartOf":{"@id":"https:\/\/www.jct-huolto.fi\/kauppa\/#website"},"datePublished":"2025-06-25T11:17:40+00:00","dateModified":"2025-12-30T11:55:12+00:00","breadcrumb":{"@id":"https:\/\/www.jct-huolto.fi\/kauppa\/tuote\/lenovo-thinkpad-t14-gen2-14\/#breadcrumb"},"inLanguage":"fi","potentialAction":[{"@type":"ReadAction","target":["https:\/\/www.jct-huolto.fi\/kauppa\/tuote\/lenovo-thinkpad-t14-gen2-14\/"]}]},{"@type":"BreadcrumbList","@id":"https:\/\/www.jct-huolto.fi\/kauppa\/tuote\/lenovo-thinkpad-t14-gen2-14\/#breadcrumb","itemListElement":[{"@type":"ListItem","position":1,"name":"Etusivu","item":"https:\/\/www.jct-huolto.fi\/kauppa\/"},{"@type":"ListItem","position":2,"name":"Kauppa","item":"https:\/\/www.jct-huolto.fi\/kauppa\/kauppa\/"},{"@type":"ListItem","position":3,"name":"Lenovo ThinkPad T14 Gen2 14&#8243; i5\/8Gb\/256Gb Hyv\u00e4kuntoinen"}]},{"@type":"WebSite","@id":"https:\/\/www.jct-huolto.fi\/kauppa\/#website","url":"https:\/\/www.jct-huolto.fi\/kauppa\/","name":"JCT-Huolto Kauppa","description":"K&auml;ytetyt puhelimet ja tietokoneet","publisher":{"@id":"https:\/\/www.jct-huolto.fi\/kauppa\/#organization"},"potentialAction":[{"@type":"SearchAction","target":{"@type":"EntryPoint","urlTemplate":"https:\/\/www.jct-huolto.fi\/kauppa\/?s={search_term_string}"},"query-input":"required name=search_term_string"}],"inLanguage":"fi"},{"@type":"Organization","@id":"https:\/\/www.jct-huolto.fi\/kauppa\/#organization","name":"JCT-Huolto Oy","url":"https:\/\/www.jct-huolto.fi\/kauppa\/","logo":{"@type":"ImageObject","inLanguage":"fi","@id":"https:\/\/www.jct-huolto.fi\/kauppa\/#\/schema\/logo\/image\/","url":"https:\/\/www.jct-huolto.fi\/kauppa\/wp-content\/uploads\/2019\/07\/cropped-kauppalogo2-1.jpg","contentUrl":"https:\/\/www.jct-huolto.fi\/kauppa\/wp-content\/uploads\/2019\/07\/cropped-kauppalogo2-1.jpg","width":320,"height":112,"caption":"JCT-Huolto Oy"},"image":{"@id":"https:\/\/www.jct-huolto.fi\/kauppa\/#\/schema\/logo\/image\/"}}]}},"_links":{"self":[{"href":"https:\/\/www.jct-huolto.fi\/kauppa\/wp-json\/wp\/v2\/product\/18538"}],"collection":[{"href":"https:\/\/www.jct-huolto.fi\/kauppa\/wp-json\/wp\/v2\/product"}],"about":[{"href":"https:\/\/www.jct-huolto.fi\/kauppa\/wp-json\/wp\/v2\/types\/product"}],"wp:featuredmedia":[{"embeddable":true,"href":"https:\/\/www.jct-huolto.fi\/kauppa\/wp-json\/wp\/v2\/media\/18541"}],"wp:attachment":[{"href":"https:\/\/www.jct-huolto.fi\/kauppa\/wp-json\/wp\/v2\/media?parent=18538"}],"wp:term":[{"taxonomy":"product_cat","embeddable":true,"href":"https:\/\/www.jct-huolto.fi\/kauppa\/wp-json\/wp\/v2\/product_cat?post=18538"},{"taxonomy":"product_tag","embeddable":true,"href":"https:\/\/www.jct-huolto.fi\/kauppa\/wp-json\/wp\/v2\/product_tag?post=18538"}],"curies":[{"name":"wp","href":"https:\/\/api.w.org\/{rel}","templated":true}]}}