{"id":18360,"date":"2025-03-11T16:32:40","date_gmt":"2025-03-11T14:32:40","guid":{"rendered":"https:\/\/www.jct-huolto.fi\/kauppa\/?post_type=product&#038;p=18360"},"modified":"2026-03-24T17:17:05","modified_gmt":"2026-03-24T15:17:05","slug":"lenovo-thinkpad-t490s-14-huippukuntoinen","status":"publish","type":"product","link":"https:\/\/www.jct-huolto.fi\/kauppa\/tuote\/lenovo-thinkpad-t490s-14-huippukuntoinen\/","title":{"rendered":"Lenovo ThinkPad T490S 14&#8243; i5\/16Gb\/512Gb SIM Huippukuntoinen"},"content":{"rendered":"<p>Huippukuntoinen ja t\u00e4ydellisesti toimiva kevyt sek\u00e4 kest\u00e4v\u00e4 yritysluokan kone.<br \/>\n<a href=\"https:\/\/www.jct-huolto.fi\/kauppa\/kuntoluokitukset\/\">Katso kuntoluokitukset<\/a><\/p>\n<p>&#8211; Core i5-8365U prosessori<br \/>\n&#8211; 16Gb DDR4 muisti<br \/>\n&#8211; 512Gb SSD tallennustila<br \/>\n&#8211; N\u00e4ytt\u00f6 14&#8243; FullHD (1920 x 1080)<br \/>\n&#8211; Liit\u00e4nn\u00e4t: HDMI, Kuuloke-mikrofoni-liit\u00e4nt\u00e4, 2x USB, 2x USB-C TB3<br \/>\n&#8211; Sim-korttipaikka + Modeemi 4G LTE<br \/>\n&#8211; Kasvotunnistus + Sormenj\u00e4lkitunnistin<br \/>\n&#8211; Taustavalaistu n\u00e4pp\u00e4imist\u00f6 (Nordic)<br \/>\n&#8211; Win 11 Pro k\u00e4ytt\u00f6j\u00e4rjestelm\u00e4<br \/>\n&#8211; Mukana laturi<br \/>\n&#8211; My\u00f6nn\u00e4mme laitteelle 12kk takuun<br \/>\n&#8211; Sis. ALV<\/p>\n","protected":false},"excerpt":{"rendered":"<p>Huippukuntoinen ja t\u00e4ydellisesti toimiva kevyt sek\u00e4 kest\u00e4v\u00e4 yritysluokan kone. Katso kuntoluokitukset &#8211; Core i5-8365U prosessori &#8211; 16Gb DDR4 muisti &#8211; 512Gb SSD tallennustila &#8211; N\u00e4ytt\u00f6 14&#8243; FullHD (1920 x 1080) &#8211; Liit\u00e4nn\u00e4t: HDMI, Kuuloke-mikrofoni-liit\u00e4nt\u00e4, 2x USB, 2x USB-C TB3 &#8211; Sim-korttipaikka + Modeemi 4G LTE &#8211; Kasvotunnistus + Sormenj\u00e4lkitunnistin &#8211; Taustavalaistu n\u00e4pp\u00e4imist\u00f6 (Nordic) &#8211; Win [&hellip;]<\/p>\n","protected":false},"featured_media":17084,"template":"","meta":[],"product_cat":[20,52],"product_tag":[],"yoast_head":"<!-- This site is optimized with the Yoast SEO plugin v21.9.1 - https:\/\/yoast.com\/wordpress\/plugins\/seo\/ -->\n<title>Lenovo ThinkPad T490S 14&quot; i5\/16Gb\/512Gb SIM Huippukuntoinen - JCT-Huolto Kauppa<\/title>\n<meta name=\"robots\" content=\"index, follow, max-snippet:-1, max-image-preview:large, max-video-preview:-1\" \/>\n<link rel=\"canonical\" href=\"https:\/\/www.jct-huolto.fi\/kauppa\/tuote\/lenovo-thinkpad-t490s-14-huippukuntoinen\/\" \/>\n<meta property=\"og:locale\" content=\"fi_FI\" \/>\n<meta property=\"og:type\" content=\"article\" \/>\n<meta property=\"og:title\" content=\"Lenovo ThinkPad T490S 14&quot; i5\/16Gb\/512Gb SIM Huippukuntoinen - JCT-Huolto Kauppa\" \/>\n<meta property=\"og:description\" content=\"Huippukuntoinen ja t\u00e4ydellisesti toimiva kevyt sek\u00e4 kest\u00e4v\u00e4 yritysluokan kone. Katso kuntoluokitukset &#8211; Core i5-8365U prosessori &#8211; 16Gb DDR4 muisti &#8211; 512Gb SSD tallennustila &#8211; N\u00e4ytt\u00f6 14&#8243; FullHD (1920 x 1080) &#8211; Liit\u00e4nn\u00e4t: HDMI, Kuuloke-mikrofoni-liit\u00e4nt\u00e4, 2x USB, 2x USB-C TB3 &#8211; Sim-korttipaikka + Modeemi 4G LTE &#8211; Kasvotunnistus + Sormenj\u00e4lkitunnistin &#8211; Taustavalaistu n\u00e4pp\u00e4imist\u00f6 (Nordic) &#8211; Win [&hellip;]\" \/>\n<meta property=\"og:url\" content=\"https:\/\/www.jct-huolto.fi\/kauppa\/tuote\/lenovo-thinkpad-t490s-14-huippukuntoinen\/\" \/>\n<meta property=\"og:site_name\" content=\"JCT-Huolto Kauppa\" \/>\n<meta property=\"article:modified_time\" content=\"2026-03-24T15:17:05+00:00\" \/>\n<meta property=\"og:image\" content=\"https:\/\/www.jct-huolto.fi\/kauppa\/wp-content\/uploads\/2023\/07\/Thinkpad_t490s_sormitunnistin.jpg\" \/>\n\t<meta property=\"og:image:width\" content=\"500\" \/>\n\t<meta property=\"og:image:height\" content=\"667\" \/>\n\t<meta property=\"og:image:type\" content=\"image\/jpeg\" \/>\n<meta name=\"twitter:card\" content=\"summary_large_image\" \/>\n<meta name=\"twitter:label1\" content=\"Arvioitu lukuaika\" \/>\n\t<meta name=\"twitter:data1\" content=\"1 minuutti\" \/>\n<script type=\"application\/ld+json\" class=\"yoast-schema-graph\">{\"@context\":\"https:\/\/schema.org\",\"@graph\":[{\"@type\":\"WebPage\",\"@id\":\"https:\/\/www.jct-huolto.fi\/kauppa\/tuote\/lenovo-thinkpad-t490s-14-huippukuntoinen\/\",\"url\":\"https:\/\/www.jct-huolto.fi\/kauppa\/tuote\/lenovo-thinkpad-t490s-14-huippukuntoinen\/\",\"name\":\"Lenovo ThinkPad T490S 14\\\" i5\/16Gb\/512Gb SIM Huippukuntoinen - JCT-Huolto Kauppa\",\"isPartOf\":{\"@id\":\"https:\/\/www.jct-huolto.fi\/kauppa\/#website\"},\"datePublished\":\"2025-03-11T14:32:40+00:00\",\"dateModified\":\"2026-03-24T15:17:05+00:00\",\"breadcrumb\":{\"@id\":\"https:\/\/www.jct-huolto.fi\/kauppa\/tuote\/lenovo-thinkpad-t490s-14-huippukuntoinen\/#breadcrumb\"},\"inLanguage\":\"fi\",\"potentialAction\":[{\"@type\":\"ReadAction\",\"target\":[\"https:\/\/www.jct-huolto.fi\/kauppa\/tuote\/lenovo-thinkpad-t490s-14-huippukuntoinen\/\"]}]},{\"@type\":\"BreadcrumbList\",\"@id\":\"https:\/\/www.jct-huolto.fi\/kauppa\/tuote\/lenovo-thinkpad-t490s-14-huippukuntoinen\/#breadcrumb\",\"itemListElement\":[{\"@type\":\"ListItem\",\"position\":1,\"name\":\"Etusivu\",\"item\":\"https:\/\/www.jct-huolto.fi\/kauppa\/\"},{\"@type\":\"ListItem\",\"position\":2,\"name\":\"Kauppa\",\"item\":\"https:\/\/www.jct-huolto.fi\/kauppa\/kauppa\/\"},{\"@type\":\"ListItem\",\"position\":3,\"name\":\"Lenovo ThinkPad T490S 14&#8243; i5\/16Gb\/512Gb SIM Huippukuntoinen\"}]},{\"@type\":\"WebSite\",\"@id\":\"https:\/\/www.jct-huolto.fi\/kauppa\/#website\",\"url\":\"https:\/\/www.jct-huolto.fi\/kauppa\/\",\"name\":\"JCT-Huolto Kauppa\",\"description\":\"K&auml;ytetyt puhelimet ja tietokoneet\",\"publisher\":{\"@id\":\"https:\/\/www.jct-huolto.fi\/kauppa\/#organization\"},\"potentialAction\":[{\"@type\":\"SearchAction\",\"target\":{\"@type\":\"EntryPoint\",\"urlTemplate\":\"https:\/\/www.jct-huolto.fi\/kauppa\/?s={search_term_string}\"},\"query-input\":\"required name=search_term_string\"}],\"inLanguage\":\"fi\"},{\"@type\":\"Organization\",\"@id\":\"https:\/\/www.jct-huolto.fi\/kauppa\/#organization\",\"name\":\"JCT-Huolto Oy\",\"url\":\"https:\/\/www.jct-huolto.fi\/kauppa\/\",\"logo\":{\"@type\":\"ImageObject\",\"inLanguage\":\"fi\",\"@id\":\"https:\/\/www.jct-huolto.fi\/kauppa\/#\/schema\/logo\/image\/\",\"url\":\"https:\/\/www.jct-huolto.fi\/kauppa\/wp-content\/uploads\/2019\/07\/cropped-kauppalogo2-1.jpg\",\"contentUrl\":\"https:\/\/www.jct-huolto.fi\/kauppa\/wp-content\/uploads\/2019\/07\/cropped-kauppalogo2-1.jpg\",\"width\":320,\"height\":112,\"caption\":\"JCT-Huolto Oy\"},\"image\":{\"@id\":\"https:\/\/www.jct-huolto.fi\/kauppa\/#\/schema\/logo\/image\/\"}}]}<\/script>\n<!-- \/ Yoast SEO plugin. -->","yoast_head_json":{"title":"Lenovo ThinkPad T490S 14\" i5\/16Gb\/512Gb SIM Huippukuntoinen - JCT-Huolto Kauppa","robots":{"index":"index","follow":"follow","max-snippet":"max-snippet:-1","max-image-preview":"max-image-preview:large","max-video-preview":"max-video-preview:-1"},"canonical":"https:\/\/www.jct-huolto.fi\/kauppa\/tuote\/lenovo-thinkpad-t490s-14-huippukuntoinen\/","og_locale":"fi_FI","og_type":"article","og_title":"Lenovo ThinkPad T490S 14\" i5\/16Gb\/512Gb SIM Huippukuntoinen - JCT-Huolto Kauppa","og_description":"Huippukuntoinen ja t\u00e4ydellisesti toimiva kevyt sek\u00e4 kest\u00e4v\u00e4 yritysluokan kone. Katso kuntoluokitukset &#8211; Core i5-8365U prosessori &#8211; 16Gb DDR4 muisti &#8211; 512Gb SSD tallennustila &#8211; N\u00e4ytt\u00f6 14&#8243; FullHD (1920 x 1080) &#8211; Liit\u00e4nn\u00e4t: HDMI, Kuuloke-mikrofoni-liit\u00e4nt\u00e4, 2x USB, 2x USB-C TB3 &#8211; Sim-korttipaikka + Modeemi 4G LTE &#8211; Kasvotunnistus + Sormenj\u00e4lkitunnistin &#8211; Taustavalaistu n\u00e4pp\u00e4imist\u00f6 (Nordic) &#8211; Win [&hellip;]","og_url":"https:\/\/www.jct-huolto.fi\/kauppa\/tuote\/lenovo-thinkpad-t490s-14-huippukuntoinen\/","og_site_name":"JCT-Huolto Kauppa","article_modified_time":"2026-03-24T15:17:05+00:00","og_image":[{"width":500,"height":667,"url":"https:\/\/www.jct-huolto.fi\/kauppa\/wp-content\/uploads\/2023\/07\/Thinkpad_t490s_sormitunnistin.jpg","type":"image\/jpeg"}],"twitter_card":"summary_large_image","twitter_misc":{"Arvioitu lukuaika":"1 minuutti"},"schema":{"@context":"https:\/\/schema.org","@graph":[{"@type":"WebPage","@id":"https:\/\/www.jct-huolto.fi\/kauppa\/tuote\/lenovo-thinkpad-t490s-14-huippukuntoinen\/","url":"https:\/\/www.jct-huolto.fi\/kauppa\/tuote\/lenovo-thinkpad-t490s-14-huippukuntoinen\/","name":"Lenovo ThinkPad T490S 14\" i5\/16Gb\/512Gb SIM Huippukuntoinen - JCT-Huolto Kauppa","isPartOf":{"@id":"https:\/\/www.jct-huolto.fi\/kauppa\/#website"},"datePublished":"2025-03-11T14:32:40+00:00","dateModified":"2026-03-24T15:17:05+00:00","breadcrumb":{"@id":"https:\/\/www.jct-huolto.fi\/kauppa\/tuote\/lenovo-thinkpad-t490s-14-huippukuntoinen\/#breadcrumb"},"inLanguage":"fi","potentialAction":[{"@type":"ReadAction","target":["https:\/\/www.jct-huolto.fi\/kauppa\/tuote\/lenovo-thinkpad-t490s-14-huippukuntoinen\/"]}]},{"@type":"BreadcrumbList","@id":"https:\/\/www.jct-huolto.fi\/kauppa\/tuote\/lenovo-thinkpad-t490s-14-huippukuntoinen\/#breadcrumb","itemListElement":[{"@type":"ListItem","position":1,"name":"Etusivu","item":"https:\/\/www.jct-huolto.fi\/kauppa\/"},{"@type":"ListItem","position":2,"name":"Kauppa","item":"https:\/\/www.jct-huolto.fi\/kauppa\/kauppa\/"},{"@type":"ListItem","position":3,"name":"Lenovo ThinkPad T490S 14&#8243; i5\/16Gb\/512Gb SIM Huippukuntoinen"}]},{"@type":"WebSite","@id":"https:\/\/www.jct-huolto.fi\/kauppa\/#website","url":"https:\/\/www.jct-huolto.fi\/kauppa\/","name":"JCT-Huolto Kauppa","description":"K&auml;ytetyt puhelimet ja tietokoneet","publisher":{"@id":"https:\/\/www.jct-huolto.fi\/kauppa\/#organization"},"potentialAction":[{"@type":"SearchAction","target":{"@type":"EntryPoint","urlTemplate":"https:\/\/www.jct-huolto.fi\/kauppa\/?s={search_term_string}"},"query-input":"required name=search_term_string"}],"inLanguage":"fi"},{"@type":"Organization","@id":"https:\/\/www.jct-huolto.fi\/kauppa\/#organization","name":"JCT-Huolto Oy","url":"https:\/\/www.jct-huolto.fi\/kauppa\/","logo":{"@type":"ImageObject","inLanguage":"fi","@id":"https:\/\/www.jct-huolto.fi\/kauppa\/#\/schema\/logo\/image\/","url":"https:\/\/www.jct-huolto.fi\/kauppa\/wp-content\/uploads\/2019\/07\/cropped-kauppalogo2-1.jpg","contentUrl":"https:\/\/www.jct-huolto.fi\/kauppa\/wp-content\/uploads\/2019\/07\/cropped-kauppalogo2-1.jpg","width":320,"height":112,"caption":"JCT-Huolto Oy"},"image":{"@id":"https:\/\/www.jct-huolto.fi\/kauppa\/#\/schema\/logo\/image\/"}}]}},"_links":{"self":[{"href":"https:\/\/www.jct-huolto.fi\/kauppa\/wp-json\/wp\/v2\/product\/18360"}],"collection":[{"href":"https:\/\/www.jct-huolto.fi\/kauppa\/wp-json\/wp\/v2\/product"}],"about":[{"href":"https:\/\/www.jct-huolto.fi\/kauppa\/wp-json\/wp\/v2\/types\/product"}],"wp:featuredmedia":[{"embeddable":true,"href":"https:\/\/www.jct-huolto.fi\/kauppa\/wp-json\/wp\/v2\/media\/17084"}],"wp:attachment":[{"href":"https:\/\/www.jct-huolto.fi\/kauppa\/wp-json\/wp\/v2\/media?parent=18360"}],"wp:term":[{"taxonomy":"product_cat","embeddable":true,"href":"https:\/\/www.jct-huolto.fi\/kauppa\/wp-json\/wp\/v2\/product_cat?post=18360"},{"taxonomy":"product_tag","embeddable":true,"href":"https:\/\/www.jct-huolto.fi\/kauppa\/wp-json\/wp\/v2\/product_tag?post=18360"}],"curies":[{"name":"wp","href":"https:\/\/api.w.org\/{rel}","templated":true}]}}