{"id":17319,"date":"2023-11-07T11:54:04","date_gmt":"2023-11-07T09:54:04","guid":{"rendered":"https:\/\/www.jct-huolto.fi\/kauppa\/?post_type=product&#038;p=17319"},"modified":"2026-03-30T16:16:16","modified_gmt":"2026-03-30T13:16:16","slug":"macbook-pro-14-2021-m1-16gb-512gb","status":"publish","type":"product","link":"https:\/\/www.jct-huolto.fi\/kauppa\/tuote\/macbook-pro-14-2021-m1-16gb-512gb\/","title":{"rendered":"Macbook Pro 14&#8243; 2021 M1 Pro 16Gb\/512Gb Hyv\u00e4kuntoinen"},"content":{"rendered":"<p>Hyv\u00e4kuntoinen ja t\u00e4ydellisesti toimiva tehokas kone M1 Pro-prosessorilla ja 14 tuuman n\u00e4yt\u00f6ll\u00e4. Koneen v\u00e4ri T\u00e4htiharmaa.<\/p>\n<p><a href=\"https:\/\/www.jct-huolto.fi\/kauppa\/kuntoluokitukset\/\" target=\"_blank\" rel=\"noopener noreferrer\"><em>Katso kuntoluokitukset<\/em><\/a><\/p>\n<p>&#8211; Apple M1 pro -j\u00e4rjestelm\u00e4siru 8 ydint\u00e4<br \/>\n&#8211; 16Gb muisti<br \/>\n&#8211; 512Gb SSD<br \/>\n&#8211; N\u00e4yt\u00f6nohjain 14 ydint\u00e4.<br \/>\n&#8211; Sormenj\u00e4lkitunnistin<br \/>\n&#8211; macOS Tahoe- k\u00e4ytt\u00f6j\u00e4rjestelm\u00e4<br \/>\n&#8211; FIN (suomi) -n\u00e4pp\u00e4imist\u00f6asettelu<br \/>\n&#8211; Akkua k\u00e4ytetty 226 lataussykli\u00e4 (kunto 86%).<br \/>\n&#8211; Mukaan laturi.<br \/>\n&#8211; My\u00f6nn\u00e4mme laitteelle 12kk takuun.<br \/>\n&#8211; Sis. alv<\/p>\n","protected":false},"excerpt":{"rendered":"<p>Hyv\u00e4kuntoinen ja t\u00e4ydellisesti toimiva tehokas kone M1 Pro-prosessorilla ja 14 tuuman n\u00e4yt\u00f6ll\u00e4. Koneen v\u00e4ri T\u00e4htiharmaa. Katso kuntoluokitukset &#8211; Apple M1 pro -j\u00e4rjestelm\u00e4siru 8 ydint\u00e4 &#8211; 16Gb muisti &#8211; 512Gb SSD &#8211; N\u00e4yt\u00f6nohjain 14 ydint\u00e4. &#8211; Sormenj\u00e4lkitunnistin &#8211; macOS Tahoe- k\u00e4ytt\u00f6j\u00e4rjestelm\u00e4 &#8211; FIN (suomi) -n\u00e4pp\u00e4imist\u00f6asettelu &#8211; Akkua k\u00e4ytetty 226 lataussykli\u00e4 (kunto 86%). &#8211; Mukaan laturi. &#8211; [&hellip;]<\/p>\n","protected":false},"featured_media":17320,"template":"","meta":[],"product_cat":[20,33],"product_tag":[],"yoast_head":"<!-- This site is optimized with the Yoast SEO plugin v21.9.1 - https:\/\/yoast.com\/wordpress\/plugins\/seo\/ -->\n<title>Macbook Pro 14&quot; 2021 M1 Pro 16Gb\/512Gb Hyv\u00e4kuntoinen - JCT-Huolto Kauppa<\/title>\n<meta name=\"robots\" content=\"index, follow, max-snippet:-1, max-image-preview:large, max-video-preview:-1\" \/>\n<link rel=\"canonical\" href=\"https:\/\/www.jct-huolto.fi\/kauppa\/tuote\/macbook-pro-14-2021-m1-16gb-512gb\/\" \/>\n<meta property=\"og:locale\" content=\"fi_FI\" \/>\n<meta property=\"og:type\" content=\"article\" \/>\n<meta property=\"og:title\" content=\"Macbook Pro 14&quot; 2021 M1 Pro 16Gb\/512Gb Hyv\u00e4kuntoinen - JCT-Huolto Kauppa\" \/>\n<meta property=\"og:description\" content=\"Hyv\u00e4kuntoinen ja t\u00e4ydellisesti toimiva tehokas kone M1 Pro-prosessorilla ja 14 tuuman n\u00e4yt\u00f6ll\u00e4. Koneen v\u00e4ri T\u00e4htiharmaa. Katso kuntoluokitukset &#8211; Apple M1 pro -j\u00e4rjestelm\u00e4siru 8 ydint\u00e4 &#8211; 16Gb muisti &#8211; 512Gb SSD &#8211; N\u00e4yt\u00f6nohjain 14 ydint\u00e4. &#8211; Sormenj\u00e4lkitunnistin &#8211; macOS Tahoe- k\u00e4ytt\u00f6j\u00e4rjestelm\u00e4 &#8211; FIN (suomi) -n\u00e4pp\u00e4imist\u00f6asettelu &#8211; Akkua k\u00e4ytetty 226 lataussykli\u00e4 (kunto 86%). &#8211; Mukaan laturi. &#8211; [&hellip;]\" \/>\n<meta property=\"og:url\" content=\"https:\/\/www.jct-huolto.fi\/kauppa\/tuote\/macbook-pro-14-2021-m1-16gb-512gb\/\" \/>\n<meta property=\"og:site_name\" content=\"JCT-Huolto Kauppa\" \/>\n<meta property=\"article:modified_time\" content=\"2026-03-30T13:16:16+00:00\" \/>\n<meta property=\"og:image\" content=\"https:\/\/www.jct-huolto.fi\/kauppa\/wp-content\/uploads\/2023\/11\/macbook_pro_14_2021_tharmaa.jpg\" \/>\n\t<meta property=\"og:image:width\" content=\"500\" \/>\n\t<meta property=\"og:image:height\" content=\"500\" \/>\n\t<meta property=\"og:image:type\" content=\"image\/jpeg\" \/>\n<meta name=\"twitter:card\" content=\"summary_large_image\" \/>\n<meta name=\"twitter:label1\" content=\"Arvioitu lukuaika\" \/>\n\t<meta name=\"twitter:data1\" content=\"1 minuutti\" \/>\n<script type=\"application\/ld+json\" class=\"yoast-schema-graph\">{\"@context\":\"https:\/\/schema.org\",\"@graph\":[{\"@type\":\"WebPage\",\"@id\":\"https:\/\/www.jct-huolto.fi\/kauppa\/tuote\/macbook-pro-14-2021-m1-16gb-512gb\/\",\"url\":\"https:\/\/www.jct-huolto.fi\/kauppa\/tuote\/macbook-pro-14-2021-m1-16gb-512gb\/\",\"name\":\"Macbook Pro 14\\\" 2021 M1 Pro 16Gb\/512Gb Hyv\u00e4kuntoinen - JCT-Huolto Kauppa\",\"isPartOf\":{\"@id\":\"https:\/\/www.jct-huolto.fi\/kauppa\/#website\"},\"datePublished\":\"2023-11-07T09:54:04+00:00\",\"dateModified\":\"2026-03-30T13:16:16+00:00\",\"breadcrumb\":{\"@id\":\"https:\/\/www.jct-huolto.fi\/kauppa\/tuote\/macbook-pro-14-2021-m1-16gb-512gb\/#breadcrumb\"},\"inLanguage\":\"fi\",\"potentialAction\":[{\"@type\":\"ReadAction\",\"target\":[\"https:\/\/www.jct-huolto.fi\/kauppa\/tuote\/macbook-pro-14-2021-m1-16gb-512gb\/\"]}]},{\"@type\":\"BreadcrumbList\",\"@id\":\"https:\/\/www.jct-huolto.fi\/kauppa\/tuote\/macbook-pro-14-2021-m1-16gb-512gb\/#breadcrumb\",\"itemListElement\":[{\"@type\":\"ListItem\",\"position\":1,\"name\":\"Etusivu\",\"item\":\"https:\/\/www.jct-huolto.fi\/kauppa\/\"},{\"@type\":\"ListItem\",\"position\":2,\"name\":\"Kauppa\",\"item\":\"https:\/\/www.jct-huolto.fi\/kauppa\/kauppa\/\"},{\"@type\":\"ListItem\",\"position\":3,\"name\":\"Macbook Pro 14&#8243; 2021 M1 Pro 16Gb\/512Gb Hyv\u00e4kuntoinen\"}]},{\"@type\":\"WebSite\",\"@id\":\"https:\/\/www.jct-huolto.fi\/kauppa\/#website\",\"url\":\"https:\/\/www.jct-huolto.fi\/kauppa\/\",\"name\":\"JCT-Huolto Kauppa\",\"description\":\"K&auml;ytetyt puhelimet ja tietokoneet\",\"publisher\":{\"@id\":\"https:\/\/www.jct-huolto.fi\/kauppa\/#organization\"},\"potentialAction\":[{\"@type\":\"SearchAction\",\"target\":{\"@type\":\"EntryPoint\",\"urlTemplate\":\"https:\/\/www.jct-huolto.fi\/kauppa\/?s={search_term_string}\"},\"query-input\":\"required name=search_term_string\"}],\"inLanguage\":\"fi\"},{\"@type\":\"Organization\",\"@id\":\"https:\/\/www.jct-huolto.fi\/kauppa\/#organization\",\"name\":\"JCT-Huolto Oy\",\"url\":\"https:\/\/www.jct-huolto.fi\/kauppa\/\",\"logo\":{\"@type\":\"ImageObject\",\"inLanguage\":\"fi\",\"@id\":\"https:\/\/www.jct-huolto.fi\/kauppa\/#\/schema\/logo\/image\/\",\"url\":\"https:\/\/www.jct-huolto.fi\/kauppa\/wp-content\/uploads\/2019\/07\/cropped-kauppalogo2-1.jpg\",\"contentUrl\":\"https:\/\/www.jct-huolto.fi\/kauppa\/wp-content\/uploads\/2019\/07\/cropped-kauppalogo2-1.jpg\",\"width\":320,\"height\":112,\"caption\":\"JCT-Huolto Oy\"},\"image\":{\"@id\":\"https:\/\/www.jct-huolto.fi\/kauppa\/#\/schema\/logo\/image\/\"}}]}<\/script>\n<!-- \/ Yoast SEO plugin. -->","yoast_head_json":{"title":"Macbook Pro 14\" 2021 M1 Pro 16Gb\/512Gb Hyv\u00e4kuntoinen - JCT-Huolto Kauppa","robots":{"index":"index","follow":"follow","max-snippet":"max-snippet:-1","max-image-preview":"max-image-preview:large","max-video-preview":"max-video-preview:-1"},"canonical":"https:\/\/www.jct-huolto.fi\/kauppa\/tuote\/macbook-pro-14-2021-m1-16gb-512gb\/","og_locale":"fi_FI","og_type":"article","og_title":"Macbook Pro 14\" 2021 M1 Pro 16Gb\/512Gb Hyv\u00e4kuntoinen - JCT-Huolto Kauppa","og_description":"Hyv\u00e4kuntoinen ja t\u00e4ydellisesti toimiva tehokas kone M1 Pro-prosessorilla ja 14 tuuman n\u00e4yt\u00f6ll\u00e4. Koneen v\u00e4ri T\u00e4htiharmaa. Katso kuntoluokitukset &#8211; Apple M1 pro -j\u00e4rjestelm\u00e4siru 8 ydint\u00e4 &#8211; 16Gb muisti &#8211; 512Gb SSD &#8211; N\u00e4yt\u00f6nohjain 14 ydint\u00e4. &#8211; Sormenj\u00e4lkitunnistin &#8211; macOS Tahoe- k\u00e4ytt\u00f6j\u00e4rjestelm\u00e4 &#8211; FIN (suomi) -n\u00e4pp\u00e4imist\u00f6asettelu &#8211; Akkua k\u00e4ytetty 226 lataussykli\u00e4 (kunto 86%). &#8211; Mukaan laturi. &#8211; [&hellip;]","og_url":"https:\/\/www.jct-huolto.fi\/kauppa\/tuote\/macbook-pro-14-2021-m1-16gb-512gb\/","og_site_name":"JCT-Huolto Kauppa","article_modified_time":"2026-03-30T13:16:16+00:00","og_image":[{"width":500,"height":500,"url":"https:\/\/www.jct-huolto.fi\/kauppa\/wp-content\/uploads\/2023\/11\/macbook_pro_14_2021_tharmaa.jpg","type":"image\/jpeg"}],"twitter_card":"summary_large_image","twitter_misc":{"Arvioitu lukuaika":"1 minuutti"},"schema":{"@context":"https:\/\/schema.org","@graph":[{"@type":"WebPage","@id":"https:\/\/www.jct-huolto.fi\/kauppa\/tuote\/macbook-pro-14-2021-m1-16gb-512gb\/","url":"https:\/\/www.jct-huolto.fi\/kauppa\/tuote\/macbook-pro-14-2021-m1-16gb-512gb\/","name":"Macbook Pro 14\" 2021 M1 Pro 16Gb\/512Gb Hyv\u00e4kuntoinen - JCT-Huolto Kauppa","isPartOf":{"@id":"https:\/\/www.jct-huolto.fi\/kauppa\/#website"},"datePublished":"2023-11-07T09:54:04+00:00","dateModified":"2026-03-30T13:16:16+00:00","breadcrumb":{"@id":"https:\/\/www.jct-huolto.fi\/kauppa\/tuote\/macbook-pro-14-2021-m1-16gb-512gb\/#breadcrumb"},"inLanguage":"fi","potentialAction":[{"@type":"ReadAction","target":["https:\/\/www.jct-huolto.fi\/kauppa\/tuote\/macbook-pro-14-2021-m1-16gb-512gb\/"]}]},{"@type":"BreadcrumbList","@id":"https:\/\/www.jct-huolto.fi\/kauppa\/tuote\/macbook-pro-14-2021-m1-16gb-512gb\/#breadcrumb","itemListElement":[{"@type":"ListItem","position":1,"name":"Etusivu","item":"https:\/\/www.jct-huolto.fi\/kauppa\/"},{"@type":"ListItem","position":2,"name":"Kauppa","item":"https:\/\/www.jct-huolto.fi\/kauppa\/kauppa\/"},{"@type":"ListItem","position":3,"name":"Macbook Pro 14&#8243; 2021 M1 Pro 16Gb\/512Gb Hyv\u00e4kuntoinen"}]},{"@type":"WebSite","@id":"https:\/\/www.jct-huolto.fi\/kauppa\/#website","url":"https:\/\/www.jct-huolto.fi\/kauppa\/","name":"JCT-Huolto Kauppa","description":"K&auml;ytetyt puhelimet ja tietokoneet","publisher":{"@id":"https:\/\/www.jct-huolto.fi\/kauppa\/#organization"},"potentialAction":[{"@type":"SearchAction","target":{"@type":"EntryPoint","urlTemplate":"https:\/\/www.jct-huolto.fi\/kauppa\/?s={search_term_string}"},"query-input":"required name=search_term_string"}],"inLanguage":"fi"},{"@type":"Organization","@id":"https:\/\/www.jct-huolto.fi\/kauppa\/#organization","name":"JCT-Huolto Oy","url":"https:\/\/www.jct-huolto.fi\/kauppa\/","logo":{"@type":"ImageObject","inLanguage":"fi","@id":"https:\/\/www.jct-huolto.fi\/kauppa\/#\/schema\/logo\/image\/","url":"https:\/\/www.jct-huolto.fi\/kauppa\/wp-content\/uploads\/2019\/07\/cropped-kauppalogo2-1.jpg","contentUrl":"https:\/\/www.jct-huolto.fi\/kauppa\/wp-content\/uploads\/2019\/07\/cropped-kauppalogo2-1.jpg","width":320,"height":112,"caption":"JCT-Huolto Oy"},"image":{"@id":"https:\/\/www.jct-huolto.fi\/kauppa\/#\/schema\/logo\/image\/"}}]}},"_links":{"self":[{"href":"https:\/\/www.jct-huolto.fi\/kauppa\/wp-json\/wp\/v2\/product\/17319"}],"collection":[{"href":"https:\/\/www.jct-huolto.fi\/kauppa\/wp-json\/wp\/v2\/product"}],"about":[{"href":"https:\/\/www.jct-huolto.fi\/kauppa\/wp-json\/wp\/v2\/types\/product"}],"wp:featuredmedia":[{"embeddable":true,"href":"https:\/\/www.jct-huolto.fi\/kauppa\/wp-json\/wp\/v2\/media\/17320"}],"wp:attachment":[{"href":"https:\/\/www.jct-huolto.fi\/kauppa\/wp-json\/wp\/v2\/media?parent=17319"}],"wp:term":[{"taxonomy":"product_cat","embeddable":true,"href":"https:\/\/www.jct-huolto.fi\/kauppa\/wp-json\/wp\/v2\/product_cat?post=17319"},{"taxonomy":"product_tag","embeddable":true,"href":"https:\/\/www.jct-huolto.fi\/kauppa\/wp-json\/wp\/v2\/product_tag?post=17319"}],"curies":[{"name":"wp","href":"https:\/\/api.w.org\/{rel}","templated":true}]}}