{"id":15431,"date":"2021-10-25T16:44:19","date_gmt":"2021-10-25T13:44:19","guid":{"rendered":"https:\/\/www.jct-huolto.fi\/kauppa\/?post_type=product&#038;p=15431"},"modified":"2026-03-30T12:46:42","modified_gmt":"2026-03-30T09:46:42","slug":"lenovo-thinkpad-t495-ryzen","status":"publish","type":"product","link":"https:\/\/www.jct-huolto.fi\/kauppa\/tuote\/lenovo-thinkpad-t495-ryzen\/","title":{"rendered":"Lenovo Thinkpad T495 14&#8243; Ryzen 3 Pro\/8Gb\/256Gb Huippukuntoinen"},"content":{"rendered":"<p>Huippukuntoinen ja t\u00e4ydellisesti toimiva kevyt sek\u00e4 kest\u00e4v\u00e4 yritysluokan kone kovaan ajoon Ryzen -suorittimella.<br \/>\n<a href=\"https:\/\/www.jct-huolto.fi\/kauppa\/kuntoluokitukset\/\">Katso kuntoluokitukset<\/a><\/p>\n<p>&#8211; Ryzen 3 Pro 3300U-prosessori<br \/>\n&#8211; 8Gb DDR4 muisti<br \/>\n&#8211; 256Gb SSD tallennustila<br \/>\n&#8211; N\u00e4ytt\u00f6 14&#8243; Full HD IPS 1920&#215;1080<br \/>\n&#8211; Liit\u00e4nn\u00e4t: RJ45 Ethernet, HDMI, Muistikortinlukija, Kuuloke-mikrofoni-liit\u00e4nt\u00e4, 2x USB 3.1, 1x USB-C<br \/>\n&#8211; Taustavalaistu n\u00e4pp\u00e4imist\u00f6 (Nordic)<br \/>\n&#8211; Win 11 Pro FI k\u00e4ytt\u00f6j\u00e4rjestelm\u00e4<br \/>\n&#8211; Mukana laturi<br \/>\n&#8211; My\u00f6nn\u00e4mme laitteelle 12kk takuun<br \/>\n&#8211; Sis. Alv<\/p>\n","protected":false},"excerpt":{"rendered":"<p>Huippukuntoinen ja t\u00e4ydellisesti toimiva kevyt sek\u00e4 kest\u00e4v\u00e4 yritysluokan kone kovaan ajoon Ryzen -suorittimella. Katso kuntoluokitukset &#8211; Ryzen 3 Pro 3300U-prosessori &#8211; 8Gb DDR4 muisti &#8211; 256Gb SSD tallennustila &#8211; N\u00e4ytt\u00f6 14&#8243; Full HD IPS 1920&#215;1080 &#8211; Liit\u00e4nn\u00e4t: RJ45 Ethernet, HDMI, Muistikortinlukija, Kuuloke-mikrofoni-liit\u00e4nt\u00e4, 2x USB 3.1, 1x USB-C &#8211; Taustavalaistu n\u00e4pp\u00e4imist\u00f6 (Nordic) &#8211; Win 11 Pro [&hellip;]<\/p>\n","protected":false},"featured_media":15432,"template":"","meta":[],"product_cat":[62,20,52],"product_tag":[],"yoast_head":"<!-- This site is optimized with the Yoast SEO plugin v21.9.1 - https:\/\/yoast.com\/wordpress\/plugins\/seo\/ -->\n<title>Lenovo Thinkpad T495 14&quot; Ryzen 3 Pro\/8Gb\/256Gb Huippukuntoinen - JCT-Huolto Kauppa<\/title>\n<meta name=\"robots\" content=\"index, follow, max-snippet:-1, max-image-preview:large, max-video-preview:-1\" \/>\n<link rel=\"canonical\" href=\"https:\/\/www.jct-huolto.fi\/kauppa\/tuote\/lenovo-thinkpad-t495-ryzen\/\" \/>\n<meta property=\"og:locale\" content=\"fi_FI\" \/>\n<meta property=\"og:type\" content=\"article\" \/>\n<meta property=\"og:title\" content=\"Lenovo Thinkpad T495 14&quot; Ryzen 3 Pro\/8Gb\/256Gb Huippukuntoinen - JCT-Huolto Kauppa\" \/>\n<meta property=\"og:description\" content=\"Huippukuntoinen ja t\u00e4ydellisesti toimiva kevyt sek\u00e4 kest\u00e4v\u00e4 yritysluokan kone kovaan ajoon Ryzen -suorittimella. Katso kuntoluokitukset &#8211; Ryzen 3 Pro 3300U-prosessori &#8211; 8Gb DDR4 muisti &#8211; 256Gb SSD tallennustila &#8211; N\u00e4ytt\u00f6 14&#8243; Full HD IPS 1920&#215;1080 &#8211; Liit\u00e4nn\u00e4t: RJ45 Ethernet, HDMI, Muistikortinlukija, Kuuloke-mikrofoni-liit\u00e4nt\u00e4, 2x USB 3.1, 1x USB-C &#8211; Taustavalaistu n\u00e4pp\u00e4imist\u00f6 (Nordic) &#8211; Win 11 Pro [&hellip;]\" \/>\n<meta property=\"og:url\" content=\"https:\/\/www.jct-huolto.fi\/kauppa\/tuote\/lenovo-thinkpad-t495-ryzen\/\" \/>\n<meta property=\"og:site_name\" content=\"JCT-Huolto Kauppa\" \/>\n<meta property=\"article:modified_time\" content=\"2026-03-30T09:46:42+00:00\" \/>\n<meta property=\"og:image\" content=\"https:\/\/www.jct-huolto.fi\/kauppa\/wp-content\/uploads\/2021\/10\/Lenovo_Thinkpad_T495_4.jpg\" \/>\n\t<meta property=\"og:image:width\" content=\"500\" \/>\n\t<meta property=\"og:image:height\" content=\"889\" \/>\n\t<meta property=\"og:image:type\" content=\"image\/jpeg\" \/>\n<meta name=\"twitter:card\" content=\"summary_large_image\" \/>\n<meta name=\"twitter:label1\" content=\"Arvioitu lukuaika\" \/>\n\t<meta name=\"twitter:data1\" content=\"1 minuutti\" \/>\n<script type=\"application\/ld+json\" class=\"yoast-schema-graph\">{\"@context\":\"https:\/\/schema.org\",\"@graph\":[{\"@type\":\"WebPage\",\"@id\":\"https:\/\/www.jct-huolto.fi\/kauppa\/tuote\/lenovo-thinkpad-t495-ryzen\/\",\"url\":\"https:\/\/www.jct-huolto.fi\/kauppa\/tuote\/lenovo-thinkpad-t495-ryzen\/\",\"name\":\"Lenovo Thinkpad T495 14\\\" Ryzen 3 Pro\/8Gb\/256Gb Huippukuntoinen - JCT-Huolto Kauppa\",\"isPartOf\":{\"@id\":\"https:\/\/www.jct-huolto.fi\/kauppa\/#website\"},\"datePublished\":\"2021-10-25T13:44:19+00:00\",\"dateModified\":\"2026-03-30T09:46:42+00:00\",\"breadcrumb\":{\"@id\":\"https:\/\/www.jct-huolto.fi\/kauppa\/tuote\/lenovo-thinkpad-t495-ryzen\/#breadcrumb\"},\"inLanguage\":\"fi\",\"potentialAction\":[{\"@type\":\"ReadAction\",\"target\":[\"https:\/\/www.jct-huolto.fi\/kauppa\/tuote\/lenovo-thinkpad-t495-ryzen\/\"]}]},{\"@type\":\"BreadcrumbList\",\"@id\":\"https:\/\/www.jct-huolto.fi\/kauppa\/tuote\/lenovo-thinkpad-t495-ryzen\/#breadcrumb\",\"itemListElement\":[{\"@type\":\"ListItem\",\"position\":1,\"name\":\"Etusivu\",\"item\":\"https:\/\/www.jct-huolto.fi\/kauppa\/\"},{\"@type\":\"ListItem\",\"position\":2,\"name\":\"Kauppa\",\"item\":\"https:\/\/www.jct-huolto.fi\/kauppa\/kauppa\/\"},{\"@type\":\"ListItem\",\"position\":3,\"name\":\"Lenovo Thinkpad T495 14&#8243; Ryzen 3 Pro\/8Gb\/256Gb Huippukuntoinen\"}]},{\"@type\":\"WebSite\",\"@id\":\"https:\/\/www.jct-huolto.fi\/kauppa\/#website\",\"url\":\"https:\/\/www.jct-huolto.fi\/kauppa\/\",\"name\":\"JCT-Huolto Kauppa\",\"description\":\"K&auml;ytetyt puhelimet ja tietokoneet\",\"publisher\":{\"@id\":\"https:\/\/www.jct-huolto.fi\/kauppa\/#organization\"},\"potentialAction\":[{\"@type\":\"SearchAction\",\"target\":{\"@type\":\"EntryPoint\",\"urlTemplate\":\"https:\/\/www.jct-huolto.fi\/kauppa\/?s={search_term_string}\"},\"query-input\":\"required name=search_term_string\"}],\"inLanguage\":\"fi\"},{\"@type\":\"Organization\",\"@id\":\"https:\/\/www.jct-huolto.fi\/kauppa\/#organization\",\"name\":\"JCT-Huolto Oy\",\"url\":\"https:\/\/www.jct-huolto.fi\/kauppa\/\",\"logo\":{\"@type\":\"ImageObject\",\"inLanguage\":\"fi\",\"@id\":\"https:\/\/www.jct-huolto.fi\/kauppa\/#\/schema\/logo\/image\/\",\"url\":\"https:\/\/www.jct-huolto.fi\/kauppa\/wp-content\/uploads\/2019\/07\/cropped-kauppalogo2-1.jpg\",\"contentUrl\":\"https:\/\/www.jct-huolto.fi\/kauppa\/wp-content\/uploads\/2019\/07\/cropped-kauppalogo2-1.jpg\",\"width\":320,\"height\":112,\"caption\":\"JCT-Huolto Oy\"},\"image\":{\"@id\":\"https:\/\/www.jct-huolto.fi\/kauppa\/#\/schema\/logo\/image\/\"}}]}<\/script>\n<!-- \/ Yoast SEO plugin. -->","yoast_head_json":{"title":"Lenovo Thinkpad T495 14\" Ryzen 3 Pro\/8Gb\/256Gb Huippukuntoinen - JCT-Huolto Kauppa","robots":{"index":"index","follow":"follow","max-snippet":"max-snippet:-1","max-image-preview":"max-image-preview:large","max-video-preview":"max-video-preview:-1"},"canonical":"https:\/\/www.jct-huolto.fi\/kauppa\/tuote\/lenovo-thinkpad-t495-ryzen\/","og_locale":"fi_FI","og_type":"article","og_title":"Lenovo Thinkpad T495 14\" Ryzen 3 Pro\/8Gb\/256Gb Huippukuntoinen - JCT-Huolto Kauppa","og_description":"Huippukuntoinen ja t\u00e4ydellisesti toimiva kevyt sek\u00e4 kest\u00e4v\u00e4 yritysluokan kone kovaan ajoon Ryzen -suorittimella. Katso kuntoluokitukset &#8211; Ryzen 3 Pro 3300U-prosessori &#8211; 8Gb DDR4 muisti &#8211; 256Gb SSD tallennustila &#8211; N\u00e4ytt\u00f6 14&#8243; Full HD IPS 1920&#215;1080 &#8211; Liit\u00e4nn\u00e4t: RJ45 Ethernet, HDMI, Muistikortinlukija, Kuuloke-mikrofoni-liit\u00e4nt\u00e4, 2x USB 3.1, 1x USB-C &#8211; Taustavalaistu n\u00e4pp\u00e4imist\u00f6 (Nordic) &#8211; Win 11 Pro [&hellip;]","og_url":"https:\/\/www.jct-huolto.fi\/kauppa\/tuote\/lenovo-thinkpad-t495-ryzen\/","og_site_name":"JCT-Huolto Kauppa","article_modified_time":"2026-03-30T09:46:42+00:00","og_image":[{"width":500,"height":889,"url":"https:\/\/www.jct-huolto.fi\/kauppa\/wp-content\/uploads\/2021\/10\/Lenovo_Thinkpad_T495_4.jpg","type":"image\/jpeg"}],"twitter_card":"summary_large_image","twitter_misc":{"Arvioitu lukuaika":"1 minuutti"},"schema":{"@context":"https:\/\/schema.org","@graph":[{"@type":"WebPage","@id":"https:\/\/www.jct-huolto.fi\/kauppa\/tuote\/lenovo-thinkpad-t495-ryzen\/","url":"https:\/\/www.jct-huolto.fi\/kauppa\/tuote\/lenovo-thinkpad-t495-ryzen\/","name":"Lenovo Thinkpad T495 14\" Ryzen 3 Pro\/8Gb\/256Gb Huippukuntoinen - JCT-Huolto Kauppa","isPartOf":{"@id":"https:\/\/www.jct-huolto.fi\/kauppa\/#website"},"datePublished":"2021-10-25T13:44:19+00:00","dateModified":"2026-03-30T09:46:42+00:00","breadcrumb":{"@id":"https:\/\/www.jct-huolto.fi\/kauppa\/tuote\/lenovo-thinkpad-t495-ryzen\/#breadcrumb"},"inLanguage":"fi","potentialAction":[{"@type":"ReadAction","target":["https:\/\/www.jct-huolto.fi\/kauppa\/tuote\/lenovo-thinkpad-t495-ryzen\/"]}]},{"@type":"BreadcrumbList","@id":"https:\/\/www.jct-huolto.fi\/kauppa\/tuote\/lenovo-thinkpad-t495-ryzen\/#breadcrumb","itemListElement":[{"@type":"ListItem","position":1,"name":"Etusivu","item":"https:\/\/www.jct-huolto.fi\/kauppa\/"},{"@type":"ListItem","position":2,"name":"Kauppa","item":"https:\/\/www.jct-huolto.fi\/kauppa\/kauppa\/"},{"@type":"ListItem","position":3,"name":"Lenovo Thinkpad T495 14&#8243; Ryzen 3 Pro\/8Gb\/256Gb Huippukuntoinen"}]},{"@type":"WebSite","@id":"https:\/\/www.jct-huolto.fi\/kauppa\/#website","url":"https:\/\/www.jct-huolto.fi\/kauppa\/","name":"JCT-Huolto Kauppa","description":"K&auml;ytetyt puhelimet ja tietokoneet","publisher":{"@id":"https:\/\/www.jct-huolto.fi\/kauppa\/#organization"},"potentialAction":[{"@type":"SearchAction","target":{"@type":"EntryPoint","urlTemplate":"https:\/\/www.jct-huolto.fi\/kauppa\/?s={search_term_string}"},"query-input":"required name=search_term_string"}],"inLanguage":"fi"},{"@type":"Organization","@id":"https:\/\/www.jct-huolto.fi\/kauppa\/#organization","name":"JCT-Huolto Oy","url":"https:\/\/www.jct-huolto.fi\/kauppa\/","logo":{"@type":"ImageObject","inLanguage":"fi","@id":"https:\/\/www.jct-huolto.fi\/kauppa\/#\/schema\/logo\/image\/","url":"https:\/\/www.jct-huolto.fi\/kauppa\/wp-content\/uploads\/2019\/07\/cropped-kauppalogo2-1.jpg","contentUrl":"https:\/\/www.jct-huolto.fi\/kauppa\/wp-content\/uploads\/2019\/07\/cropped-kauppalogo2-1.jpg","width":320,"height":112,"caption":"JCT-Huolto Oy"},"image":{"@id":"https:\/\/www.jct-huolto.fi\/kauppa\/#\/schema\/logo\/image\/"}}]}},"_links":{"self":[{"href":"https:\/\/www.jct-huolto.fi\/kauppa\/wp-json\/wp\/v2\/product\/15431"}],"collection":[{"href":"https:\/\/www.jct-huolto.fi\/kauppa\/wp-json\/wp\/v2\/product"}],"about":[{"href":"https:\/\/www.jct-huolto.fi\/kauppa\/wp-json\/wp\/v2\/types\/product"}],"wp:featuredmedia":[{"embeddable":true,"href":"https:\/\/www.jct-huolto.fi\/kauppa\/wp-json\/wp\/v2\/media\/15432"}],"wp:attachment":[{"href":"https:\/\/www.jct-huolto.fi\/kauppa\/wp-json\/wp\/v2\/media?parent=15431"}],"wp:term":[{"taxonomy":"product_cat","embeddable":true,"href":"https:\/\/www.jct-huolto.fi\/kauppa\/wp-json\/wp\/v2\/product_cat?post=15431"},{"taxonomy":"product_tag","embeddable":true,"href":"https:\/\/www.jct-huolto.fi\/kauppa\/wp-json\/wp\/v2\/product_tag?post=15431"}],"curies":[{"name":"wp","href":"https:\/\/api.w.org\/{rel}","templated":true}]}}