{"id":15025,"date":"2021-07-05T16:46:48","date_gmt":"2021-07-05T13:46:48","guid":{"rendered":"https:\/\/www.jct-huolto.fi\/kauppa\/?post_type=product&#038;p=15025"},"modified":"2024-07-16T20:21:13","modified_gmt":"2024-07-16T17:21:13","slug":"macbook-pro-13-2020-i5","status":"publish","type":"product","link":"https:\/\/www.jct-huolto.fi\/kauppa\/tuote\/macbook-pro-13-2020-i5\/","title":{"rendered":"Macbook Pro 13&#8243; 2020 i5\/8Gb\/256Gb T\u00e4htiharmaa Huippukuntoinen"},"content":{"rendered":"<p>Huippukuntoinen ja t\u00e4ydellisesti toimiva tehokas kompaktin kokoinen kone i5 prosessorilla.<br \/>\n<a href=\"https:\/\/www.jct-huolto.fi\/kauppa\/kuntoluokitukset\/\" target=\"_blank\" rel=\"noopener noreferrer\"><em>Katso kuntoluokitukset<\/em><\/a><\/p>\n<p>&#8211; intel i5-8257U (1.4Ghz) prosessori.<br \/>\n&#8211; 8Gb muisti<br \/>\n&#8211; 256Gb SSD tallennustila.<br \/>\n&#8211; Kaksi Thunderbolt 3 (USB-C) -porttia<br \/>\n&#8211; macOS Sonoma- k\u00e4ytt\u00f6j\u00e4rjestelm\u00e4<br \/>\n&#8211; Akkua k\u00e4ytetty 453 latauskertaa<br \/>\n&#8211; Mukaan laturi.<br \/>\n&#8211; My\u00f6nn\u00e4mme laitteelle 12kk takuun.<br \/>\n&#8211; Marginaaliverotus (ei lis\u00e4t\u00e4 arvonlis\u00e4veroa).<\/p>\n","protected":false},"excerpt":{"rendered":"<p>Huippukuntoinen ja t\u00e4ydellisesti toimiva tehokas kompaktin kokoinen kone i5 prosessorilla. Katso kuntoluokitukset &#8211; intel i5-8257U (1.4Ghz) prosessori. &#8211; 8Gb muisti &#8211; 256Gb SSD tallennustila. &#8211; Kaksi Thunderbolt 3 (USB-C) -porttia &#8211; macOS Sonoma- k\u00e4ytt\u00f6j\u00e4rjestelm\u00e4 &#8211; Akkua k\u00e4ytetty 453 latauskertaa &#8211; Mukaan laturi. &#8211; My\u00f6nn\u00e4mme laitteelle 12kk takuun. &#8211; Marginaaliverotus (ei lis\u00e4t\u00e4 arvonlis\u00e4veroa).<\/p>\n","protected":false},"featured_media":15030,"template":"","meta":[],"product_cat":[20,33],"product_tag":[],"yoast_head":"<!-- This site is optimized with the Yoast SEO plugin v21.9.1 - https:\/\/yoast.com\/wordpress\/plugins\/seo\/ -->\n<title>Macbook Pro 13&quot; 2020 i5\/8Gb\/256Gb T\u00e4htiharmaa Huippukuntoinen - JCT-Huolto Kauppa<\/title>\n<meta name=\"robots\" content=\"index, follow, max-snippet:-1, max-image-preview:large, max-video-preview:-1\" \/>\n<link rel=\"canonical\" href=\"https:\/\/www.jct-huolto.fi\/kauppa\/tuote\/macbook-pro-13-2020-i5\/\" \/>\n<meta property=\"og:locale\" content=\"fi_FI\" \/>\n<meta property=\"og:type\" content=\"article\" \/>\n<meta property=\"og:title\" content=\"Macbook Pro 13&quot; 2020 i5\/8Gb\/256Gb T\u00e4htiharmaa Huippukuntoinen - JCT-Huolto Kauppa\" \/>\n<meta property=\"og:description\" content=\"Huippukuntoinen ja t\u00e4ydellisesti toimiva tehokas kompaktin kokoinen kone i5 prosessorilla. Katso kuntoluokitukset &#8211; intel i5-8257U (1.4Ghz) prosessori. &#8211; 8Gb muisti &#8211; 256Gb SSD tallennustila. &#8211; Kaksi Thunderbolt 3 (USB-C) -porttia &#8211; macOS Sonoma- k\u00e4ytt\u00f6j\u00e4rjestelm\u00e4 &#8211; Akkua k\u00e4ytetty 453 latauskertaa &#8211; Mukaan laturi. &#8211; My\u00f6nn\u00e4mme laitteelle 12kk takuun. &#8211; Marginaaliverotus (ei lis\u00e4t\u00e4 arvonlis\u00e4veroa).\" \/>\n<meta property=\"og:url\" content=\"https:\/\/www.jct-huolto.fi\/kauppa\/tuote\/macbook-pro-13-2020-i5\/\" \/>\n<meta property=\"og:site_name\" content=\"JCT-Huolto Kauppa\" \/>\n<meta property=\"article:modified_time\" content=\"2024-07-16T17:21:13+00:00\" \/>\n<meta property=\"og:image\" content=\"https:\/\/www.jct-huolto.fi\/kauppa\/wp-content\/uploads\/2021\/07\/Macbook_Pro_13_2020_4.jpg\" \/>\n\t<meta property=\"og:image:width\" content=\"500\" \/>\n\t<meta property=\"og:image:height\" content=\"667\" \/>\n\t<meta property=\"og:image:type\" content=\"image\/jpeg\" \/>\n<meta name=\"twitter:card\" content=\"summary_large_image\" \/>\n<meta name=\"twitter:label1\" content=\"Arvioitu lukuaika\" \/>\n\t<meta name=\"twitter:data1\" content=\"1 minuutti\" \/>\n<script type=\"application\/ld+json\" class=\"yoast-schema-graph\">{\"@context\":\"https:\/\/schema.org\",\"@graph\":[{\"@type\":\"WebPage\",\"@id\":\"https:\/\/www.jct-huolto.fi\/kauppa\/tuote\/macbook-pro-13-2020-i5\/\",\"url\":\"https:\/\/www.jct-huolto.fi\/kauppa\/tuote\/macbook-pro-13-2020-i5\/\",\"name\":\"Macbook Pro 13\\\" 2020 i5\/8Gb\/256Gb T\u00e4htiharmaa Huippukuntoinen - JCT-Huolto Kauppa\",\"isPartOf\":{\"@id\":\"https:\/\/www.jct-huolto.fi\/kauppa\/#website\"},\"datePublished\":\"2021-07-05T13:46:48+00:00\",\"dateModified\":\"2024-07-16T17:21:13+00:00\",\"breadcrumb\":{\"@id\":\"https:\/\/www.jct-huolto.fi\/kauppa\/tuote\/macbook-pro-13-2020-i5\/#breadcrumb\"},\"inLanguage\":\"fi\",\"potentialAction\":[{\"@type\":\"ReadAction\",\"target\":[\"https:\/\/www.jct-huolto.fi\/kauppa\/tuote\/macbook-pro-13-2020-i5\/\"]}]},{\"@type\":\"BreadcrumbList\",\"@id\":\"https:\/\/www.jct-huolto.fi\/kauppa\/tuote\/macbook-pro-13-2020-i5\/#breadcrumb\",\"itemListElement\":[{\"@type\":\"ListItem\",\"position\":1,\"name\":\"Etusivu\",\"item\":\"https:\/\/www.jct-huolto.fi\/kauppa\/\"},{\"@type\":\"ListItem\",\"position\":2,\"name\":\"Kauppa\",\"item\":\"https:\/\/www.jct-huolto.fi\/kauppa\/kauppa\/\"},{\"@type\":\"ListItem\",\"position\":3,\"name\":\"Macbook Pro 13&#8243; 2020 i5\/8Gb\/256Gb T\u00e4htiharmaa Huippukuntoinen\"}]},{\"@type\":\"WebSite\",\"@id\":\"https:\/\/www.jct-huolto.fi\/kauppa\/#website\",\"url\":\"https:\/\/www.jct-huolto.fi\/kauppa\/\",\"name\":\"JCT-Huolto Kauppa\",\"description\":\"K&auml;ytetyt puhelimet ja tietokoneet\",\"publisher\":{\"@id\":\"https:\/\/www.jct-huolto.fi\/kauppa\/#organization\"},\"potentialAction\":[{\"@type\":\"SearchAction\",\"target\":{\"@type\":\"EntryPoint\",\"urlTemplate\":\"https:\/\/www.jct-huolto.fi\/kauppa\/?s={search_term_string}\"},\"query-input\":\"required name=search_term_string\"}],\"inLanguage\":\"fi\"},{\"@type\":\"Organization\",\"@id\":\"https:\/\/www.jct-huolto.fi\/kauppa\/#organization\",\"name\":\"JCT-Huolto Oy\",\"url\":\"https:\/\/www.jct-huolto.fi\/kauppa\/\",\"logo\":{\"@type\":\"ImageObject\",\"inLanguage\":\"fi\",\"@id\":\"https:\/\/www.jct-huolto.fi\/kauppa\/#\/schema\/logo\/image\/\",\"url\":\"https:\/\/www.jct-huolto.fi\/kauppa\/wp-content\/uploads\/2019\/07\/cropped-kauppalogo2-1.jpg\",\"contentUrl\":\"https:\/\/www.jct-huolto.fi\/kauppa\/wp-content\/uploads\/2019\/07\/cropped-kauppalogo2-1.jpg\",\"width\":320,\"height\":112,\"caption\":\"JCT-Huolto Oy\"},\"image\":{\"@id\":\"https:\/\/www.jct-huolto.fi\/kauppa\/#\/schema\/logo\/image\/\"}}]}<\/script>\n<!-- \/ Yoast SEO plugin. -->","yoast_head_json":{"title":"Macbook Pro 13\" 2020 i5\/8Gb\/256Gb T\u00e4htiharmaa Huippukuntoinen - JCT-Huolto Kauppa","robots":{"index":"index","follow":"follow","max-snippet":"max-snippet:-1","max-image-preview":"max-image-preview:large","max-video-preview":"max-video-preview:-1"},"canonical":"https:\/\/www.jct-huolto.fi\/kauppa\/tuote\/macbook-pro-13-2020-i5\/","og_locale":"fi_FI","og_type":"article","og_title":"Macbook Pro 13\" 2020 i5\/8Gb\/256Gb T\u00e4htiharmaa Huippukuntoinen - JCT-Huolto Kauppa","og_description":"Huippukuntoinen ja t\u00e4ydellisesti toimiva tehokas kompaktin kokoinen kone i5 prosessorilla. Katso kuntoluokitukset &#8211; intel i5-8257U (1.4Ghz) prosessori. &#8211; 8Gb muisti &#8211; 256Gb SSD tallennustila. &#8211; Kaksi Thunderbolt 3 (USB-C) -porttia &#8211; macOS Sonoma- k\u00e4ytt\u00f6j\u00e4rjestelm\u00e4 &#8211; Akkua k\u00e4ytetty 453 latauskertaa &#8211; Mukaan laturi. &#8211; My\u00f6nn\u00e4mme laitteelle 12kk takuun. &#8211; Marginaaliverotus (ei lis\u00e4t\u00e4 arvonlis\u00e4veroa).","og_url":"https:\/\/www.jct-huolto.fi\/kauppa\/tuote\/macbook-pro-13-2020-i5\/","og_site_name":"JCT-Huolto Kauppa","article_modified_time":"2024-07-16T17:21:13+00:00","og_image":[{"width":500,"height":667,"url":"https:\/\/www.jct-huolto.fi\/kauppa\/wp-content\/uploads\/2021\/07\/Macbook_Pro_13_2020_4.jpg","type":"image\/jpeg"}],"twitter_card":"summary_large_image","twitter_misc":{"Arvioitu lukuaika":"1 minuutti"},"schema":{"@context":"https:\/\/schema.org","@graph":[{"@type":"WebPage","@id":"https:\/\/www.jct-huolto.fi\/kauppa\/tuote\/macbook-pro-13-2020-i5\/","url":"https:\/\/www.jct-huolto.fi\/kauppa\/tuote\/macbook-pro-13-2020-i5\/","name":"Macbook Pro 13\" 2020 i5\/8Gb\/256Gb T\u00e4htiharmaa Huippukuntoinen - JCT-Huolto Kauppa","isPartOf":{"@id":"https:\/\/www.jct-huolto.fi\/kauppa\/#website"},"datePublished":"2021-07-05T13:46:48+00:00","dateModified":"2024-07-16T17:21:13+00:00","breadcrumb":{"@id":"https:\/\/www.jct-huolto.fi\/kauppa\/tuote\/macbook-pro-13-2020-i5\/#breadcrumb"},"inLanguage":"fi","potentialAction":[{"@type":"ReadAction","target":["https:\/\/www.jct-huolto.fi\/kauppa\/tuote\/macbook-pro-13-2020-i5\/"]}]},{"@type":"BreadcrumbList","@id":"https:\/\/www.jct-huolto.fi\/kauppa\/tuote\/macbook-pro-13-2020-i5\/#breadcrumb","itemListElement":[{"@type":"ListItem","position":1,"name":"Etusivu","item":"https:\/\/www.jct-huolto.fi\/kauppa\/"},{"@type":"ListItem","position":2,"name":"Kauppa","item":"https:\/\/www.jct-huolto.fi\/kauppa\/kauppa\/"},{"@type":"ListItem","position":3,"name":"Macbook Pro 13&#8243; 2020 i5\/8Gb\/256Gb T\u00e4htiharmaa Huippukuntoinen"}]},{"@type":"WebSite","@id":"https:\/\/www.jct-huolto.fi\/kauppa\/#website","url":"https:\/\/www.jct-huolto.fi\/kauppa\/","name":"JCT-Huolto Kauppa","description":"K&auml;ytetyt puhelimet ja tietokoneet","publisher":{"@id":"https:\/\/www.jct-huolto.fi\/kauppa\/#organization"},"potentialAction":[{"@type":"SearchAction","target":{"@type":"EntryPoint","urlTemplate":"https:\/\/www.jct-huolto.fi\/kauppa\/?s={search_term_string}"},"query-input":"required name=search_term_string"}],"inLanguage":"fi"},{"@type":"Organization","@id":"https:\/\/www.jct-huolto.fi\/kauppa\/#organization","name":"JCT-Huolto Oy","url":"https:\/\/www.jct-huolto.fi\/kauppa\/","logo":{"@type":"ImageObject","inLanguage":"fi","@id":"https:\/\/www.jct-huolto.fi\/kauppa\/#\/schema\/logo\/image\/","url":"https:\/\/www.jct-huolto.fi\/kauppa\/wp-content\/uploads\/2019\/07\/cropped-kauppalogo2-1.jpg","contentUrl":"https:\/\/www.jct-huolto.fi\/kauppa\/wp-content\/uploads\/2019\/07\/cropped-kauppalogo2-1.jpg","width":320,"height":112,"caption":"JCT-Huolto Oy"},"image":{"@id":"https:\/\/www.jct-huolto.fi\/kauppa\/#\/schema\/logo\/image\/"}}]}},"_links":{"self":[{"href":"https:\/\/www.jct-huolto.fi\/kauppa\/wp-json\/wp\/v2\/product\/15025"}],"collection":[{"href":"https:\/\/www.jct-huolto.fi\/kauppa\/wp-json\/wp\/v2\/product"}],"about":[{"href":"https:\/\/www.jct-huolto.fi\/kauppa\/wp-json\/wp\/v2\/types\/product"}],"wp:featuredmedia":[{"embeddable":true,"href":"https:\/\/www.jct-huolto.fi\/kauppa\/wp-json\/wp\/v2\/media\/15030"}],"wp:attachment":[{"href":"https:\/\/www.jct-huolto.fi\/kauppa\/wp-json\/wp\/v2\/media?parent=15025"}],"wp:term":[{"taxonomy":"product_cat","embeddable":true,"href":"https:\/\/www.jct-huolto.fi\/kauppa\/wp-json\/wp\/v2\/product_cat?post=15025"},{"taxonomy":"product_tag","embeddable":true,"href":"https:\/\/www.jct-huolto.fi\/kauppa\/wp-json\/wp\/v2\/product_tag?post=15025"}],"curies":[{"name":"wp","href":"https:\/\/api.w.org\/{rel}","templated":true}]}}