{"id":1452,"date":"2019-11-06T12:20:37","date_gmt":"2019-11-06T10:20:37","guid":{"rendered":"https:\/\/www.jct-huolto.fi\/kauppa\/?post_type=product&#038;p=1452"},"modified":"2020-11-02T10:25:26","modified_gmt":"2020-11-02T08:25:26","slug":"iphone-x-256gb-tahtiharmaa","status":"publish","type":"product","link":"https:\/\/www.jct-huolto.fi\/kauppa\/tuote\/iphone-x-256gb-tahtiharmaa\/","title":{"rendered":"IPhone X 256Gb T\u00e4htiharmaa Huippukuntoinen"},"content":{"rendered":"<p>Huippukuntoinen ja t\u00e4ydellisesti toimiva puhelin.<br \/>\n<a href=\"https:\/\/www.jct-huolto.fi\/kauppa\/kuntoluokitukset\/\" target=\"_blank\" rel=\"noopener noreferrer\"><em>Katso kuntoluokitukset<\/em><\/a><\/p>\n<p>&#8211; Akku v\u00e4hint\u00e4\u00e4n 84% -kuntoinen.<br \/>\n&#8211; Mukana uusi alkuper\u00e4inen latausjohto.<br \/>\n&#8211; Myyd\u00e4\u00e4n tehdasasetuksille palautettuna.<br \/>\n&#8211; My\u00f6nn\u00e4mme laitteelle 6 kk takuun.<br \/>\n&#8211; Alv 0% marginaaliverotus (ei lis\u00e4t\u00e4 arvonlis\u00e4veroa).<\/p>\n<p>Lis\u00e4tietoja puhelimesta:<br \/>\n<a href=\"https:\/\/www.gsmarena.com\/apple_iphone_x-8858.php\" target=\"_blank\" rel=\"noopener noreferrer\">https:\/\/www.gsmarena.com\/apple_iphone_x-8858.php<\/a><\/p>\n","protected":false},"excerpt":{"rendered":"<p>Huippukuntoinen ja t\u00e4ydellisesti toimiva puhelin. Katso kuntoluokitukset &#8211; Akku v\u00e4hint\u00e4\u00e4n 84% -kuntoinen. &#8211; Mukana uusi alkuper\u00e4inen latausjohto. &#8211; Myyd\u00e4\u00e4n tehdasasetuksille palautettuna. &#8211; My\u00f6nn\u00e4mme laitteelle 6 kk takuun. &#8211; Alv 0% marginaaliverotus (ei lis\u00e4t\u00e4 arvonlis\u00e4veroa). Lis\u00e4tietoja puhelimesta: https:\/\/www.gsmarena.com\/apple_iphone_x-8858.php<\/p>\n","protected":false},"featured_media":1449,"template":"","meta":[],"product_cat":[15,21],"product_tag":[],"yoast_head":"<!-- This site is optimized with the Yoast SEO plugin v21.9.1 - https:\/\/yoast.com\/wordpress\/plugins\/seo\/ -->\n<title>IPhone X 256Gb T\u00e4htiharmaa Huippukuntoinen - JCT-Huolto Kauppa<\/title>\n<meta name=\"robots\" content=\"index, follow, max-snippet:-1, max-image-preview:large, max-video-preview:-1\" \/>\n<link rel=\"canonical\" href=\"https:\/\/www.jct-huolto.fi\/kauppa\/tuote\/iphone-x-256gb-tahtiharmaa\/\" \/>\n<meta property=\"og:locale\" content=\"fi_FI\" \/>\n<meta property=\"og:type\" content=\"article\" \/>\n<meta property=\"og:title\" content=\"IPhone X 256Gb T\u00e4htiharmaa Huippukuntoinen - JCT-Huolto Kauppa\" \/>\n<meta property=\"og:description\" content=\"Huippukuntoinen ja t\u00e4ydellisesti toimiva puhelin. Katso kuntoluokitukset &#8211; Akku v\u00e4hint\u00e4\u00e4n 84% -kuntoinen. &#8211; Mukana uusi alkuper\u00e4inen latausjohto. &#8211; Myyd\u00e4\u00e4n tehdasasetuksille palautettuna. &#8211; My\u00f6nn\u00e4mme laitteelle 6 kk takuun. &#8211; Alv 0% marginaaliverotus (ei lis\u00e4t\u00e4 arvonlis\u00e4veroa). Lis\u00e4tietoja puhelimesta: https:\/\/www.gsmarena.com\/apple_iphone_x-8858.php\" \/>\n<meta property=\"og:url\" content=\"https:\/\/www.jct-huolto.fi\/kauppa\/tuote\/iphone-x-256gb-tahtiharmaa\/\" \/>\n<meta property=\"og:site_name\" content=\"JCT-Huolto Kauppa\" \/>\n<meta property=\"article:modified_time\" content=\"2020-11-02T08:25:26+00:00\" \/>\n<meta property=\"og:image\" content=\"https:\/\/www.jct-huolto.fi\/kauppa\/wp-content\/uploads\/2019\/11\/iphonex_tahtiharmaa_1.jpg\" \/>\n\t<meta property=\"og:image:width\" content=\"500\" \/>\n\t<meta property=\"og:image:height\" content=\"887\" \/>\n\t<meta property=\"og:image:type\" content=\"image\/jpeg\" \/>\n<meta name=\"twitter:card\" content=\"summary_large_image\" \/>\n<script type=\"application\/ld+json\" class=\"yoast-schema-graph\">{\"@context\":\"https:\/\/schema.org\",\"@graph\":[{\"@type\":\"WebPage\",\"@id\":\"https:\/\/www.jct-huolto.fi\/kauppa\/tuote\/iphone-x-256gb-tahtiharmaa\/\",\"url\":\"https:\/\/www.jct-huolto.fi\/kauppa\/tuote\/iphone-x-256gb-tahtiharmaa\/\",\"name\":\"IPhone X 256Gb T\u00e4htiharmaa Huippukuntoinen - JCT-Huolto Kauppa\",\"isPartOf\":{\"@id\":\"https:\/\/www.jct-huolto.fi\/kauppa\/#website\"},\"datePublished\":\"2019-11-06T10:20:37+00:00\",\"dateModified\":\"2020-11-02T08:25:26+00:00\",\"breadcrumb\":{\"@id\":\"https:\/\/www.jct-huolto.fi\/kauppa\/tuote\/iphone-x-256gb-tahtiharmaa\/#breadcrumb\"},\"inLanguage\":\"fi\",\"potentialAction\":[{\"@type\":\"ReadAction\",\"target\":[\"https:\/\/www.jct-huolto.fi\/kauppa\/tuote\/iphone-x-256gb-tahtiharmaa\/\"]}]},{\"@type\":\"BreadcrumbList\",\"@id\":\"https:\/\/www.jct-huolto.fi\/kauppa\/tuote\/iphone-x-256gb-tahtiharmaa\/#breadcrumb\",\"itemListElement\":[{\"@type\":\"ListItem\",\"position\":1,\"name\":\"Etusivu\",\"item\":\"https:\/\/www.jct-huolto.fi\/kauppa\/\"},{\"@type\":\"ListItem\",\"position\":2,\"name\":\"Kauppa\",\"item\":\"https:\/\/www.jct-huolto.fi\/kauppa\/kauppa\/\"},{\"@type\":\"ListItem\",\"position\":3,\"name\":\"IPhone X 256Gb T\u00e4htiharmaa Huippukuntoinen\"}]},{\"@type\":\"WebSite\",\"@id\":\"https:\/\/www.jct-huolto.fi\/kauppa\/#website\",\"url\":\"https:\/\/www.jct-huolto.fi\/kauppa\/\",\"name\":\"JCT-Huolto Kauppa\",\"description\":\"K&auml;ytetyt puhelimet ja tietokoneet\",\"publisher\":{\"@id\":\"https:\/\/www.jct-huolto.fi\/kauppa\/#organization\"},\"potentialAction\":[{\"@type\":\"SearchAction\",\"target\":{\"@type\":\"EntryPoint\",\"urlTemplate\":\"https:\/\/www.jct-huolto.fi\/kauppa\/?s={search_term_string}\"},\"query-input\":\"required name=search_term_string\"}],\"inLanguage\":\"fi\"},{\"@type\":\"Organization\",\"@id\":\"https:\/\/www.jct-huolto.fi\/kauppa\/#organization\",\"name\":\"JCT-Huolto Oy\",\"url\":\"https:\/\/www.jct-huolto.fi\/kauppa\/\",\"logo\":{\"@type\":\"ImageObject\",\"inLanguage\":\"fi\",\"@id\":\"https:\/\/www.jct-huolto.fi\/kauppa\/#\/schema\/logo\/image\/\",\"url\":\"https:\/\/www.jct-huolto.fi\/kauppa\/wp-content\/uploads\/2019\/07\/cropped-kauppalogo2-1.jpg\",\"contentUrl\":\"https:\/\/www.jct-huolto.fi\/kauppa\/wp-content\/uploads\/2019\/07\/cropped-kauppalogo2-1.jpg\",\"width\":320,\"height\":112,\"caption\":\"JCT-Huolto Oy\"},\"image\":{\"@id\":\"https:\/\/www.jct-huolto.fi\/kauppa\/#\/schema\/logo\/image\/\"}}]}<\/script>\n<!-- \/ Yoast SEO plugin. -->","yoast_head_json":{"title":"IPhone X 256Gb T\u00e4htiharmaa Huippukuntoinen - JCT-Huolto Kauppa","robots":{"index":"index","follow":"follow","max-snippet":"max-snippet:-1","max-image-preview":"max-image-preview:large","max-video-preview":"max-video-preview:-1"},"canonical":"https:\/\/www.jct-huolto.fi\/kauppa\/tuote\/iphone-x-256gb-tahtiharmaa\/","og_locale":"fi_FI","og_type":"article","og_title":"IPhone X 256Gb T\u00e4htiharmaa Huippukuntoinen - JCT-Huolto Kauppa","og_description":"Huippukuntoinen ja t\u00e4ydellisesti toimiva puhelin. Katso kuntoluokitukset &#8211; Akku v\u00e4hint\u00e4\u00e4n 84% -kuntoinen. &#8211; Mukana uusi alkuper\u00e4inen latausjohto. &#8211; Myyd\u00e4\u00e4n tehdasasetuksille palautettuna. &#8211; My\u00f6nn\u00e4mme laitteelle 6 kk takuun. &#8211; Alv 0% marginaaliverotus (ei lis\u00e4t\u00e4 arvonlis\u00e4veroa). Lis\u00e4tietoja puhelimesta: https:\/\/www.gsmarena.com\/apple_iphone_x-8858.php","og_url":"https:\/\/www.jct-huolto.fi\/kauppa\/tuote\/iphone-x-256gb-tahtiharmaa\/","og_site_name":"JCT-Huolto Kauppa","article_modified_time":"2020-11-02T08:25:26+00:00","og_image":[{"width":500,"height":887,"url":"https:\/\/www.jct-huolto.fi\/kauppa\/wp-content\/uploads\/2019\/11\/iphonex_tahtiharmaa_1.jpg","type":"image\/jpeg"}],"twitter_card":"summary_large_image","schema":{"@context":"https:\/\/schema.org","@graph":[{"@type":"WebPage","@id":"https:\/\/www.jct-huolto.fi\/kauppa\/tuote\/iphone-x-256gb-tahtiharmaa\/","url":"https:\/\/www.jct-huolto.fi\/kauppa\/tuote\/iphone-x-256gb-tahtiharmaa\/","name":"IPhone X 256Gb T\u00e4htiharmaa Huippukuntoinen - JCT-Huolto Kauppa","isPartOf":{"@id":"https:\/\/www.jct-huolto.fi\/kauppa\/#website"},"datePublished":"2019-11-06T10:20:37+00:00","dateModified":"2020-11-02T08:25:26+00:00","breadcrumb":{"@id":"https:\/\/www.jct-huolto.fi\/kauppa\/tuote\/iphone-x-256gb-tahtiharmaa\/#breadcrumb"},"inLanguage":"fi","potentialAction":[{"@type":"ReadAction","target":["https:\/\/www.jct-huolto.fi\/kauppa\/tuote\/iphone-x-256gb-tahtiharmaa\/"]}]},{"@type":"BreadcrumbList","@id":"https:\/\/www.jct-huolto.fi\/kauppa\/tuote\/iphone-x-256gb-tahtiharmaa\/#breadcrumb","itemListElement":[{"@type":"ListItem","position":1,"name":"Etusivu","item":"https:\/\/www.jct-huolto.fi\/kauppa\/"},{"@type":"ListItem","position":2,"name":"Kauppa","item":"https:\/\/www.jct-huolto.fi\/kauppa\/kauppa\/"},{"@type":"ListItem","position":3,"name":"IPhone X 256Gb T\u00e4htiharmaa Huippukuntoinen"}]},{"@type":"WebSite","@id":"https:\/\/www.jct-huolto.fi\/kauppa\/#website","url":"https:\/\/www.jct-huolto.fi\/kauppa\/","name":"JCT-Huolto Kauppa","description":"K&auml;ytetyt puhelimet ja tietokoneet","publisher":{"@id":"https:\/\/www.jct-huolto.fi\/kauppa\/#organization"},"potentialAction":[{"@type":"SearchAction","target":{"@type":"EntryPoint","urlTemplate":"https:\/\/www.jct-huolto.fi\/kauppa\/?s={search_term_string}"},"query-input":"required name=search_term_string"}],"inLanguage":"fi"},{"@type":"Organization","@id":"https:\/\/www.jct-huolto.fi\/kauppa\/#organization","name":"JCT-Huolto Oy","url":"https:\/\/www.jct-huolto.fi\/kauppa\/","logo":{"@type":"ImageObject","inLanguage":"fi","@id":"https:\/\/www.jct-huolto.fi\/kauppa\/#\/schema\/logo\/image\/","url":"https:\/\/www.jct-huolto.fi\/kauppa\/wp-content\/uploads\/2019\/07\/cropped-kauppalogo2-1.jpg","contentUrl":"https:\/\/www.jct-huolto.fi\/kauppa\/wp-content\/uploads\/2019\/07\/cropped-kauppalogo2-1.jpg","width":320,"height":112,"caption":"JCT-Huolto Oy"},"image":{"@id":"https:\/\/www.jct-huolto.fi\/kauppa\/#\/schema\/logo\/image\/"}}]}},"_links":{"self":[{"href":"https:\/\/www.jct-huolto.fi\/kauppa\/wp-json\/wp\/v2\/product\/1452"}],"collection":[{"href":"https:\/\/www.jct-huolto.fi\/kauppa\/wp-json\/wp\/v2\/product"}],"about":[{"href":"https:\/\/www.jct-huolto.fi\/kauppa\/wp-json\/wp\/v2\/types\/product"}],"wp:featuredmedia":[{"embeddable":true,"href":"https:\/\/www.jct-huolto.fi\/kauppa\/wp-json\/wp\/v2\/media\/1449"}],"wp:attachment":[{"href":"https:\/\/www.jct-huolto.fi\/kauppa\/wp-json\/wp\/v2\/media?parent=1452"}],"wp:term":[{"taxonomy":"product_cat","embeddable":true,"href":"https:\/\/www.jct-huolto.fi\/kauppa\/wp-json\/wp\/v2\/product_cat?post=1452"},{"taxonomy":"product_tag","embeddable":true,"href":"https:\/\/www.jct-huolto.fi\/kauppa\/wp-json\/wp\/v2\/product_tag?post=1452"}],"curies":[{"name":"wp","href":"https:\/\/api.w.org\/{rel}","templated":true}]}}