{"id":13839,"date":"2020-10-27T15:31:08","date_gmt":"2020-10-27T13:31:08","guid":{"rendered":"https:\/\/www.jct-huolto.fi\/kauppa\/?post_type=product&#038;p=13839"},"modified":"2026-01-12T19:06:19","modified_gmt":"2026-01-12T17:06:19","slug":"macbook-pro-13-touch-bar-4","status":"publish","type":"product","link":"https:\/\/www.jct-huolto.fi\/kauppa\/tuote\/macbook-pro-13-touch-bar-4\/","title":{"rendered":"Macbook Pro 13&#8243; 2019 8Gb\/128Gb Touchbar Hyv\u00e4kuntoinen"},"content":{"rendered":"<p>Hyv\u00e4kuntoinen ja t\u00e4ydellisesti toimiva kompaktin kokoinen kone Touchbarilla ja kahdella Thunderbolt 3 -portilla. V\u00e4ri t\u00e4htiharmaa.<br \/>\n<a href=\"https:\/\/www.jct-huolto.fi\/kauppa\/kuntoluokitukset\/\" target=\"_blank\" rel=\"noopener noreferrer\"><em>Katso kuntoluokitukset<\/em><\/a><\/p>\n<p>&#8211; Intel i5-8257U (1,4 GHz) prosessori<br \/>\n&#8211; 8Gb muisti<br \/>\n&#8211; 128Gb SSD tallennustila<br \/>\n&#8211; Iris Plus Graphics 645 n\u00e4yt\u00f6nohjain<br \/>\n&#8211; Sormenj\u00e4lkilukija<br \/>\n&#8211; macOS Sequioa- k\u00e4ytt\u00f6j\u00e4rjestelm\u00e4<br \/>\n&#8211; Akkua k\u00e4ytetty 198 latauskertaa (pit\u00e4\u00e4 hyvin varausta).<br \/>\n&#8211; Mukaan laturi.<br \/>\n&#8211; My\u00f6nn\u00e4mme laitteelle 12kk takuun.<br \/>\n&#8211; Marginaaliverotus<\/p>\n","protected":false},"excerpt":{"rendered":"<p>Hyv\u00e4kuntoinen ja t\u00e4ydellisesti toimiva kompaktin kokoinen kone Touchbarilla ja kahdella Thunderbolt 3 -portilla. V\u00e4ri t\u00e4htiharmaa. Katso kuntoluokitukset &#8211; Intel i5-8257U (1,4 GHz) prosessori &#8211; 8Gb muisti &#8211; 128Gb SSD tallennustila &#8211; Iris Plus Graphics 645 n\u00e4yt\u00f6nohjain &#8211; Sormenj\u00e4lkilukija &#8211; macOS Sequioa- k\u00e4ytt\u00f6j\u00e4rjestelm\u00e4 &#8211; Akkua k\u00e4ytetty 198 latauskertaa (pit\u00e4\u00e4 hyvin varausta). &#8211; Mukaan laturi. &#8211; My\u00f6nn\u00e4mme [&hellip;]<\/p>\n","protected":false},"featured_media":13844,"template":"","meta":[],"product_cat":[20,33],"product_tag":[],"yoast_head":"<!-- This site is optimized with the Yoast SEO plugin v21.9.1 - https:\/\/yoast.com\/wordpress\/plugins\/seo\/ -->\n<title>Macbook Pro 13&quot; 2019 8Gb\/128Gb Touchbar Hyv\u00e4kuntoinen - JCT-Huolto Kauppa<\/title>\n<meta name=\"robots\" content=\"index, follow, max-snippet:-1, max-image-preview:large, max-video-preview:-1\" \/>\n<link rel=\"canonical\" href=\"https:\/\/www.jct-huolto.fi\/kauppa\/tuote\/macbook-pro-13-touch-bar-4\/\" \/>\n<meta property=\"og:locale\" content=\"fi_FI\" \/>\n<meta property=\"og:type\" content=\"article\" \/>\n<meta property=\"og:title\" content=\"Macbook Pro 13&quot; 2019 8Gb\/128Gb Touchbar Hyv\u00e4kuntoinen - JCT-Huolto Kauppa\" \/>\n<meta property=\"og:description\" content=\"Hyv\u00e4kuntoinen ja t\u00e4ydellisesti toimiva kompaktin kokoinen kone Touchbarilla ja kahdella Thunderbolt 3 -portilla. V\u00e4ri t\u00e4htiharmaa. Katso kuntoluokitukset &#8211; Intel i5-8257U (1,4 GHz) prosessori &#8211; 8Gb muisti &#8211; 128Gb SSD tallennustila &#8211; Iris Plus Graphics 645 n\u00e4yt\u00f6nohjain &#8211; Sormenj\u00e4lkilukija &#8211; macOS Sequioa- k\u00e4ytt\u00f6j\u00e4rjestelm\u00e4 &#8211; Akkua k\u00e4ytetty 198 latauskertaa (pit\u00e4\u00e4 hyvin varausta). &#8211; Mukaan laturi. &#8211; My\u00f6nn\u00e4mme [&hellip;]\" \/>\n<meta property=\"og:url\" content=\"https:\/\/www.jct-huolto.fi\/kauppa\/tuote\/macbook-pro-13-touch-bar-4\/\" \/>\n<meta property=\"og:site_name\" content=\"JCT-Huolto Kauppa\" \/>\n<meta property=\"article:modified_time\" content=\"2026-01-12T17:06:19+00:00\" \/>\n<meta property=\"og:image\" content=\"https:\/\/www.jct-huolto.fi\/kauppa\/wp-content\/uploads\/2020\/10\/macbook_pro_13_2018_spacegray_1.jpg\" \/>\n\t<meta property=\"og:image:width\" content=\"500\" \/>\n\t<meta property=\"og:image:height\" content=\"887\" \/>\n\t<meta property=\"og:image:type\" content=\"image\/jpeg\" \/>\n<meta name=\"twitter:card\" content=\"summary_large_image\" \/>\n<meta name=\"twitter:label1\" content=\"Arvioitu lukuaika\" \/>\n\t<meta name=\"twitter:data1\" content=\"1 minuutti\" \/>\n<script type=\"application\/ld+json\" class=\"yoast-schema-graph\">{\"@context\":\"https:\/\/schema.org\",\"@graph\":[{\"@type\":\"WebPage\",\"@id\":\"https:\/\/www.jct-huolto.fi\/kauppa\/tuote\/macbook-pro-13-touch-bar-4\/\",\"url\":\"https:\/\/www.jct-huolto.fi\/kauppa\/tuote\/macbook-pro-13-touch-bar-4\/\",\"name\":\"Macbook Pro 13\\\" 2019 8Gb\/128Gb Touchbar Hyv\u00e4kuntoinen - JCT-Huolto Kauppa\",\"isPartOf\":{\"@id\":\"https:\/\/www.jct-huolto.fi\/kauppa\/#website\"},\"datePublished\":\"2020-10-27T13:31:08+00:00\",\"dateModified\":\"2026-01-12T17:06:19+00:00\",\"breadcrumb\":{\"@id\":\"https:\/\/www.jct-huolto.fi\/kauppa\/tuote\/macbook-pro-13-touch-bar-4\/#breadcrumb\"},\"inLanguage\":\"fi\",\"potentialAction\":[{\"@type\":\"ReadAction\",\"target\":[\"https:\/\/www.jct-huolto.fi\/kauppa\/tuote\/macbook-pro-13-touch-bar-4\/\"]}]},{\"@type\":\"BreadcrumbList\",\"@id\":\"https:\/\/www.jct-huolto.fi\/kauppa\/tuote\/macbook-pro-13-touch-bar-4\/#breadcrumb\",\"itemListElement\":[{\"@type\":\"ListItem\",\"position\":1,\"name\":\"Etusivu\",\"item\":\"https:\/\/www.jct-huolto.fi\/kauppa\/\"},{\"@type\":\"ListItem\",\"position\":2,\"name\":\"Kauppa\",\"item\":\"https:\/\/www.jct-huolto.fi\/kauppa\/kauppa\/\"},{\"@type\":\"ListItem\",\"position\":3,\"name\":\"Macbook Pro 13&#8243; 2019 8Gb\/128Gb Touchbar Hyv\u00e4kuntoinen\"}]},{\"@type\":\"WebSite\",\"@id\":\"https:\/\/www.jct-huolto.fi\/kauppa\/#website\",\"url\":\"https:\/\/www.jct-huolto.fi\/kauppa\/\",\"name\":\"JCT-Huolto Kauppa\",\"description\":\"K&auml;ytetyt puhelimet ja tietokoneet\",\"publisher\":{\"@id\":\"https:\/\/www.jct-huolto.fi\/kauppa\/#organization\"},\"potentialAction\":[{\"@type\":\"SearchAction\",\"target\":{\"@type\":\"EntryPoint\",\"urlTemplate\":\"https:\/\/www.jct-huolto.fi\/kauppa\/?s={search_term_string}\"},\"query-input\":\"required name=search_term_string\"}],\"inLanguage\":\"fi\"},{\"@type\":\"Organization\",\"@id\":\"https:\/\/www.jct-huolto.fi\/kauppa\/#organization\",\"name\":\"JCT-Huolto Oy\",\"url\":\"https:\/\/www.jct-huolto.fi\/kauppa\/\",\"logo\":{\"@type\":\"ImageObject\",\"inLanguage\":\"fi\",\"@id\":\"https:\/\/www.jct-huolto.fi\/kauppa\/#\/schema\/logo\/image\/\",\"url\":\"https:\/\/www.jct-huolto.fi\/kauppa\/wp-content\/uploads\/2019\/07\/cropped-kauppalogo2-1.jpg\",\"contentUrl\":\"https:\/\/www.jct-huolto.fi\/kauppa\/wp-content\/uploads\/2019\/07\/cropped-kauppalogo2-1.jpg\",\"width\":320,\"height\":112,\"caption\":\"JCT-Huolto Oy\"},\"image\":{\"@id\":\"https:\/\/www.jct-huolto.fi\/kauppa\/#\/schema\/logo\/image\/\"}}]}<\/script>\n<!-- \/ Yoast SEO plugin. -->","yoast_head_json":{"title":"Macbook Pro 13\" 2019 8Gb\/128Gb Touchbar Hyv\u00e4kuntoinen - JCT-Huolto Kauppa","robots":{"index":"index","follow":"follow","max-snippet":"max-snippet:-1","max-image-preview":"max-image-preview:large","max-video-preview":"max-video-preview:-1"},"canonical":"https:\/\/www.jct-huolto.fi\/kauppa\/tuote\/macbook-pro-13-touch-bar-4\/","og_locale":"fi_FI","og_type":"article","og_title":"Macbook Pro 13\" 2019 8Gb\/128Gb Touchbar Hyv\u00e4kuntoinen - JCT-Huolto Kauppa","og_description":"Hyv\u00e4kuntoinen ja t\u00e4ydellisesti toimiva kompaktin kokoinen kone Touchbarilla ja kahdella Thunderbolt 3 -portilla. V\u00e4ri t\u00e4htiharmaa. Katso kuntoluokitukset &#8211; Intel i5-8257U (1,4 GHz) prosessori &#8211; 8Gb muisti &#8211; 128Gb SSD tallennustila &#8211; Iris Plus Graphics 645 n\u00e4yt\u00f6nohjain &#8211; Sormenj\u00e4lkilukija &#8211; macOS Sequioa- k\u00e4ytt\u00f6j\u00e4rjestelm\u00e4 &#8211; Akkua k\u00e4ytetty 198 latauskertaa (pit\u00e4\u00e4 hyvin varausta). &#8211; Mukaan laturi. &#8211; My\u00f6nn\u00e4mme [&hellip;]","og_url":"https:\/\/www.jct-huolto.fi\/kauppa\/tuote\/macbook-pro-13-touch-bar-4\/","og_site_name":"JCT-Huolto Kauppa","article_modified_time":"2026-01-12T17:06:19+00:00","og_image":[{"width":500,"height":887,"url":"https:\/\/www.jct-huolto.fi\/kauppa\/wp-content\/uploads\/2020\/10\/macbook_pro_13_2018_spacegray_1.jpg","type":"image\/jpeg"}],"twitter_card":"summary_large_image","twitter_misc":{"Arvioitu lukuaika":"1 minuutti"},"schema":{"@context":"https:\/\/schema.org","@graph":[{"@type":"WebPage","@id":"https:\/\/www.jct-huolto.fi\/kauppa\/tuote\/macbook-pro-13-touch-bar-4\/","url":"https:\/\/www.jct-huolto.fi\/kauppa\/tuote\/macbook-pro-13-touch-bar-4\/","name":"Macbook Pro 13\" 2019 8Gb\/128Gb Touchbar Hyv\u00e4kuntoinen - JCT-Huolto Kauppa","isPartOf":{"@id":"https:\/\/www.jct-huolto.fi\/kauppa\/#website"},"datePublished":"2020-10-27T13:31:08+00:00","dateModified":"2026-01-12T17:06:19+00:00","breadcrumb":{"@id":"https:\/\/www.jct-huolto.fi\/kauppa\/tuote\/macbook-pro-13-touch-bar-4\/#breadcrumb"},"inLanguage":"fi","potentialAction":[{"@type":"ReadAction","target":["https:\/\/www.jct-huolto.fi\/kauppa\/tuote\/macbook-pro-13-touch-bar-4\/"]}]},{"@type":"BreadcrumbList","@id":"https:\/\/www.jct-huolto.fi\/kauppa\/tuote\/macbook-pro-13-touch-bar-4\/#breadcrumb","itemListElement":[{"@type":"ListItem","position":1,"name":"Etusivu","item":"https:\/\/www.jct-huolto.fi\/kauppa\/"},{"@type":"ListItem","position":2,"name":"Kauppa","item":"https:\/\/www.jct-huolto.fi\/kauppa\/kauppa\/"},{"@type":"ListItem","position":3,"name":"Macbook Pro 13&#8243; 2019 8Gb\/128Gb Touchbar Hyv\u00e4kuntoinen"}]},{"@type":"WebSite","@id":"https:\/\/www.jct-huolto.fi\/kauppa\/#website","url":"https:\/\/www.jct-huolto.fi\/kauppa\/","name":"JCT-Huolto Kauppa","description":"K&auml;ytetyt puhelimet ja tietokoneet","publisher":{"@id":"https:\/\/www.jct-huolto.fi\/kauppa\/#organization"},"potentialAction":[{"@type":"SearchAction","target":{"@type":"EntryPoint","urlTemplate":"https:\/\/www.jct-huolto.fi\/kauppa\/?s={search_term_string}"},"query-input":"required name=search_term_string"}],"inLanguage":"fi"},{"@type":"Organization","@id":"https:\/\/www.jct-huolto.fi\/kauppa\/#organization","name":"JCT-Huolto Oy","url":"https:\/\/www.jct-huolto.fi\/kauppa\/","logo":{"@type":"ImageObject","inLanguage":"fi","@id":"https:\/\/www.jct-huolto.fi\/kauppa\/#\/schema\/logo\/image\/","url":"https:\/\/www.jct-huolto.fi\/kauppa\/wp-content\/uploads\/2019\/07\/cropped-kauppalogo2-1.jpg","contentUrl":"https:\/\/www.jct-huolto.fi\/kauppa\/wp-content\/uploads\/2019\/07\/cropped-kauppalogo2-1.jpg","width":320,"height":112,"caption":"JCT-Huolto Oy"},"image":{"@id":"https:\/\/www.jct-huolto.fi\/kauppa\/#\/schema\/logo\/image\/"}}]}},"_links":{"self":[{"href":"https:\/\/www.jct-huolto.fi\/kauppa\/wp-json\/wp\/v2\/product\/13839"}],"collection":[{"href":"https:\/\/www.jct-huolto.fi\/kauppa\/wp-json\/wp\/v2\/product"}],"about":[{"href":"https:\/\/www.jct-huolto.fi\/kauppa\/wp-json\/wp\/v2\/types\/product"}],"wp:featuredmedia":[{"embeddable":true,"href":"https:\/\/www.jct-huolto.fi\/kauppa\/wp-json\/wp\/v2\/media\/13844"}],"wp:attachment":[{"href":"https:\/\/www.jct-huolto.fi\/kauppa\/wp-json\/wp\/v2\/media?parent=13839"}],"wp:term":[{"taxonomy":"product_cat","embeddable":true,"href":"https:\/\/www.jct-huolto.fi\/kauppa\/wp-json\/wp\/v2\/product_cat?post=13839"},{"taxonomy":"product_tag","embeddable":true,"href":"https:\/\/www.jct-huolto.fi\/kauppa\/wp-json\/wp\/v2\/product_tag?post=13839"}],"curies":[{"name":"wp","href":"https:\/\/api.w.org\/{rel}","templated":true}]}}