{"id":13796,"date":"2020-10-20T14:15:42","date_gmt":"2020-10-20T11:15:42","guid":{"rendered":"https:\/\/www.jct-huolto.fi\/kauppa\/?post_type=product&#038;p=13796"},"modified":"2022-04-05T10:32:39","modified_gmt":"2022-04-05T07:32:39","slug":"macbook-pro-13-retina-early-2015-2","status":"publish","type":"product","link":"https:\/\/www.jct-huolto.fi\/kauppa\/tuote\/macbook-pro-13-retina-early-2015-2\/","title":{"rendered":"Macbook Pro 13&#8243; Retina Early 2015 16\/512 Huippukuntoinen"},"content":{"rendered":"<p>Huippukuntoinen ja t\u00e4ydellisesti toimiva kone isolla muistilla ja tallennustilalla.<br \/>\n<a href=\"https:\/\/www.jct-huolto.fi\/kauppa\/kuntoluokitukset\/\" target=\"_blank\" rel=\"noopener noreferrer\"><em>Katso kuntoluokitukset<\/em><\/a><\/p>\n<p>&#8211; Intel i5-5287U (2,9GHz) prosessori<br \/>\n&#8211; 16Gb DDR3 muisti<br \/>\n&#8211; 512Gb SSD-levy<br \/>\n&#8211; Intel Iris Graphics 6100-n\u00e4yt\u00f6nohjain<br \/>\n&#8211; macOS Monterey- k\u00e4ytt\u00f6j\u00e4rjestelm\u00e4<br \/>\n&#8211; Akku pit\u00e4\u00e4 hyvin varausta, k\u00e4ytetty 452 latauskertaa.<br \/>\n&#8211; Alkuper\u00e4inen laturi mukaan.<br \/>\n&#8211; My\u00f6nn\u00e4mme laitteelle 6kk takuun.<br \/>\n&#8211; Sis. alv 24%<\/p>\n","protected":false},"excerpt":{"rendered":"<p>Huippukuntoinen ja t\u00e4ydellisesti toimiva kone isolla muistilla ja tallennustilalla. Katso kuntoluokitukset &#8211; Intel i5-5287U (2,9GHz) prosessori &#8211; 16Gb DDR3 muisti &#8211; 512Gb SSD-levy &#8211; Intel Iris Graphics 6100-n\u00e4yt\u00f6nohjain &#8211; macOS Monterey- k\u00e4ytt\u00f6j\u00e4rjestelm\u00e4 &#8211; Akku pit\u00e4\u00e4 hyvin varausta, k\u00e4ytetty 452 latauskertaa. &#8211; Alkuper\u00e4inen laturi mukaan. &#8211; My\u00f6nn\u00e4mme laitteelle 6kk takuun. &#8211; Sis. alv 24%<\/p>\n","protected":false},"featured_media":1153,"template":"","meta":[],"product_cat":[20,33],"product_tag":[],"yoast_head":"<!-- This site is optimized with the Yoast SEO plugin v21.9.1 - https:\/\/yoast.com\/wordpress\/plugins\/seo\/ -->\n<title>Macbook Pro 13&quot; Retina Early 2015 16\/512 Huippukuntoinen - JCT-Huolto Kauppa<\/title>\n<meta name=\"robots\" content=\"index, follow, max-snippet:-1, max-image-preview:large, max-video-preview:-1\" \/>\n<link rel=\"canonical\" href=\"https:\/\/www.jct-huolto.fi\/kauppa\/tuote\/macbook-pro-13-retina-early-2015-2\/\" \/>\n<meta property=\"og:locale\" content=\"fi_FI\" \/>\n<meta property=\"og:type\" content=\"article\" \/>\n<meta property=\"og:title\" content=\"Macbook Pro 13&quot; Retina Early 2015 16\/512 Huippukuntoinen - JCT-Huolto Kauppa\" \/>\n<meta property=\"og:description\" content=\"Huippukuntoinen ja t\u00e4ydellisesti toimiva kone isolla muistilla ja tallennustilalla. Katso kuntoluokitukset &#8211; Intel i5-5287U (2,9GHz) prosessori &#8211; 16Gb DDR3 muisti &#8211; 512Gb SSD-levy &#8211; Intel Iris Graphics 6100-n\u00e4yt\u00f6nohjain &#8211; macOS Monterey- k\u00e4ytt\u00f6j\u00e4rjestelm\u00e4 &#8211; Akku pit\u00e4\u00e4 hyvin varausta, k\u00e4ytetty 452 latauskertaa. &#8211; Alkuper\u00e4inen laturi mukaan. &#8211; My\u00f6nn\u00e4mme laitteelle 6kk takuun. &#8211; Sis. alv 24%\" \/>\n<meta property=\"og:url\" content=\"https:\/\/www.jct-huolto.fi\/kauppa\/tuote\/macbook-pro-13-retina-early-2015-2\/\" \/>\n<meta property=\"og:site_name\" content=\"JCT-Huolto Kauppa\" \/>\n<meta property=\"article:modified_time\" content=\"2022-04-05T07:32:39+00:00\" \/>\n<meta property=\"og:image\" content=\"https:\/\/www.jct-huolto.fi\/kauppa\/wp-content\/uploads\/2019\/11\/macbook_pro_13_2015_early_1.jpg\" \/>\n\t<meta property=\"og:image:width\" content=\"500\" \/>\n\t<meta property=\"og:image:height\" content=\"887\" \/>\n\t<meta property=\"og:image:type\" content=\"image\/jpeg\" \/>\n<meta name=\"twitter:card\" content=\"summary_large_image\" \/>\n<script type=\"application\/ld+json\" class=\"yoast-schema-graph\">{\"@context\":\"https:\/\/schema.org\",\"@graph\":[{\"@type\":\"WebPage\",\"@id\":\"https:\/\/www.jct-huolto.fi\/kauppa\/tuote\/macbook-pro-13-retina-early-2015-2\/\",\"url\":\"https:\/\/www.jct-huolto.fi\/kauppa\/tuote\/macbook-pro-13-retina-early-2015-2\/\",\"name\":\"Macbook Pro 13\\\" Retina Early 2015 16\/512 Huippukuntoinen - JCT-Huolto Kauppa\",\"isPartOf\":{\"@id\":\"https:\/\/www.jct-huolto.fi\/kauppa\/#website\"},\"datePublished\":\"2020-10-20T11:15:42+00:00\",\"dateModified\":\"2022-04-05T07:32:39+00:00\",\"breadcrumb\":{\"@id\":\"https:\/\/www.jct-huolto.fi\/kauppa\/tuote\/macbook-pro-13-retina-early-2015-2\/#breadcrumb\"},\"inLanguage\":\"fi\",\"potentialAction\":[{\"@type\":\"ReadAction\",\"target\":[\"https:\/\/www.jct-huolto.fi\/kauppa\/tuote\/macbook-pro-13-retina-early-2015-2\/\"]}]},{\"@type\":\"BreadcrumbList\",\"@id\":\"https:\/\/www.jct-huolto.fi\/kauppa\/tuote\/macbook-pro-13-retina-early-2015-2\/#breadcrumb\",\"itemListElement\":[{\"@type\":\"ListItem\",\"position\":1,\"name\":\"Etusivu\",\"item\":\"https:\/\/www.jct-huolto.fi\/kauppa\/\"},{\"@type\":\"ListItem\",\"position\":2,\"name\":\"Kauppa\",\"item\":\"https:\/\/www.jct-huolto.fi\/kauppa\/kauppa\/\"},{\"@type\":\"ListItem\",\"position\":3,\"name\":\"Macbook Pro 13&#8243; Retina Early 2015 16\/512 Huippukuntoinen\"}]},{\"@type\":\"WebSite\",\"@id\":\"https:\/\/www.jct-huolto.fi\/kauppa\/#website\",\"url\":\"https:\/\/www.jct-huolto.fi\/kauppa\/\",\"name\":\"JCT-Huolto Kauppa\",\"description\":\"K&auml;ytetyt puhelimet ja tietokoneet\",\"publisher\":{\"@id\":\"https:\/\/www.jct-huolto.fi\/kauppa\/#organization\"},\"potentialAction\":[{\"@type\":\"SearchAction\",\"target\":{\"@type\":\"EntryPoint\",\"urlTemplate\":\"https:\/\/www.jct-huolto.fi\/kauppa\/?s={search_term_string}\"},\"query-input\":\"required name=search_term_string\"}],\"inLanguage\":\"fi\"},{\"@type\":\"Organization\",\"@id\":\"https:\/\/www.jct-huolto.fi\/kauppa\/#organization\",\"name\":\"JCT-Huolto Oy\",\"url\":\"https:\/\/www.jct-huolto.fi\/kauppa\/\",\"logo\":{\"@type\":\"ImageObject\",\"inLanguage\":\"fi\",\"@id\":\"https:\/\/www.jct-huolto.fi\/kauppa\/#\/schema\/logo\/image\/\",\"url\":\"https:\/\/www.jct-huolto.fi\/kauppa\/wp-content\/uploads\/2019\/07\/cropped-kauppalogo2-1.jpg\",\"contentUrl\":\"https:\/\/www.jct-huolto.fi\/kauppa\/wp-content\/uploads\/2019\/07\/cropped-kauppalogo2-1.jpg\",\"width\":320,\"height\":112,\"caption\":\"JCT-Huolto Oy\"},\"image\":{\"@id\":\"https:\/\/www.jct-huolto.fi\/kauppa\/#\/schema\/logo\/image\/\"}}]}<\/script>\n<!-- \/ Yoast SEO plugin. -->","yoast_head_json":{"title":"Macbook Pro 13\" Retina Early 2015 16\/512 Huippukuntoinen - JCT-Huolto Kauppa","robots":{"index":"index","follow":"follow","max-snippet":"max-snippet:-1","max-image-preview":"max-image-preview:large","max-video-preview":"max-video-preview:-1"},"canonical":"https:\/\/www.jct-huolto.fi\/kauppa\/tuote\/macbook-pro-13-retina-early-2015-2\/","og_locale":"fi_FI","og_type":"article","og_title":"Macbook Pro 13\" Retina Early 2015 16\/512 Huippukuntoinen - JCT-Huolto Kauppa","og_description":"Huippukuntoinen ja t\u00e4ydellisesti toimiva kone isolla muistilla ja tallennustilalla. Katso kuntoluokitukset &#8211; Intel i5-5287U (2,9GHz) prosessori &#8211; 16Gb DDR3 muisti &#8211; 512Gb SSD-levy &#8211; Intel Iris Graphics 6100-n\u00e4yt\u00f6nohjain &#8211; macOS Monterey- k\u00e4ytt\u00f6j\u00e4rjestelm\u00e4 &#8211; Akku pit\u00e4\u00e4 hyvin varausta, k\u00e4ytetty 452 latauskertaa. &#8211; Alkuper\u00e4inen laturi mukaan. &#8211; My\u00f6nn\u00e4mme laitteelle 6kk takuun. &#8211; Sis. alv 24%","og_url":"https:\/\/www.jct-huolto.fi\/kauppa\/tuote\/macbook-pro-13-retina-early-2015-2\/","og_site_name":"JCT-Huolto Kauppa","article_modified_time":"2022-04-05T07:32:39+00:00","og_image":[{"width":500,"height":887,"url":"https:\/\/www.jct-huolto.fi\/kauppa\/wp-content\/uploads\/2019\/11\/macbook_pro_13_2015_early_1.jpg","type":"image\/jpeg"}],"twitter_card":"summary_large_image","schema":{"@context":"https:\/\/schema.org","@graph":[{"@type":"WebPage","@id":"https:\/\/www.jct-huolto.fi\/kauppa\/tuote\/macbook-pro-13-retina-early-2015-2\/","url":"https:\/\/www.jct-huolto.fi\/kauppa\/tuote\/macbook-pro-13-retina-early-2015-2\/","name":"Macbook Pro 13\" Retina Early 2015 16\/512 Huippukuntoinen - JCT-Huolto Kauppa","isPartOf":{"@id":"https:\/\/www.jct-huolto.fi\/kauppa\/#website"},"datePublished":"2020-10-20T11:15:42+00:00","dateModified":"2022-04-05T07:32:39+00:00","breadcrumb":{"@id":"https:\/\/www.jct-huolto.fi\/kauppa\/tuote\/macbook-pro-13-retina-early-2015-2\/#breadcrumb"},"inLanguage":"fi","potentialAction":[{"@type":"ReadAction","target":["https:\/\/www.jct-huolto.fi\/kauppa\/tuote\/macbook-pro-13-retina-early-2015-2\/"]}]},{"@type":"BreadcrumbList","@id":"https:\/\/www.jct-huolto.fi\/kauppa\/tuote\/macbook-pro-13-retina-early-2015-2\/#breadcrumb","itemListElement":[{"@type":"ListItem","position":1,"name":"Etusivu","item":"https:\/\/www.jct-huolto.fi\/kauppa\/"},{"@type":"ListItem","position":2,"name":"Kauppa","item":"https:\/\/www.jct-huolto.fi\/kauppa\/kauppa\/"},{"@type":"ListItem","position":3,"name":"Macbook Pro 13&#8243; Retina Early 2015 16\/512 Huippukuntoinen"}]},{"@type":"WebSite","@id":"https:\/\/www.jct-huolto.fi\/kauppa\/#website","url":"https:\/\/www.jct-huolto.fi\/kauppa\/","name":"JCT-Huolto Kauppa","description":"K&auml;ytetyt puhelimet ja tietokoneet","publisher":{"@id":"https:\/\/www.jct-huolto.fi\/kauppa\/#organization"},"potentialAction":[{"@type":"SearchAction","target":{"@type":"EntryPoint","urlTemplate":"https:\/\/www.jct-huolto.fi\/kauppa\/?s={search_term_string}"},"query-input":"required name=search_term_string"}],"inLanguage":"fi"},{"@type":"Organization","@id":"https:\/\/www.jct-huolto.fi\/kauppa\/#organization","name":"JCT-Huolto Oy","url":"https:\/\/www.jct-huolto.fi\/kauppa\/","logo":{"@type":"ImageObject","inLanguage":"fi","@id":"https:\/\/www.jct-huolto.fi\/kauppa\/#\/schema\/logo\/image\/","url":"https:\/\/www.jct-huolto.fi\/kauppa\/wp-content\/uploads\/2019\/07\/cropped-kauppalogo2-1.jpg","contentUrl":"https:\/\/www.jct-huolto.fi\/kauppa\/wp-content\/uploads\/2019\/07\/cropped-kauppalogo2-1.jpg","width":320,"height":112,"caption":"JCT-Huolto Oy"},"image":{"@id":"https:\/\/www.jct-huolto.fi\/kauppa\/#\/schema\/logo\/image\/"}}]}},"_links":{"self":[{"href":"https:\/\/www.jct-huolto.fi\/kauppa\/wp-json\/wp\/v2\/product\/13796"}],"collection":[{"href":"https:\/\/www.jct-huolto.fi\/kauppa\/wp-json\/wp\/v2\/product"}],"about":[{"href":"https:\/\/www.jct-huolto.fi\/kauppa\/wp-json\/wp\/v2\/types\/product"}],"wp:featuredmedia":[{"embeddable":true,"href":"https:\/\/www.jct-huolto.fi\/kauppa\/wp-json\/wp\/v2\/media\/1153"}],"wp:attachment":[{"href":"https:\/\/www.jct-huolto.fi\/kauppa\/wp-json\/wp\/v2\/media?parent=13796"}],"wp:term":[{"taxonomy":"product_cat","embeddable":true,"href":"https:\/\/www.jct-huolto.fi\/kauppa\/wp-json\/wp\/v2\/product_cat?post=13796"},{"taxonomy":"product_tag","embeddable":true,"href":"https:\/\/www.jct-huolto.fi\/kauppa\/wp-json\/wp\/v2\/product_tag?post=13796"}],"curies":[{"name":"wp","href":"https:\/\/api.w.org\/{rel}","templated":true}]}}