{"id":13659,"date":"2020-09-25T16:36:15","date_gmt":"2020-09-25T13:36:15","guid":{"rendered":"https:\/\/www.jct-huolto.fi\/kauppa\/?post_type=product&#038;p=13659"},"modified":"2020-12-14T12:40:27","modified_gmt":"2020-12-14T10:40:27","slug":"lenovo-yoga-910-13-9-touch-i5-8gb-256gb-sis-alv","status":"publish","type":"product","link":"https:\/\/www.jct-huolto.fi\/kauppa\/tuote\/lenovo-yoga-910-13-9-touch-i5-8gb-256gb-sis-alv\/","title":{"rendered":"Lenovo Yoga 910 13.9&#8243; Touch i5\/8Gb\/256Gb sis. ALV"},"content":{"rendered":"<p>Uudenveroinen ja t\u00e4ydellisesti toimiva ohut kevytrakenteinen kannettava kosketusn\u00e4yt\u00f6ll\u00e4. Ymp\u00e4ritaittuvalla n\u00e4yt\u00f6ll\u00e4 kone muuntuu helposti my\u00f6s tabletiksi.<br \/>\nHuom! Koneessa on englanninkielinen (UK) n\u00e4pp\u00e4imist\u00f6asettelu (FIN\/SWE tarraliuska tulee mukaan).<br \/>\n<a href=\"https:\/\/www.jct-huolto.fi\/kauppa\/kuntoluokitukset\/\" target=\"_blank\" rel=\"noopener noreferrer\"><em>Katso kuntoluokitukset<\/em><\/a><\/p>\n<p>\u2013 Malli Yoga 910-13IKB, Champagne Gold v\u00e4rinen alumiinirunko, taustavalaistu n\u00e4pp\u00e4imist\u00f6<br \/>\n\u2013 Intel Core i5-7200U -prosessori (7. sukupolvi)<br \/>\n\u2013 8 Gb DDR4 muisti<br \/>\n\u2013 256Gb Nopea NvMe SSD-levy<br \/>\n\u2013 13,9\u2033 FHD (1920 x 1080) kosketusn\u00e4ytt\u00f6<br \/>\n\u2013 Intel UHD Graphics 620<br \/>\n\u2013 Liit\u00e4nn\u00e4t 2 x USB Type-C -portti (Thunderbolt), 1x perus USB 3.0, 3,5mm-kuulokeliit\u00e4nt\u00e4, sormenj\u00e4lkilukija<br \/>\n\u2013 Windows 10 Home FI k\u00e4ytt\u00f6j\u00e4rjestelm\u00e4<br \/>\n\u2013 Alkuper\u00e4inen myyntipakkaus + laturi<br \/>\n\u2013 My\u00f6nn\u00e4mme laitteelle 6kk takuun<br \/>\n&#8211; Sis. ALV 24%<\/p>\n","protected":false},"excerpt":{"rendered":"<p>Uudenveroinen ja t\u00e4ydellisesti toimiva ohut kevytrakenteinen kannettava kosketusn\u00e4yt\u00f6ll\u00e4. Ymp\u00e4ritaittuvalla n\u00e4yt\u00f6ll\u00e4 kone muuntuu helposti my\u00f6s tabletiksi. Huom! Koneessa on englanninkielinen (UK) n\u00e4pp\u00e4imist\u00f6asettelu (FIN\/SWE tarraliuska tulee mukaan). Katso kuntoluokitukset \u2013 Malli Yoga 910-13IKB, Champagne Gold v\u00e4rinen alumiinirunko, taustavalaistu n\u00e4pp\u00e4imist\u00f6 \u2013 Intel Core i5-7200U -prosessori (7. sukupolvi) \u2013 8 Gb DDR4 muisti \u2013 256Gb Nopea NvMe SSD-levy \u2013 [&hellip;]<\/p>\n","protected":false},"featured_media":13668,"template":"","meta":[],"product_cat":[62,20,52],"product_tag":[],"yoast_head":"<!-- This site is optimized with the Yoast SEO plugin v21.9.1 - https:\/\/yoast.com\/wordpress\/plugins\/seo\/ -->\n<title>Lenovo Yoga 910 13.9&quot; Touch i5\/8Gb\/256Gb sis. ALV - JCT-Huolto Kauppa<\/title>\n<meta name=\"robots\" content=\"index, follow, max-snippet:-1, max-image-preview:large, max-video-preview:-1\" \/>\n<link rel=\"canonical\" href=\"https:\/\/www.jct-huolto.fi\/kauppa\/tuote\/lenovo-yoga-910-13-9-touch-i5-8gb-256gb-sis-alv\/\" \/>\n<meta property=\"og:locale\" content=\"fi_FI\" \/>\n<meta property=\"og:type\" content=\"article\" \/>\n<meta property=\"og:title\" content=\"Lenovo Yoga 910 13.9&quot; Touch i5\/8Gb\/256Gb sis. ALV - JCT-Huolto Kauppa\" \/>\n<meta property=\"og:description\" content=\"Uudenveroinen ja t\u00e4ydellisesti toimiva ohut kevytrakenteinen kannettava kosketusn\u00e4yt\u00f6ll\u00e4. Ymp\u00e4ritaittuvalla n\u00e4yt\u00f6ll\u00e4 kone muuntuu helposti my\u00f6s tabletiksi. Huom! Koneessa on englanninkielinen (UK) n\u00e4pp\u00e4imist\u00f6asettelu (FIN\/SWE tarraliuska tulee mukaan). Katso kuntoluokitukset \u2013 Malli Yoga 910-13IKB, Champagne Gold v\u00e4rinen alumiinirunko, taustavalaistu n\u00e4pp\u00e4imist\u00f6 \u2013 Intel Core i5-7200U -prosessori (7. sukupolvi) \u2013 8 Gb DDR4 muisti \u2013 256Gb Nopea NvMe SSD-levy \u2013 [&hellip;]\" \/>\n<meta property=\"og:url\" content=\"https:\/\/www.jct-huolto.fi\/kauppa\/tuote\/lenovo-yoga-910-13-9-touch-i5-8gb-256gb-sis-alv\/\" \/>\n<meta property=\"og:site_name\" content=\"JCT-Huolto Kauppa\" \/>\n<meta property=\"article:modified_time\" content=\"2020-12-14T10:40:27+00:00\" \/>\n<meta property=\"og:image\" content=\"https:\/\/www.jct-huolto.fi\/kauppa\/wp-content\/uploads\/2020\/09\/Yoga910_uk_keyboard_02.jpg\" \/>\n\t<meta property=\"og:image:width\" content=\"375\" \/>\n\t<meta property=\"og:image:height\" content=\"500\" \/>\n\t<meta property=\"og:image:type\" content=\"image\/jpeg\" \/>\n<meta name=\"twitter:card\" content=\"summary_large_image\" \/>\n<meta name=\"twitter:label1\" content=\"Arvioitu lukuaika\" \/>\n\t<meta name=\"twitter:data1\" content=\"1 minuutti\" \/>\n<script type=\"application\/ld+json\" class=\"yoast-schema-graph\">{\"@context\":\"https:\/\/schema.org\",\"@graph\":[{\"@type\":\"WebPage\",\"@id\":\"https:\/\/www.jct-huolto.fi\/kauppa\/tuote\/lenovo-yoga-910-13-9-touch-i5-8gb-256gb-sis-alv\/\",\"url\":\"https:\/\/www.jct-huolto.fi\/kauppa\/tuote\/lenovo-yoga-910-13-9-touch-i5-8gb-256gb-sis-alv\/\",\"name\":\"Lenovo Yoga 910 13.9\\\" Touch i5\/8Gb\/256Gb sis. ALV - JCT-Huolto Kauppa\",\"isPartOf\":{\"@id\":\"https:\/\/www.jct-huolto.fi\/kauppa\/#website\"},\"datePublished\":\"2020-09-25T13:36:15+00:00\",\"dateModified\":\"2020-12-14T10:40:27+00:00\",\"breadcrumb\":{\"@id\":\"https:\/\/www.jct-huolto.fi\/kauppa\/tuote\/lenovo-yoga-910-13-9-touch-i5-8gb-256gb-sis-alv\/#breadcrumb\"},\"inLanguage\":\"fi\",\"potentialAction\":[{\"@type\":\"ReadAction\",\"target\":[\"https:\/\/www.jct-huolto.fi\/kauppa\/tuote\/lenovo-yoga-910-13-9-touch-i5-8gb-256gb-sis-alv\/\"]}]},{\"@type\":\"BreadcrumbList\",\"@id\":\"https:\/\/www.jct-huolto.fi\/kauppa\/tuote\/lenovo-yoga-910-13-9-touch-i5-8gb-256gb-sis-alv\/#breadcrumb\",\"itemListElement\":[{\"@type\":\"ListItem\",\"position\":1,\"name\":\"Etusivu\",\"item\":\"https:\/\/www.jct-huolto.fi\/kauppa\/\"},{\"@type\":\"ListItem\",\"position\":2,\"name\":\"Kauppa\",\"item\":\"https:\/\/www.jct-huolto.fi\/kauppa\/kauppa\/\"},{\"@type\":\"ListItem\",\"position\":3,\"name\":\"Lenovo Yoga 910 13.9&#8243; Touch i5\/8Gb\/256Gb sis. ALV\"}]},{\"@type\":\"WebSite\",\"@id\":\"https:\/\/www.jct-huolto.fi\/kauppa\/#website\",\"url\":\"https:\/\/www.jct-huolto.fi\/kauppa\/\",\"name\":\"JCT-Huolto Kauppa\",\"description\":\"K&auml;ytetyt puhelimet ja tietokoneet\",\"publisher\":{\"@id\":\"https:\/\/www.jct-huolto.fi\/kauppa\/#organization\"},\"potentialAction\":[{\"@type\":\"SearchAction\",\"target\":{\"@type\":\"EntryPoint\",\"urlTemplate\":\"https:\/\/www.jct-huolto.fi\/kauppa\/?s={search_term_string}\"},\"query-input\":\"required name=search_term_string\"}],\"inLanguage\":\"fi\"},{\"@type\":\"Organization\",\"@id\":\"https:\/\/www.jct-huolto.fi\/kauppa\/#organization\",\"name\":\"JCT-Huolto Oy\",\"url\":\"https:\/\/www.jct-huolto.fi\/kauppa\/\",\"logo\":{\"@type\":\"ImageObject\",\"inLanguage\":\"fi\",\"@id\":\"https:\/\/www.jct-huolto.fi\/kauppa\/#\/schema\/logo\/image\/\",\"url\":\"https:\/\/www.jct-huolto.fi\/kauppa\/wp-content\/uploads\/2019\/07\/cropped-kauppalogo2-1.jpg\",\"contentUrl\":\"https:\/\/www.jct-huolto.fi\/kauppa\/wp-content\/uploads\/2019\/07\/cropped-kauppalogo2-1.jpg\",\"width\":320,\"height\":112,\"caption\":\"JCT-Huolto Oy\"},\"image\":{\"@id\":\"https:\/\/www.jct-huolto.fi\/kauppa\/#\/schema\/logo\/image\/\"}}]}<\/script>\n<!-- \/ Yoast SEO plugin. -->","yoast_head_json":{"title":"Lenovo Yoga 910 13.9\" Touch i5\/8Gb\/256Gb sis. ALV - JCT-Huolto Kauppa","robots":{"index":"index","follow":"follow","max-snippet":"max-snippet:-1","max-image-preview":"max-image-preview:large","max-video-preview":"max-video-preview:-1"},"canonical":"https:\/\/www.jct-huolto.fi\/kauppa\/tuote\/lenovo-yoga-910-13-9-touch-i5-8gb-256gb-sis-alv\/","og_locale":"fi_FI","og_type":"article","og_title":"Lenovo Yoga 910 13.9\" Touch i5\/8Gb\/256Gb sis. ALV - JCT-Huolto Kauppa","og_description":"Uudenveroinen ja t\u00e4ydellisesti toimiva ohut kevytrakenteinen kannettava kosketusn\u00e4yt\u00f6ll\u00e4. Ymp\u00e4ritaittuvalla n\u00e4yt\u00f6ll\u00e4 kone muuntuu helposti my\u00f6s tabletiksi. Huom! Koneessa on englanninkielinen (UK) n\u00e4pp\u00e4imist\u00f6asettelu (FIN\/SWE tarraliuska tulee mukaan). Katso kuntoluokitukset \u2013 Malli Yoga 910-13IKB, Champagne Gold v\u00e4rinen alumiinirunko, taustavalaistu n\u00e4pp\u00e4imist\u00f6 \u2013 Intel Core i5-7200U -prosessori (7. sukupolvi) \u2013 8 Gb DDR4 muisti \u2013 256Gb Nopea NvMe SSD-levy \u2013 [&hellip;]","og_url":"https:\/\/www.jct-huolto.fi\/kauppa\/tuote\/lenovo-yoga-910-13-9-touch-i5-8gb-256gb-sis-alv\/","og_site_name":"JCT-Huolto Kauppa","article_modified_time":"2020-12-14T10:40:27+00:00","og_image":[{"width":375,"height":500,"url":"https:\/\/www.jct-huolto.fi\/kauppa\/wp-content\/uploads\/2020\/09\/Yoga910_uk_keyboard_02.jpg","type":"image\/jpeg"}],"twitter_card":"summary_large_image","twitter_misc":{"Arvioitu lukuaika":"1 minuutti"},"schema":{"@context":"https:\/\/schema.org","@graph":[{"@type":"WebPage","@id":"https:\/\/www.jct-huolto.fi\/kauppa\/tuote\/lenovo-yoga-910-13-9-touch-i5-8gb-256gb-sis-alv\/","url":"https:\/\/www.jct-huolto.fi\/kauppa\/tuote\/lenovo-yoga-910-13-9-touch-i5-8gb-256gb-sis-alv\/","name":"Lenovo Yoga 910 13.9\" Touch i5\/8Gb\/256Gb sis. ALV - JCT-Huolto Kauppa","isPartOf":{"@id":"https:\/\/www.jct-huolto.fi\/kauppa\/#website"},"datePublished":"2020-09-25T13:36:15+00:00","dateModified":"2020-12-14T10:40:27+00:00","breadcrumb":{"@id":"https:\/\/www.jct-huolto.fi\/kauppa\/tuote\/lenovo-yoga-910-13-9-touch-i5-8gb-256gb-sis-alv\/#breadcrumb"},"inLanguage":"fi","potentialAction":[{"@type":"ReadAction","target":["https:\/\/www.jct-huolto.fi\/kauppa\/tuote\/lenovo-yoga-910-13-9-touch-i5-8gb-256gb-sis-alv\/"]}]},{"@type":"BreadcrumbList","@id":"https:\/\/www.jct-huolto.fi\/kauppa\/tuote\/lenovo-yoga-910-13-9-touch-i5-8gb-256gb-sis-alv\/#breadcrumb","itemListElement":[{"@type":"ListItem","position":1,"name":"Etusivu","item":"https:\/\/www.jct-huolto.fi\/kauppa\/"},{"@type":"ListItem","position":2,"name":"Kauppa","item":"https:\/\/www.jct-huolto.fi\/kauppa\/kauppa\/"},{"@type":"ListItem","position":3,"name":"Lenovo Yoga 910 13.9&#8243; Touch i5\/8Gb\/256Gb sis. ALV"}]},{"@type":"WebSite","@id":"https:\/\/www.jct-huolto.fi\/kauppa\/#website","url":"https:\/\/www.jct-huolto.fi\/kauppa\/","name":"JCT-Huolto Kauppa","description":"K&auml;ytetyt puhelimet ja tietokoneet","publisher":{"@id":"https:\/\/www.jct-huolto.fi\/kauppa\/#organization"},"potentialAction":[{"@type":"SearchAction","target":{"@type":"EntryPoint","urlTemplate":"https:\/\/www.jct-huolto.fi\/kauppa\/?s={search_term_string}"},"query-input":"required name=search_term_string"}],"inLanguage":"fi"},{"@type":"Organization","@id":"https:\/\/www.jct-huolto.fi\/kauppa\/#organization","name":"JCT-Huolto Oy","url":"https:\/\/www.jct-huolto.fi\/kauppa\/","logo":{"@type":"ImageObject","inLanguage":"fi","@id":"https:\/\/www.jct-huolto.fi\/kauppa\/#\/schema\/logo\/image\/","url":"https:\/\/www.jct-huolto.fi\/kauppa\/wp-content\/uploads\/2019\/07\/cropped-kauppalogo2-1.jpg","contentUrl":"https:\/\/www.jct-huolto.fi\/kauppa\/wp-content\/uploads\/2019\/07\/cropped-kauppalogo2-1.jpg","width":320,"height":112,"caption":"JCT-Huolto Oy"},"image":{"@id":"https:\/\/www.jct-huolto.fi\/kauppa\/#\/schema\/logo\/image\/"}}]}},"_links":{"self":[{"href":"https:\/\/www.jct-huolto.fi\/kauppa\/wp-json\/wp\/v2\/product\/13659"}],"collection":[{"href":"https:\/\/www.jct-huolto.fi\/kauppa\/wp-json\/wp\/v2\/product"}],"about":[{"href":"https:\/\/www.jct-huolto.fi\/kauppa\/wp-json\/wp\/v2\/types\/product"}],"wp:featuredmedia":[{"embeddable":true,"href":"https:\/\/www.jct-huolto.fi\/kauppa\/wp-json\/wp\/v2\/media\/13668"}],"wp:attachment":[{"href":"https:\/\/www.jct-huolto.fi\/kauppa\/wp-json\/wp\/v2\/media?parent=13659"}],"wp:term":[{"taxonomy":"product_cat","embeddable":true,"href":"https:\/\/www.jct-huolto.fi\/kauppa\/wp-json\/wp\/v2\/product_cat?post=13659"},{"taxonomy":"product_tag","embeddable":true,"href":"https:\/\/www.jct-huolto.fi\/kauppa\/wp-json\/wp\/v2\/product_tag?post=13659"}],"curies":[{"name":"wp","href":"https:\/\/api.w.org\/{rel}","templated":true}]}}