{"id":892,"date":"2019-10-30T12:08:42","date_gmt":"2019-10-30T12:08:42","guid":{"rendered":"https:\/\/www.jct-huolto.fi\/kauppa\/?page_id=892"},"modified":"2022-03-10T12:50:19","modified_gmt":"2022-03-10T10:50:19","slug":"kuntoluokitukset","status":"publish","type":"page","link":"https:\/\/www.jct-huolto.fi\/kauppa\/kuntoluokitukset\/","title":{"rendered":"Kuntoluokitukset"},"content":{"rendered":"\n<p><strong>KUNTOLUOKITUKSET<\/strong><\/p>\n\n\n\n<p>Kaikki myym\u00e4mme laitteet ovat\nhuolellisesti tarkastettuja ja testattuja JCT-Huollon ammattilaisten\ntoimesta. Jokaisella laitteella on k\u00e4ytt\u00f6turva, joka koskee my\u00f6s\nakkuja. Tarvittaessa vaihdamme laitteiden vialliset osat uusiin.\nKuntoluokitukset kuvaavat vain laitteen kosmeettista kuntoa. Kaikki\nlaitteet k\u00e4yv\u00e4t l\u00e4pi standardoidun tarkastusprosessin\nasiantuntijoidemme toimesta. \n<\/p>\n\n\n\n<p><strong>Uudenveroinen<\/strong><\/p>\n\n\n\n<p>Tuote on uutta vastaavassa kunnossa. Siin\u00e4 ei ole k\u00e4yt\u00f6n j\u00e4lki\u00e4 ja kaikki ominaisuudet toimivat t\u00e4ydellisesti. <\/p>\n\n\n\n<p><strong>Huippukuntoinen<\/strong><\/p>\n\n\n\n<p>Tuote on eritt\u00e4in hyv\u00e4ss\u00e4 kunnossa.\nTuotteessa voi olla yksitt\u00e4isi\u00e4, l\u00e4hes huomaamattomia k\u00e4yt\u00f6n\nj\u00e4lki\u00e4. Tuote toimii t\u00e4ydellisesti.<\/p>\n\n\n\n<p><strong>Hyv\u00e4kuntoinen<\/strong><\/p>\n\n\n\n<p>Tuotteessa on jonkin verran tunnistettavia k\u00e4yt\u00f6n j\u00e4lki\u00e4, jotka eiv\u00e4t vaikuta tuotteen toimivuuteen. N\u00e4yt\u00f6ss\u00e4 voi olla havaittavissa kevytt\u00e4 pintanaarmua ja rungossa maltillista j\u00e4lke\u00e4.  Tuotteen kaikki ominaisuudet toimivat kuitenkin moitteettomasti. <\/p>\n\n\n\n<p><strong>Kohtalainen<\/strong><\/p>\n\n\n\n<p>Tuotteessa on\nselkeit\u00e4 k\u00e4yt\u00f6n j\u00e4lki\u00e4. Rungossa sek\u00e4 n\u00e4yt\u00f6ss\u00e4 on\nhavaittavissa naarmua tai kolhua. Tuotteen kaikki ominaisuudet\ntoimivat kuitenkin moitteettomasti.<\/p>\n","protected":false},"excerpt":{"rendered":"<p>KUNTOLUOKITUKSET Kaikki myym\u00e4mme laitteet ovat huolellisesti tarkastettuja ja testattuja JCT-Huollon ammattilaisten toimesta. Jokaisella laitteella on k\u00e4ytt\u00f6turva, joka koskee my\u00f6s akkuja. Tarvittaessa vaihdamme laitteiden vialliset osat uusiin. Kuntoluokitukset kuvaavat vain laitteen kosmeettista kuntoa. Kaikki laitteet k\u00e4yv\u00e4t l\u00e4pi standardoidun tarkastusprosessin asiantuntijoidemme toimesta. Uudenveroinen Tuote on uutta vastaavassa kunnossa. Siin\u00e4 ei ole k\u00e4yt\u00f6n j\u00e4lki\u00e4 ja kaikki ominaisuudet toimivat [&hellip;]<\/p>\n","protected":false},"author":1,"featured_media":0,"parent":0,"menu_order":0,"comment_status":"closed","ping_status":"closed","template":"","meta":{"footnotes":""},"yoast_head":"<!-- This site is optimized with the Yoast SEO plugin v21.9.1 - https:\/\/yoast.com\/wordpress\/plugins\/seo\/ -->\n<title>Kuntoluokitukset - JCT-Huolto Kauppa<\/title>\n<meta name=\"robots\" content=\"index, follow, max-snippet:-1, max-image-preview:large, max-video-preview:-1\" \/>\n<link rel=\"canonical\" href=\"https:\/\/www.jct-huolto.fi\/kauppa\/kuntoluokitukset\/\" \/>\n<meta property=\"og:locale\" content=\"fi_FI\" \/>\n<meta property=\"og:type\" content=\"article\" \/>\n<meta property=\"og:title\" content=\"Kuntoluokitukset - JCT-Huolto Kauppa\" \/>\n<meta property=\"og:description\" content=\"KUNTOLUOKITUKSET Kaikki myym\u00e4mme laitteet ovat huolellisesti tarkastettuja ja testattuja JCT-Huollon ammattilaisten toimesta. Jokaisella laitteella on k\u00e4ytt\u00f6turva, joka koskee my\u00f6s akkuja. Tarvittaessa vaihdamme laitteiden vialliset osat uusiin. Kuntoluokitukset kuvaavat vain laitteen kosmeettista kuntoa. Kaikki laitteet k\u00e4yv\u00e4t l\u00e4pi standardoidun tarkastusprosessin asiantuntijoidemme toimesta. Uudenveroinen Tuote on uutta vastaavassa kunnossa. Siin\u00e4 ei ole k\u00e4yt\u00f6n j\u00e4lki\u00e4 ja kaikki ominaisuudet toimivat [&hellip;]\" \/>\n<meta property=\"og:url\" content=\"https:\/\/www.jct-huolto.fi\/kauppa\/kuntoluokitukset\/\" \/>\n<meta property=\"og:site_name\" content=\"JCT-Huolto Kauppa\" \/>\n<meta property=\"article:modified_time\" content=\"2022-03-10T10:50:19+00:00\" \/>\n<meta name=\"twitter:card\" content=\"summary_large_image\" \/>\n<meta name=\"twitter:label1\" content=\"Arvioitu lukuaika\" \/>\n\t<meta name=\"twitter:data1\" content=\"1 minuutti\" \/>\n<script type=\"application\/ld+json\" class=\"yoast-schema-graph\">{\"@context\":\"https:\/\/schema.org\",\"@graph\":[{\"@type\":\"WebPage\",\"@id\":\"https:\/\/www.jct-huolto.fi\/kauppa\/kuntoluokitukset\/\",\"url\":\"https:\/\/www.jct-huolto.fi\/kauppa\/kuntoluokitukset\/\",\"name\":\"Kuntoluokitukset - JCT-Huolto Kauppa\",\"isPartOf\":{\"@id\":\"https:\/\/www.jct-huolto.fi\/kauppa\/#website\"},\"datePublished\":\"2019-10-30T12:08:42+00:00\",\"dateModified\":\"2022-03-10T10:50:19+00:00\",\"breadcrumb\":{\"@id\":\"https:\/\/www.jct-huolto.fi\/kauppa\/kuntoluokitukset\/#breadcrumb\"},\"inLanguage\":\"fi\",\"potentialAction\":[{\"@type\":\"ReadAction\",\"target\":[\"https:\/\/www.jct-huolto.fi\/kauppa\/kuntoluokitukset\/\"]}]},{\"@type\":\"BreadcrumbList\",\"@id\":\"https:\/\/www.jct-huolto.fi\/kauppa\/kuntoluokitukset\/#breadcrumb\",\"itemListElement\":[{\"@type\":\"ListItem\",\"position\":1,\"name\":\"Etusivu\",\"item\":\"https:\/\/www.jct-huolto.fi\/kauppa\/\"},{\"@type\":\"ListItem\",\"position\":2,\"name\":\"Kuntoluokitukset\"}]},{\"@type\":\"WebSite\",\"@id\":\"https:\/\/www.jct-huolto.fi\/kauppa\/#website\",\"url\":\"https:\/\/www.jct-huolto.fi\/kauppa\/\",\"name\":\"JCT-Huolto Kauppa\",\"description\":\"K&auml;ytetyt puhelimet ja tietokoneet\",\"publisher\":{\"@id\":\"https:\/\/www.jct-huolto.fi\/kauppa\/#organization\"},\"potentialAction\":[{\"@type\":\"SearchAction\",\"target\":{\"@type\":\"EntryPoint\",\"urlTemplate\":\"https:\/\/www.jct-huolto.fi\/kauppa\/?s={search_term_string}\"},\"query-input\":\"required name=search_term_string\"}],\"inLanguage\":\"fi\"},{\"@type\":\"Organization\",\"@id\":\"https:\/\/www.jct-huolto.fi\/kauppa\/#organization\",\"name\":\"JCT-Huolto Oy\",\"url\":\"https:\/\/www.jct-huolto.fi\/kauppa\/\",\"logo\":{\"@type\":\"ImageObject\",\"inLanguage\":\"fi\",\"@id\":\"https:\/\/www.jct-huolto.fi\/kauppa\/#\/schema\/logo\/image\/\",\"url\":\"https:\/\/www.jct-huolto.fi\/kauppa\/wp-content\/uploads\/2019\/07\/cropped-kauppalogo2-1.jpg\",\"contentUrl\":\"https:\/\/www.jct-huolto.fi\/kauppa\/wp-content\/uploads\/2019\/07\/cropped-kauppalogo2-1.jpg\",\"width\":320,\"height\":112,\"caption\":\"JCT-Huolto Oy\"},\"image\":{\"@id\":\"https:\/\/www.jct-huolto.fi\/kauppa\/#\/schema\/logo\/image\/\"}}]}<\/script>\n<!-- \/ Yoast SEO plugin. -->","yoast_head_json":{"title":"Kuntoluokitukset - JCT-Huolto Kauppa","robots":{"index":"index","follow":"follow","max-snippet":"max-snippet:-1","max-image-preview":"max-image-preview:large","max-video-preview":"max-video-preview:-1"},"canonical":"https:\/\/www.jct-huolto.fi\/kauppa\/kuntoluokitukset\/","og_locale":"fi_FI","og_type":"article","og_title":"Kuntoluokitukset - JCT-Huolto Kauppa","og_description":"KUNTOLUOKITUKSET Kaikki myym\u00e4mme laitteet ovat huolellisesti tarkastettuja ja testattuja JCT-Huollon ammattilaisten toimesta. Jokaisella laitteella on k\u00e4ytt\u00f6turva, joka koskee my\u00f6s akkuja. Tarvittaessa vaihdamme laitteiden vialliset osat uusiin. Kuntoluokitukset kuvaavat vain laitteen kosmeettista kuntoa. Kaikki laitteet k\u00e4yv\u00e4t l\u00e4pi standardoidun tarkastusprosessin asiantuntijoidemme toimesta. Uudenveroinen Tuote on uutta vastaavassa kunnossa. Siin\u00e4 ei ole k\u00e4yt\u00f6n j\u00e4lki\u00e4 ja kaikki ominaisuudet toimivat [&hellip;]","og_url":"https:\/\/www.jct-huolto.fi\/kauppa\/kuntoluokitukset\/","og_site_name":"JCT-Huolto Kauppa","article_modified_time":"2022-03-10T10:50:19+00:00","twitter_card":"summary_large_image","twitter_misc":{"Arvioitu lukuaika":"1 minuutti"},"schema":{"@context":"https:\/\/schema.org","@graph":[{"@type":"WebPage","@id":"https:\/\/www.jct-huolto.fi\/kauppa\/kuntoluokitukset\/","url":"https:\/\/www.jct-huolto.fi\/kauppa\/kuntoluokitukset\/","name":"Kuntoluokitukset - JCT-Huolto Kauppa","isPartOf":{"@id":"https:\/\/www.jct-huolto.fi\/kauppa\/#website"},"datePublished":"2019-10-30T12:08:42+00:00","dateModified":"2022-03-10T10:50:19+00:00","breadcrumb":{"@id":"https:\/\/www.jct-huolto.fi\/kauppa\/kuntoluokitukset\/#breadcrumb"},"inLanguage":"fi","potentialAction":[{"@type":"ReadAction","target":["https:\/\/www.jct-huolto.fi\/kauppa\/kuntoluokitukset\/"]}]},{"@type":"BreadcrumbList","@id":"https:\/\/www.jct-huolto.fi\/kauppa\/kuntoluokitukset\/#breadcrumb","itemListElement":[{"@type":"ListItem","position":1,"name":"Etusivu","item":"https:\/\/www.jct-huolto.fi\/kauppa\/"},{"@type":"ListItem","position":2,"name":"Kuntoluokitukset"}]},{"@type":"WebSite","@id":"https:\/\/www.jct-huolto.fi\/kauppa\/#website","url":"https:\/\/www.jct-huolto.fi\/kauppa\/","name":"JCT-Huolto Kauppa","description":"K&auml;ytetyt puhelimet ja tietokoneet","publisher":{"@id":"https:\/\/www.jct-huolto.fi\/kauppa\/#organization"},"potentialAction":[{"@type":"SearchAction","target":{"@type":"EntryPoint","urlTemplate":"https:\/\/www.jct-huolto.fi\/kauppa\/?s={search_term_string}"},"query-input":"required name=search_term_string"}],"inLanguage":"fi"},{"@type":"Organization","@id":"https:\/\/www.jct-huolto.fi\/kauppa\/#organization","name":"JCT-Huolto Oy","url":"https:\/\/www.jct-huolto.fi\/kauppa\/","logo":{"@type":"ImageObject","inLanguage":"fi","@id":"https:\/\/www.jct-huolto.fi\/kauppa\/#\/schema\/logo\/image\/","url":"https:\/\/www.jct-huolto.fi\/kauppa\/wp-content\/uploads\/2019\/07\/cropped-kauppalogo2-1.jpg","contentUrl":"https:\/\/www.jct-huolto.fi\/kauppa\/wp-content\/uploads\/2019\/07\/cropped-kauppalogo2-1.jpg","width":320,"height":112,"caption":"JCT-Huolto Oy"},"image":{"@id":"https:\/\/www.jct-huolto.fi\/kauppa\/#\/schema\/logo\/image\/"}}]}},"_links":{"self":[{"href":"https:\/\/www.jct-huolto.fi\/kauppa\/wp-json\/wp\/v2\/pages\/892"}],"collection":[{"href":"https:\/\/www.jct-huolto.fi\/kauppa\/wp-json\/wp\/v2\/pages"}],"about":[{"href":"https:\/\/www.jct-huolto.fi\/kauppa\/wp-json\/wp\/v2\/types\/page"}],"author":[{"embeddable":true,"href":"https:\/\/www.jct-huolto.fi\/kauppa\/wp-json\/wp\/v2\/users\/1"}],"replies":[{"embeddable":true,"href":"https:\/\/www.jct-huolto.fi\/kauppa\/wp-json\/wp\/v2\/comments?post=892"}],"version-history":[{"count":5,"href":"https:\/\/www.jct-huolto.fi\/kauppa\/wp-json\/wp\/v2\/pages\/892\/revisions"}],"predecessor-version":[{"id":17731,"href":"https:\/\/www.jct-huolto.fi\/kauppa\/wp-json\/wp\/v2\/pages\/892\/revisions\/17731"}],"wp:attachment":[{"href":"https:\/\/www.jct-huolto.fi\/kauppa\/wp-json\/wp\/v2\/media?parent=892"}],"curies":[{"name":"wp","href":"https:\/\/api.w.org\/{rel}","templated":true}]}}